{"id":73693,"date":"2021-02-21T19:29:02","date_gmt":"2021-02-21T19:29:02","guid":{"rendered":"https:\/\/www.autonvaraosahaku.fi\/?product=meyle-714-610-0009-hd-tukivarren-hela"},"modified":"2021-02-21T19:29:07","modified_gmt":"2021-02-21T19:29:07","slug":"meyle-714-610-0009-hd-tukivarren-hela","status":"publish","type":"product","link":"https:\/\/www.autonvaraosahaku.fi\/?product=meyle-714-610-0009-hd-tukivarren-hela","title":{"rendered":"MEYLE 714 610 0009\/HD Tukivarren hela"},"content":{"rendered":"<p>Asennuspuoli: Etuakseli, vasen, Etuakseli, oikea, Takana; Korkeus (mm): 73; Sis\u00e4l\u00e4pimitta [mm]: 22; Kierremitta: M12x1,75; Vahvistettu malli: ; lis\u00e4tieto: Quality; Alustanumeroon: 260; MAZDA: 5 CR19,3 BK,3 Stufenheck BK; VOLVO: V50 MW,C30,S40 II MS,C70 II Cabriolet; FORD: FOCUS II Kombi DA_,FOCUS II DA_,FOCUS C-MAX,KUGA I,C-MAX DM2,FOCUS II Stufenheck DA_,FOCUS II Cabriolet; 1234371, 1234375, 1254310, 1254311, 1305341, 1305342, 1309148, 1309149, 1309644, 1309645, 1328380, 1328381, 1328670, 1328671, 1332074, 1332075, 1348191, 1348192, 1355149, 1355151, 1362650, 1362651, 1420795, 1420858, 1477858, 1477860, 1488110, 1488111, 1502084, 1502086, 1502087, 1570284, 1570285, 1570748, 1570750, 1723323, 1723324, 3M513A423AG, 3M513A423AH, 3M513A423AJ, 3M513A424AG, 3M513A424AH, 3M513A424AJ, 4M513A423AA, 4M513A423AB, 4M513A423AC, 4M513A423AD, 4M513A423AE, 4M513A423AF, 4M513A423BA, 4M513A423BB, 4M513A424AA, 4M513A424AB, 4M513A424AC, 4M513A424AD, 4M513A424AE, 4M513A424AF, 4M513A424BA, 8V413A262AB, 8V413A423AB, 8V413A423AC, 8V413A424AB, 8V413A424AC, 30714126, 30714127, 30714422, 30714423, 30730829, 30730830, 30748230, 30748231, 30760279, 30760280, 31201180, 31201181, 31212979, 31212980, 31262037, 31262039, 31277462, 31277463, 31277464, 31277465<\/p>\n","protected":false},"excerpt":{"rendered":"<p>MEYLE Laakerihela, Tukivarsi 714 610 0009\/HD  MAZDA,VOLVO,FORD,5 CR19,3 BK,3 Stufenheck BK,V50 MW,C30,S40 II MS,C70 II Cabriolet,FOCUS II Kombi DA_<\/p>\n","protected":false},"featured_media":0,"template":"","meta":{"site-sidebar-layout":"default","site-content-layout":"default","ast-global-header-display":"","ast-main-header-display":"","ast-hfb-above-header-display":"","ast-hfb-below-header-display":"","ast-hfb-mobile-header-display":"","site-post-title":"","ast-breadcrumbs-content":"","ast-featured-img":"","footer-sml-layout":"","theme-transparent-header-meta":"","adv-header-id-meta":"","stick-header-meta":"","header-above-stick-meta":"","header-main-stick-meta":"","header-below-stick-meta":""},"pwb-brand":[84],"product_cat":[115],"product_tag":[],"class_list":{"0":"post-73693","1":"product","2":"type-product","3":"status-publish","5":"pwb-brand-meyle","6":"product_cat-tukivarren-hela","7":"desktop-align-left","8":"tablet-align-left","9":"mobile-align-left","11":"first","12":"instock","13":"product-type-external"},"brands":[{"id":84,"name":"MEYLE","slug":"meyle"}],"_links":{"self":[{"href":"https:\/\/www.autonvaraosahaku.fi\/index.php?rest_route=\/wp\/v2\/product\/73693","targetHints":{"allow":["GET"]}}],"collection":[{"href":"https:\/\/www.autonvaraosahaku.fi\/index.php?rest_route=\/wp\/v2\/product"}],"about":[{"href":"https:\/\/www.autonvaraosahaku.fi\/index.php?rest_route=\/wp\/v2\/types\/product"}],"wp:attachment":[{"href":"https:\/\/www.autonvaraosahaku.fi\/index.php?rest_route=%2Fwp%2Fv2%2Fmedia&parent=73693"}],"wp:term":[{"taxonomy":"pwb-brand","embeddable":true,"href":"https:\/\/www.autonvaraosahaku.fi\/index.php?rest_route=%2Fwp%2Fv2%2Fpwb-brand&post=73693"},{"taxonomy":"product_cat","embeddable":true,"href":"https:\/\/www.autonvaraosahaku.fi\/index.php?rest_route=%2Fwp%2Fv2%2Fproduct_cat&post=73693"},{"taxonomy":"product_tag","embeddable":true,"href":"https:\/\/www.autonvaraosahaku.fi\/index.php?rest_route=%2Fwp%2Fv2%2Fproduct_tag&post=73693"}],"curies":[{"name":"wp","href":"https:\/\/api.w.org\/{rel}","templated":true}]}}