{"id":73699,"date":"2021-02-21T19:29:02","date_gmt":"2021-02-21T19:29:02","guid":{"rendered":"https:\/\/www.autonvaraosahaku.fi\/?product=meyle-514-814-0002-kardaanin-kuminivel"},"modified":"2021-02-21T19:29:08","modified_gmt":"2021-02-21T19:29:08","slug":"meyle-514-814-0002-kardaanin-kuminivel","status":"publish","type":"product","link":"https:\/\/www.autonvaraosahaku.fi\/?product=meyle-514-814-0002-kardaanin-kuminivel","title":{"rendered":"MEYLE 514 814 0002 Kardaanin kuminivel"},"content":{"rendered":"<p>Asennuspuoli: Keskell\u00e4, Edess\u00e4; L\u00e4pimitta [mm]: 27; Lis\u00e4tarvike\/lis\u00e4tieto: Tarvikkeilla; Nivelmalli: Murrosnivel; M\u00e4\u00e4r\u00e4yksikk\u00f6: Kappale; Ulkol\u00e4pimitta [mm]: 27; Pituus (mm): 74,6; lis\u00e4tieto: ORIGINAL Quality; Vaihteistomalli: AW70; LAND ROVER: DEFENDER Station Wagon LD,DISCOVERY III TAA,DEFENDER Cabrio LD,DISCOVERY I LJ, LG,RANGE ROVER I AE, AN, HAA, HAB, HAM, HBM, RE, RN; VOLVO: 940 Kombi 945,740 744,240 P242, P244,940 944,760 704, 764,960 Kombi 965,960 964; FRC8387, 3520997; R\u00e4ttinivel,Nivel, Pitkitt\u00e4isakseli<\/p>\n","protected":false},"excerpt":{"rendered":"<p>MEYLE Kardaanin Kuminivel 514 814 0002 R\u00e4ttinivel,Nivel, Pitkitt\u00e4isakseli LAND ROVER,VOLVO,DEFENDER Station Wagon LD,DISCOVERY III TAA<\/p>\n","protected":false},"featured_media":0,"template":"","meta":{"site-sidebar-layout":"default","site-content-layout":"default","ast-global-header-display":"","ast-main-header-display":"","ast-hfb-above-header-display":"","ast-hfb-below-header-display":"","ast-hfb-mobile-header-display":"","site-post-title":"","ast-breadcrumbs-content":"","ast-featured-img":"","footer-sml-layout":"","theme-transparent-header-meta":"","adv-header-id-meta":"","stick-header-meta":"","header-above-stick-meta":"","header-main-stick-meta":"","header-below-stick-meta":""},"pwb-brand":[84],"product_cat":[56],"product_tag":[],"class_list":{"0":"post-73699","1":"product","2":"type-product","3":"status-publish","5":"pwb-brand-meyle","6":"product_cat-kardaanin-kuminivel","7":"desktop-align-left","8":"tablet-align-left","9":"mobile-align-left","11":"first","12":"instock","13":"product-type-external"},"brands":[{"id":84,"name":"MEYLE","slug":"meyle"}],"_links":{"self":[{"href":"https:\/\/www.autonvaraosahaku.fi\/index.php?rest_route=\/wp\/v2\/product\/73699","targetHints":{"allow":["GET"]}}],"collection":[{"href":"https:\/\/www.autonvaraosahaku.fi\/index.php?rest_route=\/wp\/v2\/product"}],"about":[{"href":"https:\/\/www.autonvaraosahaku.fi\/index.php?rest_route=\/wp\/v2\/types\/product"}],"wp:attachment":[{"href":"https:\/\/www.autonvaraosahaku.fi\/index.php?rest_route=%2Fwp%2Fv2%2Fmedia&parent=73699"}],"wp:term":[{"taxonomy":"pwb-brand","embeddable":true,"href":"https:\/\/www.autonvaraosahaku.fi\/index.php?rest_route=%2Fwp%2Fv2%2Fpwb-brand&post=73699"},{"taxonomy":"product_cat","embeddable":true,"href":"https:\/\/www.autonvaraosahaku.fi\/index.php?rest_route=%2Fwp%2Fv2%2Fproduct_cat&post=73699"},{"taxonomy":"product_tag","embeddable":true,"href":"https:\/\/www.autonvaraosahaku.fi\/index.php?rest_route=%2Fwp%2Fv2%2Fproduct_tag&post=73699"}],"curies":[{"name":"wp","href":"https:\/\/api.w.org\/{rel}","templated":true}]}}