{"id":73718,"date":"2021-02-21T19:29:09","date_gmt":"2021-02-21T19:29:09","guid":{"rendered":"https:\/\/www.autonvaraosahaku.fi\/?product=mapco-49745-alapallonivel"},"modified":"2021-02-21T19:29:15","modified_gmt":"2021-02-21T19:29:15","slug":"mapco-49745-alapallonivel","status":"publish","type":"product","link":"https:\/\/www.autonvaraosahaku.fi\/?product=mapco-49745-alapallonivel","title":{"rendered":"MAPCO 49745 Alapallonivel"},"content":{"rendered":"<p>Asennuspuoli: Etuakseli, vasen, Etuakseli, oikea, Alla; Tarvittava kappalem\u00e4\u00e4r\u00e4: 2; OPEL: FRONTERA B 6B_,FRONTERA A Sport 5_SUD2,FRONTERA A 5_MWL4,CAMPO TF_,MONTEREY A UBS_,MONTEREY B; VAUXHALL: FRONTERA Mk II B,FRONTERA Mk I A,MONTEREY,FRONTERA Mk I A Sport,BRAVA Pick-up; ISUZU: D-MAX 8DH,TROOPER UBS,D-MAX Pritsche\/Fahrgestell 8DH,TROOPER,TROOPER Soft Top UBS,TROOPER UB,CAMPO KB,TROOPER Soft Top,TROOPER Soft Top UB; 8944521020, 8944521021, 8944594651, 8944594652, 8980058750, 0352828, 352828, 94459465; Pallonivel<\/p>\n","protected":false},"excerpt":{"rendered":"<p>MAPCO Alapallonivel 49745 Pallonivel OPEL,VAUXHALL,ISUZU,FRONTERA B 6B_,FRONTERA A Sport 5_SUD2,FRONTERA A 5_MWL4,CAMPO TF_,MONTEREY A UBS_,MONTEREY B<\/p>\n","protected":false},"featured_media":0,"template":"","meta":{"site-sidebar-layout":"default","site-content-layout":"default","ast-global-header-display":"","ast-main-header-display":"","ast-hfb-above-header-display":"","ast-hfb-below-header-display":"","ast-hfb-mobile-header-display":"","site-post-title":"","ast-breadcrumbs-content":"","ast-featured-img":"","footer-sml-layout":"","theme-transparent-header-meta":"","adv-header-id-meta":"","stick-header-meta":"","header-above-stick-meta":"","header-main-stick-meta":"","header-below-stick-meta":""},"pwb-brand":[36],"product_cat":[93],"product_tag":[],"class_list":{"0":"post-73718","1":"product","2":"type-product","3":"status-publish","5":"pwb-brand-mapco","6":"product_cat-alapallonivel","7":"desktop-align-left","8":"tablet-align-left","9":"mobile-align-left","11":"first","12":"instock","13":"product-type-external"},"brands":[{"id":36,"name":"MAPCO","slug":"mapco"}],"_links":{"self":[{"href":"https:\/\/www.autonvaraosahaku.fi\/index.php?rest_route=\/wp\/v2\/product\/73718","targetHints":{"allow":["GET"]}}],"collection":[{"href":"https:\/\/www.autonvaraosahaku.fi\/index.php?rest_route=\/wp\/v2\/product"}],"about":[{"href":"https:\/\/www.autonvaraosahaku.fi\/index.php?rest_route=\/wp\/v2\/types\/product"}],"wp:attachment":[{"href":"https:\/\/www.autonvaraosahaku.fi\/index.php?rest_route=%2Fwp%2Fv2%2Fmedia&parent=73718"}],"wp:term":[{"taxonomy":"pwb-brand","embeddable":true,"href":"https:\/\/www.autonvaraosahaku.fi\/index.php?rest_route=%2Fwp%2Fv2%2Fpwb-brand&post=73718"},{"taxonomy":"product_cat","embeddable":true,"href":"https:\/\/www.autonvaraosahaku.fi\/index.php?rest_route=%2Fwp%2Fv2%2Fproduct_cat&post=73718"},{"taxonomy":"product_tag","embeddable":true,"href":"https:\/\/www.autonvaraosahaku.fi\/index.php?rest_route=%2Fwp%2Fv2%2Fproduct_tag&post=73718"}],"curies":[{"name":"wp","href":"https:\/\/api.w.org\/{rel}","templated":true}]}}