{"id":73737,"date":"2021-02-21T19:29:16","date_gmt":"2021-02-21T19:29:16","guid":{"rendered":"https:\/\/www.autonvaraosahaku.fi\/?product=vaico-v20-0619-oljynsuodatin"},"modified":"2021-02-21T19:29:22","modified_gmt":"2021-02-21T19:29:22","slug":"vaico-v20-0619-oljynsuodatin","status":"publish","type":"product","link":"https:\/\/www.autonvaraosahaku.fi\/?product=vaico-v20-0619-oljynsuodatin","title":{"rendered":"VAICO V20-0619 \u00d6ljynsuodatin"},"content":{"rendered":"<p>Sis\u00e4l\u00e4pimitta [mm]: 25; Ulkol\u00e4pimitta [mm]: 79,5; Ulkol\u00e4pimitta 1 [mm]: 79,5; Sis\u00e4l\u00e4pimitta 1 [mm]: 39; Korkeus (mm): 160,5; Paino [kg]: 0,228; Pakkausleveys [cm]: 8,8; Pakkauskorkeus [mm]: 17; Pakkaussyvyys [cm]: 8,8; lis\u00e4tieto: CST99; Valmistusvuosi alkaen: 04\/1990; BMW: 5 E39,5 Touring E39,X5 E53,7 E38,5 E34,7 E32,8 E31,5 Touring E34,Z8 E52; LAND ROVER: RANGE ROVER III LM; ALPINA: B10 E39,D10 E39,B10 Kombi E39; BENTLEY: ARNAGE RBS_; MORGAN: AERO 8; ROLLS-ROYCE: SILVER SERAPH; 11421435101, 11421745390, 11421745391, 11422236320, 11427510716, 11427510717, 1435101, 1745390, 1745391, 2236320, 7510716, 7510717, LPW000010, LPW500030<\/p>\n","protected":false},"excerpt":{"rendered":"<p>VAICO \u00d6ljynsuodatin V20-0619  BMW,LAND ROVER,ALPINA,5 E39,5 Touring E39,X5 E53,7 E38,5 E34,7 E32,8 E31,5 Touring E34,Z8 E52,RANGE ROVER III LM,B10 E39<\/p>\n","protected":false},"featured_media":0,"template":"","meta":{"site-sidebar-layout":"default","site-content-layout":"default","ast-global-header-display":"","ast-main-header-display":"","ast-hfb-above-header-display":"","ast-hfb-below-header-display":"","ast-hfb-mobile-header-display":"","site-post-title":"","ast-breadcrumbs-content":"","ast-featured-img":"","footer-sml-layout":"","theme-transparent-header-meta":"","adv-header-id-meta":"","stick-header-meta":"","header-above-stick-meta":"","header-main-stick-meta":"","header-below-stick-meta":""},"pwb-brand":[330],"product_cat":[30],"product_tag":[],"class_list":{"0":"post-73737","1":"product","2":"type-product","3":"status-publish","5":"pwb-brand-vaico","6":"product_cat-oljynsuodatin","7":"desktop-align-left","8":"tablet-align-left","9":"mobile-align-left","11":"first","12":"instock","13":"product-type-external"},"brands":[{"id":330,"name":"VAICO","slug":"vaico"}],"_links":{"self":[{"href":"https:\/\/www.autonvaraosahaku.fi\/index.php?rest_route=\/wp\/v2\/product\/73737","targetHints":{"allow":["GET"]}}],"collection":[{"href":"https:\/\/www.autonvaraosahaku.fi\/index.php?rest_route=\/wp\/v2\/product"}],"about":[{"href":"https:\/\/www.autonvaraosahaku.fi\/index.php?rest_route=\/wp\/v2\/types\/product"}],"wp:attachment":[{"href":"https:\/\/www.autonvaraosahaku.fi\/index.php?rest_route=%2Fwp%2Fv2%2Fmedia&parent=73737"}],"wp:term":[{"taxonomy":"pwb-brand","embeddable":true,"href":"https:\/\/www.autonvaraosahaku.fi\/index.php?rest_route=%2Fwp%2Fv2%2Fpwb-brand&post=73737"},{"taxonomy":"product_cat","embeddable":true,"href":"https:\/\/www.autonvaraosahaku.fi\/index.php?rest_route=%2Fwp%2Fv2%2Fproduct_cat&post=73737"},{"taxonomy":"product_tag","embeddable":true,"href":"https:\/\/www.autonvaraosahaku.fi\/index.php?rest_route=%2Fwp%2Fv2%2Fproduct_tag&post=73737"}],"curies":[{"name":"wp","href":"https:\/\/api.w.org\/{rel}","templated":true}]}}