{"id":73752,"date":"2021-02-21T19:29:24","date_gmt":"2021-02-21T19:29:24","guid":{"rendered":"https:\/\/www.autonvaraosahaku.fi\/?product=japanparts-ru-430-tukivarren-hela"},"modified":"2021-02-21T19:29:28","modified_gmt":"2021-02-21T19:29:28","slug":"japanparts-ru-430-tukivarren-hela","status":"publish","type":"product","link":"https:\/\/www.autonvaraosahaku.fi\/?product=japanparts-ru-430-tukivarren-hela","title":{"rendered":"JAPANPARTS RU-430 Tukivarren hela"},"content":{"rendered":"<p>Kokonaispituus (mm): 63; Sis\u00e4l\u00e4pimitta [mm]: 14,7; Ulkol\u00e4pimitta [mm]: 65,5; Asennuspuoli: etuakseli molemminpuoleinen, Edess\u00e4; HONDA: CIVIC VII Hatchback EU, EP, EV,CR-V II RD_,FR-V BE,CIVIC VII Coupe EM2,CIVIC VII Stufenheck ES; 51391S5A004, 51391S5A014, 51391S5A024, 51391S7A005, 51391S7A801<\/p>\n","protected":false},"excerpt":{"rendered":"<p>JAPANPARTS Tukivarren Hela RU-430  HONDA,CIVIC VII Hatchback EU, EP, EV,CR-V II RD_,FR-V BE,CIVIC VII Coupe EM2,CIVIC VII Stufenheck ES<\/p>\n","protected":false},"featured_media":0,"template":"","meta":{"site-sidebar-layout":"default","site-content-layout":"default","ast-global-header-display":"","ast-main-header-display":"","ast-hfb-above-header-display":"","ast-hfb-below-header-display":"","ast-hfb-mobile-header-display":"","site-post-title":"","ast-breadcrumbs-content":"","ast-featured-img":"","footer-sml-layout":"","theme-transparent-header-meta":"","adv-header-id-meta":"","stick-header-meta":"","header-above-stick-meta":"","header-main-stick-meta":"","header-below-stick-meta":""},"pwb-brand":[334],"product_cat":[115],"product_tag":[],"class_list":{"0":"post-73752","1":"product","2":"type-product","3":"status-publish","5":"pwb-brand-japanparts","6":"product_cat-tukivarren-hela","7":"desktop-align-left","8":"tablet-align-left","9":"mobile-align-left","11":"first","12":"instock","13":"product-type-external"},"brands":[{"id":334,"name":"JAPANPARTS","slug":"japanparts"}],"_links":{"self":[{"href":"https:\/\/www.autonvaraosahaku.fi\/index.php?rest_route=\/wp\/v2\/product\/73752","targetHints":{"allow":["GET"]}}],"collection":[{"href":"https:\/\/www.autonvaraosahaku.fi\/index.php?rest_route=\/wp\/v2\/product"}],"about":[{"href":"https:\/\/www.autonvaraosahaku.fi\/index.php?rest_route=\/wp\/v2\/types\/product"}],"wp:attachment":[{"href":"https:\/\/www.autonvaraosahaku.fi\/index.php?rest_route=%2Fwp%2Fv2%2Fmedia&parent=73752"}],"wp:term":[{"taxonomy":"pwb-brand","embeddable":true,"href":"https:\/\/www.autonvaraosahaku.fi\/index.php?rest_route=%2Fwp%2Fv2%2Fpwb-brand&post=73752"},{"taxonomy":"product_cat","embeddable":true,"href":"https:\/\/www.autonvaraosahaku.fi\/index.php?rest_route=%2Fwp%2Fv2%2Fproduct_cat&post=73752"},{"taxonomy":"product_tag","embeddable":true,"href":"https:\/\/www.autonvaraosahaku.fi\/index.php?rest_route=%2Fwp%2Fv2%2Fproduct_tag&post=73752"}],"curies":[{"name":"wp","href":"https:\/\/api.w.org\/{rel}","templated":true}]}}