{"id":73753,"date":"2021-02-21T19:29:24","date_gmt":"2021-02-21T19:29:24","guid":{"rendered":"https:\/\/www.autonvaraosahaku.fi\/?product=vaico-v10-1351-kallistuksenvakaajan-puslat"},"modified":"2021-02-21T19:29:28","modified_gmt":"2021-02-21T19:29:28","slug":"vaico-v10-1351-kallistuksenvakaajan-puslat","status":"publish","type":"product","link":"https:\/\/www.autonvaraosahaku.fi\/?product=vaico-v10-1351-kallistuksenvakaajan-puslat","title":{"rendered":"VAICO V10-1351 Kallistuksenvakaajan puslat"},"content":{"rendered":"<p>Kiinnitysmalli: Kumilaakeri; Asennuspuoli: Etuakseli; Sis\u00e4l\u00e4pimitta [mm]: 22; Paino [kg]: 0,0847; Pakkausleveys [cm]: 7,2; Pakkauskorkeus [mm]: 8,1; Pakkaussyvyys [cm]: 8,8; lis\u00e4tieto: CST99; PR-numerolle: 0AE; VW: GOLF IV 1J1,GOLF IV Variant 1J5,BORA 1J2,NEW BEETLE 9C1, 1C1,BORA Kombi 1J6,NEW BEETLE Cabriolet 1Y7,BORA,GOLF IV Van 1J1; AUDI: A3 8L1,TT 8N3,TT Roadster 8N9; SKODA: OCTAVIA Combi 1U5,OCTAVIA 1U2; SEAT: LEON 1M1,TOLEDO II 1M2; 1J0411305R, 1J0411314G, 1J0411314T, 8N0411303G, 8N0411303H, 1J0411305R, 1J0411314G, 1J0411314T, 8N0411303G, 8N0411303H, 1J0411305R, 1J0411314G, 1J0411314T, 8N0411303G, 8N0411303H, 1J0411305R, 1J0411314G, 1J0411314T, 8N0411303G, 8N0411303H; Kallistuksenvakaajan Kumit,Vakaajan Hela<\/p>\n","protected":false},"excerpt":{"rendered":"<p>VAICO Kallistuksenvakaajan Puslat V10-1351 Kallistuksenvakaajan Kumit,Vakaajan Hela VW,AUDI,SKODA,GOLF IV 1J1,GOLF IV Variant 1J5,BORA 1J2<\/p>\n","protected":false},"featured_media":0,"template":"","meta":{"site-sidebar-layout":"default","site-content-layout":"default","ast-global-header-display":"","ast-main-header-display":"","ast-hfb-above-header-display":"","ast-hfb-below-header-display":"","ast-hfb-mobile-header-display":"","site-post-title":"","ast-breadcrumbs-content":"","ast-featured-img":"","footer-sml-layout":"","theme-transparent-header-meta":"","adv-header-id-meta":"","stick-header-meta":"","header-above-stick-meta":"","header-main-stick-meta":"","header-below-stick-meta":""},"pwb-brand":[330],"product_cat":[82],"product_tag":[],"class_list":{"0":"post-73753","1":"product","2":"type-product","3":"status-publish","5":"pwb-brand-vaico","6":"product_cat-kallistuksenvakaajan-puslat","7":"desktop-align-left","8":"tablet-align-left","9":"mobile-align-left","11":"first","12":"instock","13":"product-type-external"},"brands":[{"id":330,"name":"VAICO","slug":"vaico"}],"_links":{"self":[{"href":"https:\/\/www.autonvaraosahaku.fi\/index.php?rest_route=\/wp\/v2\/product\/73753","targetHints":{"allow":["GET"]}}],"collection":[{"href":"https:\/\/www.autonvaraosahaku.fi\/index.php?rest_route=\/wp\/v2\/product"}],"about":[{"href":"https:\/\/www.autonvaraosahaku.fi\/index.php?rest_route=\/wp\/v2\/types\/product"}],"wp:attachment":[{"href":"https:\/\/www.autonvaraosahaku.fi\/index.php?rest_route=%2Fwp%2Fv2%2Fmedia&parent=73753"}],"wp:term":[{"taxonomy":"pwb-brand","embeddable":true,"href":"https:\/\/www.autonvaraosahaku.fi\/index.php?rest_route=%2Fwp%2Fv2%2Fpwb-brand&post=73753"},{"taxonomy":"product_cat","embeddable":true,"href":"https:\/\/www.autonvaraosahaku.fi\/index.php?rest_route=%2Fwp%2Fv2%2Fproduct_cat&post=73753"},{"taxonomy":"product_tag","embeddable":true,"href":"https:\/\/www.autonvaraosahaku.fi\/index.php?rest_route=%2Fwp%2Fv2%2Fproduct_tag&post=73753"}],"curies":[{"name":"wp","href":"https:\/\/api.w.org\/{rel}","templated":true}]}}