{"id":73759,"date":"2021-02-21T19:29:24","date_gmt":"2021-02-21T19:29:24","guid":{"rendered":"https:\/\/www.autonvaraosahaku.fi\/?product=japanparts-pa-599af-jarrupalat"},"modified":"2021-02-21T19:29:30","modified_gmt":"2021-02-21T19:29:30","slug":"japanparts-pa-599af-jarrupalat","status":"publish","type":"product","link":"https:\/\/www.autonvaraosahaku.fi\/?product=japanparts-pa-599af-jarrupalat","title":{"rendered":"JAPANPARTS PA-599AF Jarrupalat"},"content":{"rendered":"<p>Asennuspuoli: Etuakseli; Jarrutyyppi: Levyjarru; Pituus (mm): 150; Korkeus (mm): 59; Paksuus [mm]: 15,8; WVA-numero: 21769; Tarkistuskilpi: ECE R90 APPROVED; M\u00e4\u00e4r\u00e4yksikk\u00f6: Akselisarja; Valmistusvuosi alkaen: 08\/1993; MITSUBISHI: OUTLANDER XL II CW_W,OUTLANDER III GG_W, GF_W, ZJ,OUTLANDER I CU_W,LANCER SPORTBACK CX_A,GALANT VI Station Wagon EA_,GALANT VI EA_,SPACE WAGON N9_W, N8_W,L 200 K7_T, K6_T,PAJERO II V3_W, V2_W, V4_W,LANCER Stufenheck CS_A, CT0,PAJERO SPORT K90,SPACE RUNNER N6_W,PAJERO CLASSIC V2_W,L 400 \/ SPACE GEAR Bus PD_W, PC_W, PA_V, PB_V,GALLOPER JK-01,LANCER VI CJ-CP_,SIGMA F2_A, F1_A,LANCER V CB\/D_A,L 200 K3_T, K2_T, K1_T, K0_T,GALANT V Stufenheck E5_A, E7_A, E8_A,SIGMA Station Wagon F0_W,GALANT V E5_A, E7_A, E8_A,PAJERO II Canvas Top V2_W, V4_W,L 400 Kasten PD_W, PC_W, PB_V, PA_W, PA_V; V9118M006, 4605A492, 4605A501, 4605A730, 4605A774, 4605B330, 4605B802, 9H0M009, DBP511118, MB699452, MB699453, MB857837, MB857987, MB858399, MB858400, MB858584, MB895090, MB895091, MB895250, MB898584, MB911312, MB928049, MN102608, MN102610, MN102611, MN116923, MR128312, MR129103, MR129104, MR129432, MR249060, MR289610, MR334911, MR389542, MR389543, MR389544, MR389545, MR389546, MR389548, MR389549, MR389552, MR493985, MR569592, MR569597, MR895250, MR977238, MZ690006, MZ690007, MZ690019, MZ690039, MZ690332, MZ690349, MZ690576, TS200041, X3511003, AY040MT002; Jarrupalasarja,Jarrupala, Levyjarru<\/p>\n","protected":false},"excerpt":{"rendered":"<p>JAPANPARTS Jarrupalat PA-599AF Jarrupalasarja,Jarrupala, Levyjarru MITSUBISHI,OUTLANDER XL II CW_W,OUTLANDER III GG_W, GF_W, ZJ,OUTLANDER I CU_W<\/p>\n","protected":false},"featured_media":0,"template":"","meta":{"site-sidebar-layout":"default","site-content-layout":"default","ast-global-header-display":"","ast-main-header-display":"","ast-hfb-above-header-display":"","ast-hfb-below-header-display":"","ast-hfb-mobile-header-display":"","site-post-title":"","ast-breadcrumbs-content":"","ast-featured-img":"","footer-sml-layout":"","theme-transparent-header-meta":"","adv-header-id-meta":"","stick-header-meta":"","header-above-stick-meta":"","header-main-stick-meta":"","header-below-stick-meta":""},"pwb-brand":[334],"product_cat":[100],"product_tag":[],"class_list":{"0":"post-73759","1":"product","2":"type-product","3":"status-publish","5":"pwb-brand-japanparts","6":"product_cat-jarrupalat","7":"desktop-align-left","8":"tablet-align-left","9":"mobile-align-left","11":"first","12":"instock","13":"product-type-external"},"brands":[{"id":334,"name":"JAPANPARTS","slug":"japanparts"}],"_links":{"self":[{"href":"https:\/\/www.autonvaraosahaku.fi\/index.php?rest_route=\/wp\/v2\/product\/73759","targetHints":{"allow":["GET"]}}],"collection":[{"href":"https:\/\/www.autonvaraosahaku.fi\/index.php?rest_route=\/wp\/v2\/product"}],"about":[{"href":"https:\/\/www.autonvaraosahaku.fi\/index.php?rest_route=\/wp\/v2\/types\/product"}],"wp:attachment":[{"href":"https:\/\/www.autonvaraosahaku.fi\/index.php?rest_route=%2Fwp%2Fv2%2Fmedia&parent=73759"}],"wp:term":[{"taxonomy":"pwb-brand","embeddable":true,"href":"https:\/\/www.autonvaraosahaku.fi\/index.php?rest_route=%2Fwp%2Fv2%2Fpwb-brand&post=73759"},{"taxonomy":"product_cat","embeddable":true,"href":"https:\/\/www.autonvaraosahaku.fi\/index.php?rest_route=%2Fwp%2Fv2%2Fproduct_cat&post=73759"},{"taxonomy":"product_tag","embeddable":true,"href":"https:\/\/www.autonvaraosahaku.fi\/index.php?rest_route=%2Fwp%2Fv2%2Fproduct_tag&post=73759"}],"curies":[{"name":"wp","href":"https:\/\/api.w.org\/{rel}","templated":true}]}}