{"id":73765,"date":"2021-02-21T19:29:31","date_gmt":"2021-02-21T19:29:31","guid":{"rendered":"https:\/\/www.autonvaraosahaku.fi\/?product=vaico-v10-0632-alatukivarsi"},"modified":"2021-02-21T19:29:33","modified_gmt":"2021-02-21T19:29:33","slug":"vaico-v10-0632-alatukivarsi","status":"publish","type":"product","link":"https:\/\/www.autonvaraosahaku.fi\/?product=vaico-v10-0632-alatukivarsi","title":{"rendered":"VAICO V10-0632 Alatukivarsi"},"content":{"rendered":"<p>Ohjausmalli: Poikittaistukivarsi; Asennuspuoli: Takana, Vasen, Etuakseli, yl\u00e4; Suositellun erikoisty\u00f6kalun tuotenumero: V99-1020; parilliset tuotenumerot: V10-0633; Akselimittaus asennuksen j\u00e4lkeen: ; Paino [kg]: 0,8; Pakkausleveys [cm]: 10; Pakkauskorkeus [mm]: 7; Pakkaussyvyys [cm]: 41; lis\u00e4tieto: CST99; VW: PHAETON 3D_; AUDI: A6 Avant 4F5, C6,A6 4F2, C6,A6 Avant 4G5, C7, 4GD,A8 4E_,A6 4G2, C7, 4GC,A6 Allroad 4FH, C6,A6 Allroad 4GH, 4GJ; 4E0407509B, 4E0407509E, 4E0407509G, 4E0407509K, 4E0407509B, 4E0407509E, 4E0407509G, 4E0407509K, 4E0407509B, 4E0407509E, 4E0407509G, 4E0407509K, 4E0407509B, 4E0407509E, 4E0407509G, 4E0407509K; Tukivarsi,Tukivarsi, Py\u00f6r\u00e4ntuenta<\/p>\n","protected":false},"excerpt":{"rendered":"<p>VAICO Alatukivarsi V10-0632 Tukivarsi,Tukivarsi, Py\u00f6r\u00e4ntuenta VW,AUDI,PHAETON 3D_,A6 Avant 4F5, C6,A6 4F2, C6,A6 Avant 4G5, C7, 4GD,A8 4E_<\/p>\n","protected":false},"featured_media":0,"template":"","meta":{"site-sidebar-layout":"default","site-content-layout":"default","ast-global-header-display":"","ast-main-header-display":"","ast-hfb-above-header-display":"","ast-hfb-below-header-display":"","ast-hfb-mobile-header-display":"","site-post-title":"","ast-breadcrumbs-content":"","ast-featured-img":"","footer-sml-layout":"","theme-transparent-header-meta":"","adv-header-id-meta":"","stick-header-meta":"","header-above-stick-meta":"","header-main-stick-meta":"","header-below-stick-meta":""},"pwb-brand":[330],"product_cat":[62],"product_tag":[],"class_list":{"0":"post-73765","1":"product","2":"type-product","3":"status-publish","5":"pwb-brand-vaico","6":"product_cat-alatukivarsi","7":"desktop-align-left","8":"tablet-align-left","9":"mobile-align-left","11":"first","12":"instock","13":"product-type-external"},"brands":[{"id":330,"name":"VAICO","slug":"vaico"}],"_links":{"self":[{"href":"https:\/\/www.autonvaraosahaku.fi\/index.php?rest_route=\/wp\/v2\/product\/73765","targetHints":{"allow":["GET"]}}],"collection":[{"href":"https:\/\/www.autonvaraosahaku.fi\/index.php?rest_route=\/wp\/v2\/product"}],"about":[{"href":"https:\/\/www.autonvaraosahaku.fi\/index.php?rest_route=\/wp\/v2\/types\/product"}],"wp:attachment":[{"href":"https:\/\/www.autonvaraosahaku.fi\/index.php?rest_route=%2Fwp%2Fv2%2Fmedia&parent=73765"}],"wp:term":[{"taxonomy":"pwb-brand","embeddable":true,"href":"https:\/\/www.autonvaraosahaku.fi\/index.php?rest_route=%2Fwp%2Fv2%2Fpwb-brand&post=73765"},{"taxonomy":"product_cat","embeddable":true,"href":"https:\/\/www.autonvaraosahaku.fi\/index.php?rest_route=%2Fwp%2Fv2%2Fproduct_cat&post=73765"},{"taxonomy":"product_tag","embeddable":true,"href":"https:\/\/www.autonvaraosahaku.fi\/index.php?rest_route=%2Fwp%2Fv2%2Fproduct_tag&post=73765"}],"curies":[{"name":"wp","href":"https:\/\/api.w.org\/{rel}","templated":true}]}}