{"id":7378,"date":"2021-02-21T13:59:59","date_gmt":"2021-02-21T13:59:59","guid":{"rendered":"https:\/\/www.autonvaraosahaku.fi\/?product=brembo-08-n267-11-jarrulevyt"},"modified":"2021-02-21T14:00:01","modified_gmt":"2021-02-21T14:00:01","slug":"brembo-08-n267-11-jarrulevyt","status":"publish","type":"product","link":"https:\/\/www.autonvaraosahaku.fi\/?product=brembo-08-n267-11-jarrulevyt","title":{"rendered":"BREMBO 08.N267.11 Jarrulevyt"},"content":{"rendered":"<p>Pinta: pinnoitettu; keskitt\u00e4misl\u00e4pimitta [mm]: 69; Reikien m\u00e4\u00e4r\u00e4: 5; V\u00e4himm\u00e4ispaksuus (mm): 8,4; Jarrulevyn paksuus (mm): 10; Jarrulevytyyppi: Vakiomalli; Korkeus (mm): 36,2; L\u00e4pimitta [mm]: 302; Asennuspuoli: Hinterachse; CITRO\u00cbN: C4 AIRCROSS; PEUGEOT: 4008; MITSUBISHI: ASX GA_W_,OUTLANDER III GG_W, GF_W, ZJ,ASX Van GA_W_; 1609901080, 4615A125, 4615A142, 4615A168, 1609901080; Jarrulevy<\/p>\n","protected":false},"excerpt":{"rendered":"<p>BREMBO Jarrulevyt COATED DISC LINE 08.N267.11 Jarrulevy CITRO\u00cbN,PEUGEOT,MITSUBISHI,C4 AIRCROSS,4008,ASX GA_W_,OUTLANDER III GG_W, GF_W, ZJ<\/p>\n","protected":false},"featured_media":0,"template":"","meta":{"site-sidebar-layout":"default","site-content-layout":"default","ast-global-header-display":"","ast-main-header-display":"","ast-hfb-above-header-display":"","ast-hfb-below-header-display":"","ast-hfb-mobile-header-display":"","site-post-title":"","ast-breadcrumbs-content":"","ast-featured-img":"","footer-sml-layout":"","theme-transparent-header-meta":"","adv-header-id-meta":"","stick-header-meta":"","header-above-stick-meta":"","header-main-stick-meta":"","header-below-stick-meta":""},"pwb-brand":[146],"product_cat":[66],"product_tag":[],"class_list":{"0":"post-7378","1":"product","2":"type-product","3":"status-publish","5":"pwb-brand-brembo","6":"product_cat-jarrulevyt","7":"desktop-align-left","8":"tablet-align-left","9":"mobile-align-left","11":"first","12":"instock","13":"product-type-external"},"brands":[{"id":146,"name":"BREMBO","slug":"brembo"}],"_links":{"self":[{"href":"https:\/\/www.autonvaraosahaku.fi\/index.php?rest_route=\/wp\/v2\/product\/7378","targetHints":{"allow":["GET"]}}],"collection":[{"href":"https:\/\/www.autonvaraosahaku.fi\/index.php?rest_route=\/wp\/v2\/product"}],"about":[{"href":"https:\/\/www.autonvaraosahaku.fi\/index.php?rest_route=\/wp\/v2\/types\/product"}],"wp:attachment":[{"href":"https:\/\/www.autonvaraosahaku.fi\/index.php?rest_route=%2Fwp%2Fv2%2Fmedia&parent=7378"}],"wp:term":[{"taxonomy":"pwb-brand","embeddable":true,"href":"https:\/\/www.autonvaraosahaku.fi\/index.php?rest_route=%2Fwp%2Fv2%2Fpwb-brand&post=7378"},{"taxonomy":"product_cat","embeddable":true,"href":"https:\/\/www.autonvaraosahaku.fi\/index.php?rest_route=%2Fwp%2Fv2%2Fproduct_cat&post=7378"},{"taxonomy":"product_tag","embeddable":true,"href":"https:\/\/www.autonvaraosahaku.fi\/index.php?rest_route=%2Fwp%2Fv2%2Fproduct_tag&post=7378"}],"curies":[{"name":"wp","href":"https:\/\/api.w.org\/{rel}","templated":true}]}}