{"id":73781,"date":"2021-02-21T19:29:39","date_gmt":"2021-02-21T19:29:39","guid":{"rendered":"https:\/\/www.autonvaraosahaku.fi\/?product=japanparts-faa-ns13-raitisilmasuodatin"},"modified":"2021-02-21T19:29:40","modified_gmt":"2021-02-21T19:29:40","slug":"japanparts-faa-ns13-raitisilmasuodatin","status":"publish","type":"product","link":"https:\/\/www.autonvaraosahaku.fi\/?product=japanparts-faa-ns13-raitisilmasuodatin","title":{"rendered":"JAPANPARTS FAA-NS13 Raitisilmasuodatin"},"content":{"rendered":"<p>Pituus (mm): 238; Leveys (mm): 151; Korkeus (mm): 30; NISSAN: JUKE F15,PULSAR Schr\u00e4gheck C13; RENAULT: FLUENCE L30_,KADJAR; 271T200A00, 2727700A26, 272771KA0A, 272771KA4A, B72771KA0A, 272772100R; Sis\u00e4ilmansuodatin,Suodatin, Sis\u00e4ilma<\/p>\n","protected":false},"excerpt":{"rendered":"<p>JAPANPARTS Raitisilmasuodatin FAA-NS13 Sis\u00e4ilmansuodatin,Suodatin, Sis\u00e4ilma NISSAN,RENAULT,JUKE F15,PULSAR Schr\u00e4gheck C13,FLUENCE L30_,KADJAR<\/p>\n","protected":false},"featured_media":0,"template":"","meta":{"site-sidebar-layout":"default","site-content-layout":"default","ast-global-header-display":"","ast-main-header-display":"","ast-hfb-above-header-display":"","ast-hfb-below-header-display":"","ast-hfb-mobile-header-display":"","site-post-title":"","ast-breadcrumbs-content":"","ast-featured-img":"","footer-sml-layout":"","theme-transparent-header-meta":"","adv-header-id-meta":"","stick-header-meta":"","header-above-stick-meta":"","header-main-stick-meta":"","header-below-stick-meta":""},"pwb-brand":[334],"product_cat":[19],"product_tag":[],"class_list":{"0":"post-73781","1":"product","2":"type-product","3":"status-publish","5":"pwb-brand-japanparts","6":"product_cat-raitisilmasuodatin","7":"desktop-align-left","8":"tablet-align-left","9":"mobile-align-left","11":"first","12":"instock","13":"product-type-external"},"brands":[{"id":334,"name":"JAPANPARTS","slug":"japanparts"}],"_links":{"self":[{"href":"https:\/\/www.autonvaraosahaku.fi\/index.php?rest_route=\/wp\/v2\/product\/73781","targetHints":{"allow":["GET"]}}],"collection":[{"href":"https:\/\/www.autonvaraosahaku.fi\/index.php?rest_route=\/wp\/v2\/product"}],"about":[{"href":"https:\/\/www.autonvaraosahaku.fi\/index.php?rest_route=\/wp\/v2\/types\/product"}],"wp:attachment":[{"href":"https:\/\/www.autonvaraosahaku.fi\/index.php?rest_route=%2Fwp%2Fv2%2Fmedia&parent=73781"}],"wp:term":[{"taxonomy":"pwb-brand","embeddable":true,"href":"https:\/\/www.autonvaraosahaku.fi\/index.php?rest_route=%2Fwp%2Fv2%2Fpwb-brand&post=73781"},{"taxonomy":"product_cat","embeddable":true,"href":"https:\/\/www.autonvaraosahaku.fi\/index.php?rest_route=%2Fwp%2Fv2%2Fproduct_cat&post=73781"},{"taxonomy":"product_tag","embeddable":true,"href":"https:\/\/www.autonvaraosahaku.fi\/index.php?rest_route=%2Fwp%2Fv2%2Fproduct_tag&post=73781"}],"curies":[{"name":"wp","href":"https:\/\/api.w.org\/{rel}","templated":true}]}}