{"id":73804,"date":"2021-02-21T19:29:46","date_gmt":"2021-02-21T19:29:46","guid":{"rendered":"https:\/\/www.autonvaraosahaku.fi\/?product=meyle-100-407-0007-pyorannapa"},"modified":"2021-02-21T19:29:47","modified_gmt":"2021-02-21T19:29:47","slug":"meyle-100-407-0007-pyorannapa","status":"publish","type":"product","link":"https:\/\/www.autonvaraosahaku.fi\/?product=meyle-100-407-0007-pyorannapa","title":{"rendered":"MEYLE 100 407 0007 Py\u00f6r\u00e4nnapa"},"content":{"rendered":"<p>Asennuspuoli: etuakseli molemminpuoleinen; Lis\u00e4tarvike\/lis\u00e4tieto: Ilman asennusmateriaalia; Korvaava tuote\/korvaava tiedote 2: ilman py\u00f6r\u00e4nlaakeria; Ulkol\u00e4pimitta [mm]: 120; Leveys (mm): 40; Reik\u00e4ympyr\u00e4-\u00d8 [mm]: 100; Vanne, aukkoja: 4; Jarru-\/ajodynamiikka: Autoihin ilman ABS; lis\u00e4tieto: ORIGINAL Quality; Valmistusvuosi alkaen: 08\/1987; VW: GOLF III 1H1,GOLF II 19E, 1G1,PASSAT Variant 3A5, 35I,GOLF III Variant 1H5,PASSAT 3A2, 35I,CORRADO 53I,POLO Variant 6KV5,POLO CLASSIC 6KV2,VENTO 1H2,JETTA II 19E, 1G2, 165; SEAT: IBIZA II 6K1,CORDOBA 6K1, 6K2,CORDOBA Vario 6K1,TOLEDO I 1L,INCA 6K9; 357407615E, 357407615, 357407615, 357407615E; Py\u00f6r\u00e4n Napa<\/p>\n","protected":false},"excerpt":{"rendered":"<p>MEYLE Py\u00f6r\u00e4nnapa 100 407 0007 Py\u00f6r\u00e4n Napa VW,SEAT,GOLF III 1H1,GOLF II 19E, 1G1,PASSAT Variant 3A5, 35I,GOLF III Variant 1H5,PASSAT 3A2, 35I<\/p>\n","protected":false},"featured_media":0,"template":"","meta":{"site-sidebar-layout":"default","site-content-layout":"default","ast-global-header-display":"","ast-main-header-display":"","ast-hfb-above-header-display":"","ast-hfb-below-header-display":"","ast-hfb-mobile-header-display":"","site-post-title":"","ast-breadcrumbs-content":"","ast-featured-img":"","footer-sml-layout":"","theme-transparent-header-meta":"","adv-header-id-meta":"","stick-header-meta":"","header-above-stick-meta":"","header-main-stick-meta":"","header-below-stick-meta":""},"pwb-brand":[84],"product_cat":[257],"product_tag":[],"class_list":{"0":"post-73804","1":"product","2":"type-product","3":"status-publish","5":"pwb-brand-meyle","6":"product_cat-pyorannapa","7":"desktop-align-left","8":"tablet-align-left","9":"mobile-align-left","11":"first","12":"instock","13":"product-type-external"},"brands":[{"id":84,"name":"MEYLE","slug":"meyle"}],"_links":{"self":[{"href":"https:\/\/www.autonvaraosahaku.fi\/index.php?rest_route=\/wp\/v2\/product\/73804","targetHints":{"allow":["GET"]}}],"collection":[{"href":"https:\/\/www.autonvaraosahaku.fi\/index.php?rest_route=\/wp\/v2\/product"}],"about":[{"href":"https:\/\/www.autonvaraosahaku.fi\/index.php?rest_route=\/wp\/v2\/types\/product"}],"wp:attachment":[{"href":"https:\/\/www.autonvaraosahaku.fi\/index.php?rest_route=%2Fwp%2Fv2%2Fmedia&parent=73804"}],"wp:term":[{"taxonomy":"pwb-brand","embeddable":true,"href":"https:\/\/www.autonvaraosahaku.fi\/index.php?rest_route=%2Fwp%2Fv2%2Fpwb-brand&post=73804"},{"taxonomy":"product_cat","embeddable":true,"href":"https:\/\/www.autonvaraosahaku.fi\/index.php?rest_route=%2Fwp%2Fv2%2Fproduct_cat&post=73804"},{"taxonomy":"product_tag","embeddable":true,"href":"https:\/\/www.autonvaraosahaku.fi\/index.php?rest_route=%2Fwp%2Fv2%2Fproduct_tag&post=73804"}],"curies":[{"name":"wp","href":"https:\/\/api.w.org\/{rel}","templated":true}]}}