{"id":73836,"date":"2021-02-21T19:29:53","date_gmt":"2021-02-21T19:29:53","guid":{"rendered":"https:\/\/www.autonvaraosahaku.fi\/?product=meyle-014-033-0097-pyoranlaakerit"},"modified":"2021-02-21T19:29:58","modified_gmt":"2021-02-21T19:29:58","slug":"meyle-014-033-0097-pyoranlaakerit","status":"publish","type":"product","link":"https:\/\/www.autonvaraosahaku.fi\/?product=meyle-014-033-0097-pyoranlaakerit","title":{"rendered":"MEYLE 014 033 0097 Py\u00f6r\u00e4nlaakerit"},"content":{"rendered":"<p>Asennuspuoli: etuakseli molemminpuoleinen; Lis\u00e4tarvike\/lis\u00e4tieto: Tarvikkeilla; Sis\u00e4l\u00e4pimitta 1 [mm]: 22; Sis\u00e4l\u00e4pimitta 2 [mm]: 40; Ulkol\u00e4pimitta 1 [mm]: 45,25; Ulkol\u00e4pimitta 2 [mm]: 68; Korkeus 1 (mm): 17; Korkeus 2 (mm): 21,4; Laakerityyppi: Kartiorullalaakeri; lis\u00e4tieto: ORIGINAL Quality; Valmistusvuosi alkaen: 08\/2003; MERCEDES-BENZ: E-CLASS W211,E-CLASS T-Model S211,CLS C219,SL R230,CLS C218,CLS Shooting Brake X218; 2183300125, 2303300325; Py\u00f6r\u00e4nlaakerisarja<\/p>\n","protected":false},"excerpt":{"rendered":"<p>MEYLE Py\u00f6r\u00e4nlaakerit 014 033 0097 Py\u00f6r\u00e4nlaakerisarja MERCEDES-BENZ,E-CLASS W211,E-CLASS T-Model S211,CLS C219,SL R230,CLS C218,CLS Shooting Brake X218<\/p>\n","protected":false},"featured_media":0,"template":"","meta":{"site-sidebar-layout":"default","site-content-layout":"default","ast-global-header-display":"","ast-main-header-display":"","ast-hfb-above-header-display":"","ast-hfb-below-header-display":"","ast-hfb-mobile-header-display":"","site-post-title":"","ast-breadcrumbs-content":"","ast-featured-img":"","footer-sml-layout":"","theme-transparent-header-meta":"","adv-header-id-meta":"","stick-header-meta":"","header-above-stick-meta":"","header-main-stick-meta":"","header-below-stick-meta":""},"pwb-brand":[84],"product_cat":[83],"product_tag":[],"class_list":{"0":"post-73836","1":"product","2":"type-product","3":"status-publish","5":"pwb-brand-meyle","6":"product_cat-pyoranlaakerit","7":"desktop-align-left","8":"tablet-align-left","9":"mobile-align-left","11":"first","12":"instock","13":"product-type-external"},"brands":[{"id":84,"name":"MEYLE","slug":"meyle"}],"_links":{"self":[{"href":"https:\/\/www.autonvaraosahaku.fi\/index.php?rest_route=\/wp\/v2\/product\/73836","targetHints":{"allow":["GET"]}}],"collection":[{"href":"https:\/\/www.autonvaraosahaku.fi\/index.php?rest_route=\/wp\/v2\/product"}],"about":[{"href":"https:\/\/www.autonvaraosahaku.fi\/index.php?rest_route=\/wp\/v2\/types\/product"}],"wp:attachment":[{"href":"https:\/\/www.autonvaraosahaku.fi\/index.php?rest_route=%2Fwp%2Fv2%2Fmedia&parent=73836"}],"wp:term":[{"taxonomy":"pwb-brand","embeddable":true,"href":"https:\/\/www.autonvaraosahaku.fi\/index.php?rest_route=%2Fwp%2Fv2%2Fpwb-brand&post=73836"},{"taxonomy":"product_cat","embeddable":true,"href":"https:\/\/www.autonvaraosahaku.fi\/index.php?rest_route=%2Fwp%2Fv2%2Fproduct_cat&post=73836"},{"taxonomy":"product_tag","embeddable":true,"href":"https:\/\/www.autonvaraosahaku.fi\/index.php?rest_route=%2Fwp%2Fv2%2Fproduct_tag&post=73836"}],"curies":[{"name":"wp","href":"https:\/\/api.w.org\/{rel}","templated":true}]}}