{"id":73853,"date":"2021-02-21T19:30:00","date_gmt":"2021-02-21T19:30:00","guid":{"rendered":"https:\/\/www.autonvaraosahaku.fi\/?product=vaico-v30-0800-oljynsuodatin"},"modified":"2021-02-21T19:30:04","modified_gmt":"2021-02-21T19:30:04","slug":"vaico-v30-0800-oljynsuodatin","status":"publish","type":"product","link":"https:\/\/www.autonvaraosahaku.fi\/?product=vaico-v30-0800-oljynsuodatin","title":{"rendered":"VAICO V30-0800 \u00d6ljynsuodatin"},"content":{"rendered":"<p>Korkeus (mm): 121; Ulkol\u00e4pimitta [mm]: 83; Sis\u00e4l\u00e4pimitta [mm]: 11,5; Sis\u00e4l\u00e4pimitta 1 [mm]: 23,4; Paino [kg]: 0,221; Pakkausleveys [cm]: 8,5; Pakkauskorkeus [mm]: 13; Pakkaussyvyys [cm]: 8,5; lis\u00e4tieto: CST99; MERCEDES-BENZ: SL R107,Stufenheck W123,S-CLASS W126,G-CLASS W463,G-CLASS W460,COUPE C123,S-CLASS W108, W109,S-CLASS W116,COUPE W111,S-CLASS Coupe C126,KOMBI Kombi S123,SL Coupe C107,CABRIOLET W111; PUCH: G-MODELL W 460; 0001800509, 0001800609, 0001846425, 0001849825, 0001849925, 0011846525, 0011849825, A0001800509, A0001800609, A0001846425, A0001849825, A0001849925, A0011846525, A0011849825<\/p>\n","protected":false},"excerpt":{"rendered":"<p>VAICO \u00d6ljynsuodatin V30-0800  MERCEDES-BENZ,PUCH,SL R107,Stufenheck W123,S-CLASS W126,G-CLASS W463,G-CLASS W460,COUPE C123,S-CLASS W108, W109<\/p>\n","protected":false},"featured_media":0,"template":"","meta":{"site-sidebar-layout":"default","site-content-layout":"default","ast-global-header-display":"","ast-main-header-display":"","ast-hfb-above-header-display":"","ast-hfb-below-header-display":"","ast-hfb-mobile-header-display":"","site-post-title":"","ast-breadcrumbs-content":"","ast-featured-img":"","footer-sml-layout":"","theme-transparent-header-meta":"","adv-header-id-meta":"","stick-header-meta":"","header-above-stick-meta":"","header-main-stick-meta":"","header-below-stick-meta":""},"pwb-brand":[330],"product_cat":[30],"product_tag":[],"class_list":{"0":"post-73853","1":"product","2":"type-product","3":"status-publish","5":"pwb-brand-vaico","6":"product_cat-oljynsuodatin","7":"desktop-align-left","8":"tablet-align-left","9":"mobile-align-left","11":"first","12":"instock","13":"product-type-external"},"brands":[{"id":330,"name":"VAICO","slug":"vaico"}],"_links":{"self":[{"href":"https:\/\/www.autonvaraosahaku.fi\/index.php?rest_route=\/wp\/v2\/product\/73853","targetHints":{"allow":["GET"]}}],"collection":[{"href":"https:\/\/www.autonvaraosahaku.fi\/index.php?rest_route=\/wp\/v2\/product"}],"about":[{"href":"https:\/\/www.autonvaraosahaku.fi\/index.php?rest_route=\/wp\/v2\/types\/product"}],"wp:attachment":[{"href":"https:\/\/www.autonvaraosahaku.fi\/index.php?rest_route=%2Fwp%2Fv2%2Fmedia&parent=73853"}],"wp:term":[{"taxonomy":"pwb-brand","embeddable":true,"href":"https:\/\/www.autonvaraosahaku.fi\/index.php?rest_route=%2Fwp%2Fv2%2Fpwb-brand&post=73853"},{"taxonomy":"product_cat","embeddable":true,"href":"https:\/\/www.autonvaraosahaku.fi\/index.php?rest_route=%2Fwp%2Fv2%2Fproduct_cat&post=73853"},{"taxonomy":"product_tag","embeddable":true,"href":"https:\/\/www.autonvaraosahaku.fi\/index.php?rest_route=%2Fwp%2Fv2%2Fproduct_tag&post=73853"}],"curies":[{"name":"wp","href":"https:\/\/api.w.org\/{rel}","templated":true}]}}