{"id":73882,"date":"2021-02-21T19:30:15","date_gmt":"2021-02-21T19:30:15","guid":{"rendered":"https:\/\/www.autonvaraosahaku.fi\/?product=febi-bilstein-31144-kampiakselin-tiiviste"},"modified":"2021-02-21T19:30:16","modified_gmt":"2021-02-21T19:30:16","slug":"febi-bilstein-31144-kampiakselin-tiiviste","status":"publish","type":"product","link":"https:\/\/www.autonvaraosahaku.fi\/?product=febi-bilstein-31144-kampiakselin-tiiviste","title":{"rendered":"FEBI BILSTEIN 31144 Kampiakselin tiiviste"},"content":{"rendered":"<p>Paksuus [mm]: 7,0; Sis\u00e4l\u00e4pimitta [mm]: 42,0; Ulkol\u00e4pimitta [mm]: 55,0; V\u00e4ri: Ruskea; Materiaali: FPM (fluori-kumi)\/APM (polyakryyli-kumi); Asennuspuoli: Etup\u00e4\u00e4; Paino [kg]: 0,010, 0,010; OPEL: CORSA D,CORSA C F08, F68,ZAFIRA B A05,ASTRA H Caravan L35,MERIVA,ZAFIRA A F75_,ASTRA G CC F48_, F08_,ASTRA H L48,ASTRA J Sports Tourer,ASTRA G Caravan F35_,CORSA B 73_, 78_, 79_,INSIGNIA Caravan,VECTRA C Caravan,ASTRA J,ASTRA H GTC L08,MERIVA B,SIGNUM,VECTRA C,AGILA A H00,ZAFIRA TOURER C P12,VECTRA B 36_,MOKKA,ADAM,VECTRA C GTS,TIGRA TwinTop,VECTRA B Caravan 31_,ASTRA H TwinTop L67,INSIGNIA,ASTRA G Cabriolet F67,INSIGNIA Stufenheck,ASTRA G Coupe F07_,COMBO Kasten\/Kombi,ASTRA G Stufenheck F69_,ASTRA GTC J,VECTRA B CC 38_,COMBO Tour,ASTRA J Stufenheck,CORSA D Van,GT Cabriolet,CASCADA W13,CORSA C Kasten F08, W5L,ASTRA H Stufenheck L69,ASTRA H Kasten L70,SPEEDSTER,ASTRA G Kasten F70,CORSA B Kombi F35; CHEVROLET: CAPTIVA C100, C140,ORLANDO J309,CRUZE J300,CRUZE Station Wagon J308,AVEO Schr\u00e4gheck T300,TRAX,AVEO Stufenheck T300,MALIBU V300,HHR,CAPTIVA SPORT; SAAB: 9-3 YS3F,9-3 Kombi YS3F,9-3 Cabriolet YS3F,9-5 YS3G; VAUXHALL: CORSA Mk III D L_8,INSIGNIA Mk I A,ASTRA Mk V H CC,VECTRA Mk II C CC,ZAFIRA Mk I A F75,ADAM,INSIGNIA Mk I A Estate,CORSA Mk II C W5L, F08,ASTRA Mk V H Estate,ZAFIRA Mk III P12,VECTRA Mk II C Estate,ASTRA Mk IV G CC,VECTRA Mk II C,ASTRA Mk VI J CC,INSIGNIA Mk I A Sedan,ASTRA Mk VI J,CORSA Mk I B,MERIVA Mk I A,SIGNUM,CORSAVAN Mk II C,CORSAVAN Mk III D,MERIVA Mk II B,TIGRA Convertible,VECTRA B CC,AGILA Mk I A,ASTRA Mk VI J Sedan,VECTRA B Estate,VECTRA B,ASTRA Mk VI J Estate,MOKKA,ASTRAVAN Mk V H,ASTRA Mk IV G Coupe F67,COMBO TOUR Mk II C F25,COMBO Mk II C Kasten\/Kombi F25,ASTRA Mk IV G Convertible,ASTRA Mk IV G Estate; 25193519, 90571925, 71739386, 00638197, 00638199, 02091108, 02091167, 0638197, 0638199, 2091108, 2091167, 638197, 638199, 25193519, 55564509, 90570182, 90571925, 012584041, 012609467, 025193519, 055564509, 090570182, 090571925, 12584041, 12609467, 25193519, 55564509, 90570182, 90571925; Akselitiiviste, Kampiakseli<\/p>\n","protected":false},"excerpt":{"rendered":"<p>FEBI BILSTEIN Kampiakselin Tiiviste 31144 Akselitiiviste, Kampiakseli OPEL,CHEVROLET,SAAB,CORSA D,CORSA C F08, F68,ZAFIRA B A05,ASTRA H Caravan L35<\/p>\n","protected":false},"featured_media":0,"template":"","meta":{"site-sidebar-layout":"default","site-content-layout":"default","ast-global-header-display":"","ast-main-header-display":"","ast-hfb-above-header-display":"","ast-hfb-below-header-display":"","ast-hfb-mobile-header-display":"","site-post-title":"","ast-breadcrumbs-content":"","ast-featured-img":"","footer-sml-layout":"","theme-transparent-header-meta":"","adv-header-id-meta":"","stick-header-meta":"","header-above-stick-meta":"","header-main-stick-meta":"","header-below-stick-meta":""},"pwb-brand":[50],"product_cat":[88],"product_tag":[],"class_list":{"0":"post-73882","1":"product","2":"type-product","3":"status-publish","5":"pwb-brand-febi-bilstein","6":"product_cat-kampiakselin-tiiviste","7":"desktop-align-left","8":"tablet-align-left","9":"mobile-align-left","11":"first","12":"instock","13":"product-type-external"},"brands":[{"id":50,"name":"FEBI BILSTEIN","slug":"febi-bilstein"}],"_links":{"self":[{"href":"https:\/\/www.autonvaraosahaku.fi\/index.php?rest_route=\/wp\/v2\/product\/73882","targetHints":{"allow":["GET"]}}],"collection":[{"href":"https:\/\/www.autonvaraosahaku.fi\/index.php?rest_route=\/wp\/v2\/product"}],"about":[{"href":"https:\/\/www.autonvaraosahaku.fi\/index.php?rest_route=\/wp\/v2\/types\/product"}],"wp:attachment":[{"href":"https:\/\/www.autonvaraosahaku.fi\/index.php?rest_route=%2Fwp%2Fv2%2Fmedia&parent=73882"}],"wp:term":[{"taxonomy":"pwb-brand","embeddable":true,"href":"https:\/\/www.autonvaraosahaku.fi\/index.php?rest_route=%2Fwp%2Fv2%2Fpwb-brand&post=73882"},{"taxonomy":"product_cat","embeddable":true,"href":"https:\/\/www.autonvaraosahaku.fi\/index.php?rest_route=%2Fwp%2Fv2%2Fproduct_cat&post=73882"},{"taxonomy":"product_tag","embeddable":true,"href":"https:\/\/www.autonvaraosahaku.fi\/index.php?rest_route=%2Fwp%2Fv2%2Fproduct_tag&post=73882"}],"curies":[{"name":"wp","href":"https:\/\/api.w.org\/{rel}","templated":true}]}}