{"id":73930,"date":"2021-02-21T19:30:30","date_gmt":"2021-02-21T19:30:30","guid":{"rendered":"https:\/\/www.autonvaraosahaku.fi\/?product=febi-bilstein-34748-taka-akselin-puslat"},"modified":"2021-02-21T19:30:33","modified_gmt":"2021-02-21T19:30:33","slug":"febi-bilstein-34748-taka-akselin-puslat","status":"publish","type":"product","link":"https:\/\/www.autonvaraosahaku.fi\/?product=febi-bilstein-34748-taka-akselin-puslat","title":{"rendered":"FEBI BILSTEIN 34748 Taka-akselin puslat"},"content":{"rendered":"<p>Paksuus [mm]: 79,0; Sis\u00e4l\u00e4pimitta [mm]: 12,0; Ulkol\u00e4pimitta [mm]: 72,0; Materiaali: Kumi-metalli; Asennuspuoli: Taka-akseli, molemminpuolinen; Paino [kg]: 0,300, 0,300; Moottorinumero: F6JA; FORD: FIESTA V JH_, JD_,FIESTA VI,FIESTA Stufenheck JA8 JR8,FIESTA Stufenheck JAS JBS,FIESTA V Van,FIESTA VI Van; 1535296, 1805815, 8V515K653AA, 8V515K653BA; Apurungon Puslat,Akselinripustus<\/p>\n","protected":false},"excerpt":{"rendered":"<p>FEBI BILSTEIN Taka-akselin Puslat 34748 Apurungon Puslat,Akselinripustus FORD,FIESTA V JH_, JD_,FIESTA VI,FIESTA Stufenheck JA8 JR8<\/p>\n","protected":false},"featured_media":0,"template":"","meta":{"site-sidebar-layout":"default","site-content-layout":"default","ast-global-header-display":"","ast-main-header-display":"","ast-hfb-above-header-display":"","ast-hfb-below-header-display":"","ast-hfb-mobile-header-display":"","site-post-title":"","ast-breadcrumbs-content":"","ast-featured-img":"","footer-sml-layout":"","theme-transparent-header-meta":"","adv-header-id-meta":"","stick-header-meta":"","header-above-stick-meta":"","header-main-stick-meta":"","header-below-stick-meta":""},"pwb-brand":[50],"product_cat":[156],"product_tag":[],"class_list":{"0":"post-73930","1":"product","2":"type-product","3":"status-publish","5":"pwb-brand-febi-bilstein","6":"product_cat-taka-akselin-puslat","7":"desktop-align-left","8":"tablet-align-left","9":"mobile-align-left","11":"first","12":"instock","13":"product-type-external"},"brands":[{"id":50,"name":"FEBI BILSTEIN","slug":"febi-bilstein"}],"_links":{"self":[{"href":"https:\/\/www.autonvaraosahaku.fi\/index.php?rest_route=\/wp\/v2\/product\/73930","targetHints":{"allow":["GET"]}}],"collection":[{"href":"https:\/\/www.autonvaraosahaku.fi\/index.php?rest_route=\/wp\/v2\/product"}],"about":[{"href":"https:\/\/www.autonvaraosahaku.fi\/index.php?rest_route=\/wp\/v2\/types\/product"}],"wp:attachment":[{"href":"https:\/\/www.autonvaraosahaku.fi\/index.php?rest_route=%2Fwp%2Fv2%2Fmedia&parent=73930"}],"wp:term":[{"taxonomy":"pwb-brand","embeddable":true,"href":"https:\/\/www.autonvaraosahaku.fi\/index.php?rest_route=%2Fwp%2Fv2%2Fpwb-brand&post=73930"},{"taxonomy":"product_cat","embeddable":true,"href":"https:\/\/www.autonvaraosahaku.fi\/index.php?rest_route=%2Fwp%2Fv2%2Fproduct_cat&post=73930"},{"taxonomy":"product_tag","embeddable":true,"href":"https:\/\/www.autonvaraosahaku.fi\/index.php?rest_route=%2Fwp%2Fv2%2Fproduct_tag&post=73930"}],"curies":[{"name":"wp","href":"https:\/\/api.w.org\/{rel}","templated":true}]}}