{"id":73931,"date":"2021-02-21T19:30:30","date_gmt":"2021-02-21T19:30:30","guid":{"rendered":"https:\/\/www.autonvaraosahaku.fi\/?product=vegaz-cd-106-pakosarjan-tiivisteet"},"modified":"2021-02-21T19:30:33","modified_gmt":"2021-02-21T19:30:33","slug":"vegaz-cd-106-pakosarjan-tiivisteet","status":"publish","type":"product","link":"https:\/\/www.autonvaraosahaku.fi\/?product=vegaz-cd-106-pakosarjan-tiivisteet","title":{"rendered":"VEGAZ CD-106 Pakosarjan tiivisteet"},"content":{"rendered":"<p>Korkeus (mm): 14; Paksuus [mm]: 15, 15; Sis\u00e4l\u00e4pimitta [mm]: 65,8; Ulkol\u00e4pimitta [mm]: 79,5; Muoto: O-rengas; VET-numerosta: &#8230;(07.1983-); ROVER: 100 \/ METRO XP; LANCIA: PHEDRA 179,ZETA 220; FORD: MONDEO I Kombi BNP,MONDEO I GBP,MONDEO I Stufenheck GBP; FIAT: DUCATO Pritsche\/Fahrgestell 230,DUCATO Bus 230,DUCATO Kasten 230L,ULYSSE 179AX,ULYSSE 220,SCUDO Kasten 220L,SCUDO Combinato 220P; CITRO\u00cbN: BERLINGO MF,C8 EA_, EB_,BERLINGO Kasten M_,XSARA N1,XSARA Break N2,XM Y4,XANTIA X2,XSARA Coupe N0,XANTIA X1,EVASION 22, U6,XANTIA Break X2,ZX N2,BX XB-_,JUMPY U6U,JUMPY Kasten BS_, BT_, BY_, BZ_,JUMPER Kasten 230L,XM Y3,XANTIA Break X1,JUMPER Bus 230P,ZX Break N2,XM Break Y4,JUMPER Pritsche\/Fahrgestell 230,BX Break XB-_,C15 VD-_,JUMPY Pritsche\/Fahrgestell BU_, BV_, BW_, BX_,XM Break Y3; PEUGEOT: 206 Schr\u00e4gheck 2A\/C,807 E,306 Schr\u00e4gheck 7A, 7C, N3, N5,306 Cabriolet 7D, N3, N5,406 Break 8E\/F,PARTNER Combispace 5F,205 II 20A\/C,406 Coupe 8C,306 Break 7E, N3, N5,406 8B,806 221,BOXER Kasten 230L,306 7B, N3, N5,205 I Cabriolet 741B, 20D,EXPERT Kasten 222,309 II 3C, 3A,205 I 741A\/C,405 I 15B,BOXER Bus 230P,BOXER Pritsche\/Fahrgestell ZCT_,605 6B,EXPERT 224,405 II 4B,309 I 10C, 10A,405 II Break 4E,405 I Break 15E,305 II 581M,305 II Break 581E,EXPERT Pritsche\/Fahrgestell 223; GEX7764, 91516522, 91537797, 96033780, 96038954, 91516522, 9603895480, 6827023, 171261, 91516522, 91537797, 91516522, 91537797, 91516522, 91537797, GEX7764, 171261, 91516522, 91537797<\/p>\n","protected":false},"excerpt":{"rendered":"<p>VEGAZ Tiivisterengas, Pakoputki CD-106  ROVER,LANCIA,FORD,100 \/ METRO XP,PHEDRA 179,ZETA 220,MONDEO I Kombi BNP,MONDEO I GBP,MONDEO I Stufenheck GBP<\/p>\n","protected":false},"featured_media":0,"template":"","meta":{"site-sidebar-layout":"default","site-content-layout":"default","ast-global-header-display":"","ast-main-header-display":"","ast-hfb-above-header-display":"","ast-hfb-below-header-display":"","ast-hfb-mobile-header-display":"","site-post-title":"","ast-breadcrumbs-content":"","ast-featured-img":"","footer-sml-layout":"","theme-transparent-header-meta":"","adv-header-id-meta":"","stick-header-meta":"","header-above-stick-meta":"","header-main-stick-meta":"","header-below-stick-meta":""},"pwb-brand":[306],"product_cat":[123],"product_tag":[],"class_list":{"0":"post-73931","1":"product","2":"type-product","3":"status-publish","5":"pwb-brand-vegaz","6":"product_cat-pakosarjan-tiivisteet","7":"desktop-align-left","8":"tablet-align-left","9":"mobile-align-left","11":"first","12":"instock","13":"product-type-external"},"brands":[{"id":306,"name":"VEGAZ","slug":"vegaz"}],"_links":{"self":[{"href":"https:\/\/www.autonvaraosahaku.fi\/index.php?rest_route=\/wp\/v2\/product\/73931","targetHints":{"allow":["GET"]}}],"collection":[{"href":"https:\/\/www.autonvaraosahaku.fi\/index.php?rest_route=\/wp\/v2\/product"}],"about":[{"href":"https:\/\/www.autonvaraosahaku.fi\/index.php?rest_route=\/wp\/v2\/types\/product"}],"wp:attachment":[{"href":"https:\/\/www.autonvaraosahaku.fi\/index.php?rest_route=%2Fwp%2Fv2%2Fmedia&parent=73931"}],"wp:term":[{"taxonomy":"pwb-brand","embeddable":true,"href":"https:\/\/www.autonvaraosahaku.fi\/index.php?rest_route=%2Fwp%2Fv2%2Fpwb-brand&post=73931"},{"taxonomy":"product_cat","embeddable":true,"href":"https:\/\/www.autonvaraosahaku.fi\/index.php?rest_route=%2Fwp%2Fv2%2Fproduct_cat&post=73931"},{"taxonomy":"product_tag","embeddable":true,"href":"https:\/\/www.autonvaraosahaku.fi\/index.php?rest_route=%2Fwp%2Fv2%2Fproduct_tag&post=73931"}],"curies":[{"name":"wp","href":"https:\/\/api.w.org\/{rel}","templated":true}]}}