{"id":73944,"date":"2021-02-21T19:30:37","date_gmt":"2021-02-21T19:30:37","guid":{"rendered":"https:\/\/www.autonvaraosahaku.fi\/?product=metzger-0905323-lampotila-anturi"},"modified":"2021-02-21T19:30:38","modified_gmt":"2021-02-21T19:30:38","slug":"metzger-0905323-lampotila-anturi","status":"publish","type":"product","link":"https:\/\/www.autonvaraosahaku.fi\/?product=metzger-0905323-lampotila-anturi","title":{"rendered":"METZGER 0905323 L\u00e4mp\u00f6tila-anturi"},"content":{"rendered":"<p>Napojen m\u00e4\u00e4r\u00e4: 2; Kierremitta: M 12&#215;1,25; Tunnistinmalli: NTC-anturi; Avainv\u00e4li: 19; Kopan v\u00e4ri: Musta; Asennuspuoli: Abgasrohr an Abgasturbolader; MERCEDES-BENZ: E-CLASS W211,C-CLASS W204,C-CLASS T-Model S204,E-CLASS T-Model S211,GLK-CLASS X204,SPRINTER 3,5-t Kasten 906,E-CLASS Coupe C207,SPRINTER 3,5-t Bus 906,SPRINTER 3-t Kasten 906,E-CLASS Cabriolet A207,SPRINTER 3,5-t Pritsche\/Fahrgestell 906,SPRINTER 3-t Bus 906,SPRINTER 5-t Kasten 906,SPRINTER 5-t Pritsche\/Fahrgestell 906,SPRINTER 3-t Pritsche\/Fahrgestell 906,SPRINTER 4,6-t Pritsche\/Fahrgestell 906,SPRINTER 4,6-t Kasten 906; 0009050800, 0051538328, A0009050800, A0051538328<\/p>\n","protected":false},"excerpt":{"rendered":"<p>METZGER Tunnistin Polttoaine L\u00e4mp\u00f6tila 0905323  MERCEDES-BENZ,E-CLASS W211,C-CLASS W204,C-CLASS T-Model S204,E-CLASS T-Model S211,GLK-CLASS X204<\/p>\n","protected":false},"featured_media":0,"template":"","meta":{"site-sidebar-layout":"default","site-content-layout":"default","ast-global-header-display":"","ast-main-header-display":"","ast-hfb-above-header-display":"","ast-hfb-below-header-display":"","ast-hfb-mobile-header-display":"","site-post-title":"","ast-breadcrumbs-content":"","ast-featured-img":"","footer-sml-layout":"","theme-transparent-header-meta":"","adv-header-id-meta":"","stick-header-meta":"","header-above-stick-meta":"","header-main-stick-meta":"","header-below-stick-meta":""},"pwb-brand":[69],"product_cat":[47],"product_tag":[],"class_list":{"0":"post-73944","1":"product","2":"type-product","3":"status-publish","5":"pwb-brand-metzger","6":"product_cat-lampotila-anturi","7":"desktop-align-left","8":"tablet-align-left","9":"mobile-align-left","11":"first","12":"instock","13":"product-type-external"},"brands":[{"id":69,"name":"METZGER","slug":"metzger"}],"_links":{"self":[{"href":"https:\/\/www.autonvaraosahaku.fi\/index.php?rest_route=\/wp\/v2\/product\/73944","targetHints":{"allow":["GET"]}}],"collection":[{"href":"https:\/\/www.autonvaraosahaku.fi\/index.php?rest_route=\/wp\/v2\/product"}],"about":[{"href":"https:\/\/www.autonvaraosahaku.fi\/index.php?rest_route=\/wp\/v2\/types\/product"}],"wp:attachment":[{"href":"https:\/\/www.autonvaraosahaku.fi\/index.php?rest_route=%2Fwp%2Fv2%2Fmedia&parent=73944"}],"wp:term":[{"taxonomy":"pwb-brand","embeddable":true,"href":"https:\/\/www.autonvaraosahaku.fi\/index.php?rest_route=%2Fwp%2Fv2%2Fpwb-brand&post=73944"},{"taxonomy":"product_cat","embeddable":true,"href":"https:\/\/www.autonvaraosahaku.fi\/index.php?rest_route=%2Fwp%2Fv2%2Fproduct_cat&post=73944"},{"taxonomy":"product_tag","embeddable":true,"href":"https:\/\/www.autonvaraosahaku.fi\/index.php?rest_route=%2Fwp%2Fv2%2Fproduct_tag&post=73944"}],"curies":[{"name":"wp","href":"https:\/\/api.w.org\/{rel}","templated":true}]}}