{"id":73958,"date":"2021-02-21T19:30:37","date_gmt":"2021-02-21T19:30:37","guid":{"rendered":"https:\/\/www.autonvaraosahaku.fi\/?product=trw-gdb148-jarrupalat"},"modified":"2021-02-21T19:30:42","modified_gmt":"2021-02-21T19:30:42","slug":"trw-gdb148-jarrupalat","status":"publish","type":"product","link":"https:\/\/www.autonvaraosahaku.fi\/?product=trw-gdb148-jarrupalat","title":{"rendered":"TRW GDB148 Jarrupalat"},"content":{"rendered":"<p>Valmistaja rajaus: BENDIX; Kulumisenilmaisimen liitos: Kulumisenilmaisemelle; Tarkistuskilpi: E9 90R 01107\/147; Korkeus (mm): 49,6; Pituus (mm): 108,8; Paksuus [mm]: 14; M\u00e4\u00e4r\u00e4yksikk\u00f6: Akselisarja; Tuotelinja: COTEC; Asennuspuoli: Vorderachse; DACIA: 1310 Stufenheck U, X,1300,1410 Kombi; CITRO\u00cbN: VISA Cabriolet; PEUGEOT: 104,305 II 581M,304 _04M_,104 Coupe,305 I 581A,304 Break _04D_,305 I Break 581D; RENAULT: 4 112_,5 122_,4 Kasten R21_, R23_,ESPACE I J11_,12,16 115_,6 118_,18 134_,17,18 Variable 135_,5 Kasten 238_,12 Variable 117_,20 127_,15 130_,14 121_,18 Kasten,12 Kasten; ALPINE: A310; TALBOT: SAMBA Cabriolet 51E,SAMBA 51A,1307-1510; 7701202890, 6000039184, 5501436, 75531486, 95663076, 7701202890, 8455000902, 8455200321, 8455200355, 8455454894, 0000000791440, 4320271, 792999, 424567, 424830, 424864, 424887, 425010, 425011, 425067, 6025071188, 7701200247, 7701200320, 7701200321, 7701200350, 7701200355, 7701200606, 7701200826, 7701201095, 7701201106, 7701201121, 7701201126, 7701201164, 7701201296, 7701201297, 7701201299, 7701201300, 7701201306, 7701201309, 7701201310, 7701201382, 7701201470, 7701202890, 7701202903, 7701202954, 7701348070, 7701348071, 7701348683, 7701348684, 7701348863, 7701349049, 7701349448, 7701452106, 7701452985, 7701454247, 7701454894, 7702124214, 7702127301, 7702127303, 424864, 424887, 425067; Jarrupalasarja,Jarrupala, Levyjarru<\/p>\n","protected":false},"excerpt":{"rendered":"<p>TRW Jarrupalat GDB148 Jarrupalasarja,Jarrupala, Levyjarru DACIA,CITRO\u00cbN,PEUGEOT,1310 Stufenheck U, X,1300,1410 Kombi,VISA Cabriolet,104,305 II 581M<\/p>\n","protected":false},"featured_media":0,"template":"","meta":{"site-sidebar-layout":"default","site-content-layout":"default","ast-global-header-display":"","ast-main-header-display":"","ast-hfb-above-header-display":"","ast-hfb-below-header-display":"","ast-hfb-mobile-header-display":"","site-post-title":"","ast-breadcrumbs-content":"","ast-featured-img":"","footer-sml-layout":"","theme-transparent-header-meta":"","adv-header-id-meta":"","stick-header-meta":"","header-above-stick-meta":"","header-main-stick-meta":"","header-below-stick-meta":""},"pwb-brand":[332],"product_cat":[100],"product_tag":[],"class_list":{"0":"post-73958","1":"product","2":"type-product","3":"status-publish","5":"pwb-brand-trw","6":"product_cat-jarrupalat","7":"desktop-align-left","8":"tablet-align-left","9":"mobile-align-left","11":"first","12":"instock","13":"product-type-external"},"brands":[{"id":332,"name":"TRW","slug":"trw"}],"_links":{"self":[{"href":"https:\/\/www.autonvaraosahaku.fi\/index.php?rest_route=\/wp\/v2\/product\/73958","targetHints":{"allow":["GET"]}}],"collection":[{"href":"https:\/\/www.autonvaraosahaku.fi\/index.php?rest_route=\/wp\/v2\/product"}],"about":[{"href":"https:\/\/www.autonvaraosahaku.fi\/index.php?rest_route=\/wp\/v2\/types\/product"}],"wp:attachment":[{"href":"https:\/\/www.autonvaraosahaku.fi\/index.php?rest_route=%2Fwp%2Fv2%2Fmedia&parent=73958"}],"wp:term":[{"taxonomy":"pwb-brand","embeddable":true,"href":"https:\/\/www.autonvaraosahaku.fi\/index.php?rest_route=%2Fwp%2Fv2%2Fpwb-brand&post=73958"},{"taxonomy":"product_cat","embeddable":true,"href":"https:\/\/www.autonvaraosahaku.fi\/index.php?rest_route=%2Fwp%2Fv2%2Fproduct_cat&post=73958"},{"taxonomy":"product_tag","embeddable":true,"href":"https:\/\/www.autonvaraosahaku.fi\/index.php?rest_route=%2Fwp%2Fv2%2Fproduct_tag&post=73958"}],"curies":[{"name":"wp","href":"https:\/\/api.w.org\/{rel}","templated":true}]}}