{"id":73978,"date":"2021-02-21T19:30:44","date_gmt":"2021-02-21T19:30:44","guid":{"rendered":"https:\/\/www.autonvaraosahaku.fi\/?product=febi-bilstein-10913-jarrulevyt"},"modified":"2021-02-21T19:30:49","modified_gmt":"2021-02-21T19:30:49","slug":"febi-bilstein-10913-jarrulevyt","status":"publish","type":"product","link":"https:\/\/www.autonvaraosahaku.fi\/?product=febi-bilstein-10913-jarrulevyt","title":{"rendered":"FEBI BILSTEIN 10913 Jarrulevyt"},"content":{"rendered":"<p>Jarrulevyn paksuus (mm): 22; Kiinnitysreikien lukum\u00e4\u00e4r\u00e4: 4; Paksuus [mm]: 56,5; Ulkol\u00e4pimitta [mm]: 256,0; Reik\u00e4ympyr\u00e4-\u00d8 [mm]: 108; Pinta: pinnoitettu; Jarrulevytyyppi: Tuuletettu, sis\u00e4; Asennuspuoli: Etuakseli; Paino [kg]: 5,114; Huomioi huolto-ohjeet: , ; Valmistusvuoteen: 12\/1992; AUDI: 80 8C, B4,CABRIOLET 8G7, B4,80 Avant 8C, B4,COUPE 89, 8B; 895615301A; Jarrulevy<\/p>\n","protected":false},"excerpt":{"rendered":"<p>FEBI BILSTEIN Jarrulevyt 10913 Jarrulevy AUDI,80 8C, B4,CABRIOLET 8G7, B4,80 Avant 8C, B4,COUPE 89, 8B<\/p>\n","protected":false},"featured_media":0,"template":"","meta":{"site-sidebar-layout":"default","site-content-layout":"default","ast-global-header-display":"","ast-main-header-display":"","ast-hfb-above-header-display":"","ast-hfb-below-header-display":"","ast-hfb-mobile-header-display":"","site-post-title":"","ast-breadcrumbs-content":"","ast-featured-img":"","footer-sml-layout":"","theme-transparent-header-meta":"","adv-header-id-meta":"","stick-header-meta":"","header-above-stick-meta":"","header-main-stick-meta":"","header-below-stick-meta":""},"pwb-brand":[50],"product_cat":[66],"product_tag":[],"class_list":{"0":"post-73978","1":"product","2":"type-product","3":"status-publish","5":"pwb-brand-febi-bilstein","6":"product_cat-jarrulevyt","7":"desktop-align-left","8":"tablet-align-left","9":"mobile-align-left","11":"first","12":"instock","13":"product-type-external"},"brands":[{"id":50,"name":"FEBI BILSTEIN","slug":"febi-bilstein"}],"_links":{"self":[{"href":"https:\/\/www.autonvaraosahaku.fi\/index.php?rest_route=\/wp\/v2\/product\/73978","targetHints":{"allow":["GET"]}}],"collection":[{"href":"https:\/\/www.autonvaraosahaku.fi\/index.php?rest_route=\/wp\/v2\/product"}],"about":[{"href":"https:\/\/www.autonvaraosahaku.fi\/index.php?rest_route=\/wp\/v2\/types\/product"}],"wp:attachment":[{"href":"https:\/\/www.autonvaraosahaku.fi\/index.php?rest_route=%2Fwp%2Fv2%2Fmedia&parent=73978"}],"wp:term":[{"taxonomy":"pwb-brand","embeddable":true,"href":"https:\/\/www.autonvaraosahaku.fi\/index.php?rest_route=%2Fwp%2Fv2%2Fpwb-brand&post=73978"},{"taxonomy":"product_cat","embeddable":true,"href":"https:\/\/www.autonvaraosahaku.fi\/index.php?rest_route=%2Fwp%2Fv2%2Fproduct_cat&post=73978"},{"taxonomy":"product_tag","embeddable":true,"href":"https:\/\/www.autonvaraosahaku.fi\/index.php?rest_route=%2Fwp%2Fv2%2Fproduct_tag&post=73978"}],"curies":[{"name":"wp","href":"https:\/\/api.w.org\/{rel}","templated":true}]}}