{"id":73987,"date":"2021-02-21T19:30:51","date_gmt":"2021-02-21T19:30:51","guid":{"rendered":"https:\/\/www.autonvaraosahaku.fi\/?product=trw-df4484-jarrulevyt"},"modified":"2021-02-21T19:30:53","modified_gmt":"2021-02-21T19:30:53","slug":"trw-df4484-jarrulevyt","status":"publish","type":"product","link":"https:\/\/www.autonvaraosahaku.fi\/?product=trw-df4484-jarrulevyt","title":{"rendered":"TRW DF4484 Jarrulevyt"},"content":{"rendered":"<p>Korkeus (mm): 68; keskitt\u00e4misl\u00e4pimitta [mm]: 106; V\u00e4himm\u00e4ispaksuus (mm): 16; Jarrulevyn paksuus (mm): 18; Ulkol\u00e4pimitta [mm]: 312; Reik\u00e4ympyr\u00e4-\u00d8 [mm]: 139,7; Reikien m\u00e4\u00e4r\u00e4: 6; Jarrulevytyyppi: Tuuletettu; Kierremitta: 14,4; V\u00e4ri: Musta; Pinta: Lakattu; Asennuspuoli: Hinterachse; LEXUS: GX _J12_; TOYOTA: LAND CRUISER KDJ12_, GRJ12_,HILUX III Pick-up TGN1_, GGN2_, GGN1_, KUN2_, KUN1_,LAND CRUISER 90 _J9_,LAND CRUISER PZJ7_, KZJ7_, HZJ7_, BJ7_, LJ7_, RJ7_,LAND CRUISER 80 _J8_,LAND CRUISER Pick-up _J7_,FJ CRUISER GSJ1_,LAND CRUISER Hardtop _J7_,4 RUNNER UZN21_, KZN21_, GRN21_; 4243160201, 4243160270, 4243160130, 4243160190, 4243160200, 4243160201; Jarrulevy<\/p>\n","protected":false},"excerpt":{"rendered":"<p>TRW Jarrulevyt DF4484 Jarrulevy LEXUS,TOYOTA,GX _J12_,LAND CRUISER KDJ12_, GRJ12_,HILUX III Pick-up TGN1_, GGN2_, GGN1_, KUN2_, KUN1_<\/p>\n","protected":false},"featured_media":0,"template":"","meta":{"site-sidebar-layout":"default","site-content-layout":"default","ast-global-header-display":"","ast-main-header-display":"","ast-hfb-above-header-display":"","ast-hfb-below-header-display":"","ast-hfb-mobile-header-display":"","site-post-title":"","ast-breadcrumbs-content":"","ast-featured-img":"","footer-sml-layout":"","theme-transparent-header-meta":"","adv-header-id-meta":"","stick-header-meta":"","header-above-stick-meta":"","header-main-stick-meta":"","header-below-stick-meta":""},"pwb-brand":[332],"product_cat":[66],"product_tag":[],"class_list":{"0":"post-73987","1":"product","2":"type-product","3":"status-publish","5":"pwb-brand-trw","6":"product_cat-jarrulevyt","7":"desktop-align-left","8":"tablet-align-left","9":"mobile-align-left","11":"first","12":"instock","13":"product-type-external"},"brands":[{"id":332,"name":"TRW","slug":"trw"}],"_links":{"self":[{"href":"https:\/\/www.autonvaraosahaku.fi\/index.php?rest_route=\/wp\/v2\/product\/73987","targetHints":{"allow":["GET"]}}],"collection":[{"href":"https:\/\/www.autonvaraosahaku.fi\/index.php?rest_route=\/wp\/v2\/product"}],"about":[{"href":"https:\/\/www.autonvaraosahaku.fi\/index.php?rest_route=\/wp\/v2\/types\/product"}],"wp:attachment":[{"href":"https:\/\/www.autonvaraosahaku.fi\/index.php?rest_route=%2Fwp%2Fv2%2Fmedia&parent=73987"}],"wp:term":[{"taxonomy":"pwb-brand","embeddable":true,"href":"https:\/\/www.autonvaraosahaku.fi\/index.php?rest_route=%2Fwp%2Fv2%2Fpwb-brand&post=73987"},{"taxonomy":"product_cat","embeddable":true,"href":"https:\/\/www.autonvaraosahaku.fi\/index.php?rest_route=%2Fwp%2Fv2%2Fproduct_cat&post=73987"},{"taxonomy":"product_tag","embeddable":true,"href":"https:\/\/www.autonvaraosahaku.fi\/index.php?rest_route=%2Fwp%2Fv2%2Fproduct_tag&post=73987"}],"curies":[{"name":"wp","href":"https:\/\/api.w.org\/{rel}","templated":true}]}}