{"id":7400,"date":"2021-02-21T14:00:06","date_gmt":"2021-02-21T14:00:06","guid":{"rendered":"https:\/\/www.autonvaraosahaku.fi\/?product=master-sport-300856-set-ms-vetonivel"},"modified":"2021-02-21T14:00:06","modified_gmt":"2021-02-21T14:00:06","slug":"master-sport-300856-set-ms-vetonivel","status":"publish","type":"product","link":"https:\/\/www.autonvaraosahaku.fi\/?product=master-sport-300856-set-ms-vetonivel","title":{"rendered":"MASTER-SPORT 300856-SET-MS Vetonivel"},"content":{"rendered":"<p>Asennuspuoli: Py\u00f6r\u00e4n puoli; Nivelmalli: Vakionopeusnivel; Jarru-\/ajodynamiikka: Autoihin, joissa ABS; Ulkohammastus, py\u00f6r\u00e4npuoli: 38; Hammasluku, ABS-keh\u00e4: 45; Sis\u00e4hammastus, py\u00f6r\u00e4npuoli: 27; Tiivisteen l\u00e4pimitta [mm]: 59,5; Pituus (mm): 97,5; Nettopaino [kg]: 2,69; Bruttopaino [kg]: 2,72; VW: PASSAT Variant 3B6,PASSAT Variant 3B5,PASSAT 3B2,PASSAT 3B3; AUDI: A4 8D2, B5,A6 Avant 4B5, C5,A4 Avant 8D5, B5,A6 4B2, C5,A8 4D2, 4D8,ALLROAD 4BH, C5; SKODA: SUPERB 3U4; 4D0407305B, 4D0498099, 4D0498099A, 4D0598099, 8D0407305J, 8D0498099D, 8D0498099E, 8E0498099A, 8E0498099G, 1H0407271CX, 4D0407305B, 4D0498099A, 8E0498099A, 4D0407305B, 4D0498099, 4D0498099A, 4D0598099, 8D0407305J, 8E0498099A, 1H0407271GX, 4D0407305B, 4D0498099, 4D0498099A, 4D0598099, 8D0407305J, 8D0498099D, 8D0498099E, 8E0498099A, 8E0498099G; Nivelsarja, Vetoakseli<\/p>\n","protected":false},"excerpt":{"rendered":"<p>MASTER-SPORT Vetonivel 300856-SET-MS Nivelsarja, Vetoakseli VW,AUDI,SKODA,PASSAT Variant 3B6,PASSAT Variant 3B5,PASSAT 3B2,PASSAT 3B3,A4 8D2, B5<\/p>\n","protected":false},"featured_media":0,"template":"","meta":{"site-sidebar-layout":"default","site-content-layout":"default","ast-global-header-display":"","ast-main-header-display":"","ast-hfb-above-header-display":"","ast-hfb-below-header-display":"","ast-hfb-mobile-header-display":"","site-post-title":"","ast-breadcrumbs-content":"","ast-featured-img":"","footer-sml-layout":"","theme-transparent-header-meta":"","adv-header-id-meta":"","stick-header-meta":"","header-above-stick-meta":"","header-main-stick-meta":"","header-below-stick-meta":""},"pwb-brand":[61],"product_cat":[175],"product_tag":[],"class_list":{"0":"post-7400","1":"product","2":"type-product","3":"status-publish","5":"pwb-brand-master-sport","6":"product_cat-vetonivel","7":"desktop-align-left","8":"tablet-align-left","9":"mobile-align-left","11":"first","12":"instock","13":"product-type-external"},"brands":[{"id":61,"name":"MASTER-SPORT","slug":"master-sport"}],"_links":{"self":[{"href":"https:\/\/www.autonvaraosahaku.fi\/index.php?rest_route=\/wp\/v2\/product\/7400","targetHints":{"allow":["GET"]}}],"collection":[{"href":"https:\/\/www.autonvaraosahaku.fi\/index.php?rest_route=\/wp\/v2\/product"}],"about":[{"href":"https:\/\/www.autonvaraosahaku.fi\/index.php?rest_route=\/wp\/v2\/types\/product"}],"wp:attachment":[{"href":"https:\/\/www.autonvaraosahaku.fi\/index.php?rest_route=%2Fwp%2Fv2%2Fmedia&parent=7400"}],"wp:term":[{"taxonomy":"pwb-brand","embeddable":true,"href":"https:\/\/www.autonvaraosahaku.fi\/index.php?rest_route=%2Fwp%2Fv2%2Fpwb-brand&post=7400"},{"taxonomy":"product_cat","embeddable":true,"href":"https:\/\/www.autonvaraosahaku.fi\/index.php?rest_route=%2Fwp%2Fv2%2Fproduct_cat&post=7400"},{"taxonomy":"product_tag","embeddable":true,"href":"https:\/\/www.autonvaraosahaku.fi\/index.php?rest_route=%2Fwp%2Fv2%2Fproduct_tag&post=7400"}],"curies":[{"name":"wp","href":"https:\/\/api.w.org\/{rel}","templated":true}]}}