{"id":74001,"date":"2021-02-21T19:30:58","date_gmt":"2021-02-21T19:30:58","guid":{"rendered":"https:\/\/www.autonvaraosahaku.fi\/?product=trw-df4363-jarrulevyt"},"modified":"2021-02-21T19:30:58","modified_gmt":"2021-02-21T19:30:58","slug":"trw-df4363-jarrulevyt","status":"publish","type":"product","link":"https:\/\/www.autonvaraosahaku.fi\/?product=trw-df4363-jarrulevyt","title":{"rendered":"TRW DF4363 Jarrulevyt"},"content":{"rendered":"<p>Ulkol\u00e4pimitta [mm]: 302; Korkeus (mm): 34,2; Reik\u00e4ympyr\u00e4-\u00d8 [mm]: 108; keskitt\u00e4misl\u00e4pimitta [mm]: 66; Jarrulevyn paksuus (mm): 26; Reikien m\u00e4\u00e4r\u00e4: 4; Jarrulevytyyppi: Tuuletettu; K\u00e4sittely: hiiliter\u00e4s; V\u00e4himm\u00e4ispaksuus (mm): 24,2; Kierremitta: 13,1; V\u00e4ri: Musta; Pinta: Lakattu; Asennuspuoli: Vorderachse; CITRO\u00cbN: C4 Picasso I UD_,C4 Grand Picasso I UA_,C4 I LC_,C4 Coupe LA_; PEUGEOT: 207 WA_, WC_,307 SW 3H,307 CC 3B,307 3A\/C,207 SW WK_,307 Break 3E,3008; 1606308280, 4246C0, 424933, 424985, 9687602180, 9809266280, 9687602180, 1606308280, 4246C0, 4246P5, 424985, 9687602180, 9809266280; Jarrulevy<\/p>\n","protected":false},"excerpt":{"rendered":"<p>TRW Jarrulevyt DF4363 Jarrulevy CITRO\u00cbN,PEUGEOT,C4 Picasso I UD_,C4 Grand Picasso I UA_,C4 I LC_,C4 Coupe LA_,207 WA_, WC_,307 SW 3H,307 CC 3B<\/p>\n","protected":false},"featured_media":0,"template":"","meta":{"site-sidebar-layout":"default","site-content-layout":"default","ast-global-header-display":"","ast-main-header-display":"","ast-hfb-above-header-display":"","ast-hfb-below-header-display":"","ast-hfb-mobile-header-display":"","site-post-title":"","ast-breadcrumbs-content":"","ast-featured-img":"","footer-sml-layout":"","theme-transparent-header-meta":"","adv-header-id-meta":"","stick-header-meta":"","header-above-stick-meta":"","header-main-stick-meta":"","header-below-stick-meta":""},"pwb-brand":[332],"product_cat":[66],"product_tag":[],"class_list":{"0":"post-74001","1":"product","2":"type-product","3":"status-publish","5":"pwb-brand-trw","6":"product_cat-jarrulevyt","7":"desktop-align-left","8":"tablet-align-left","9":"mobile-align-left","11":"first","12":"instock","13":"product-type-external"},"brands":[{"id":332,"name":"TRW","slug":"trw"}],"_links":{"self":[{"href":"https:\/\/www.autonvaraosahaku.fi\/index.php?rest_route=\/wp\/v2\/product\/74001","targetHints":{"allow":["GET"]}}],"collection":[{"href":"https:\/\/www.autonvaraosahaku.fi\/index.php?rest_route=\/wp\/v2\/product"}],"about":[{"href":"https:\/\/www.autonvaraosahaku.fi\/index.php?rest_route=\/wp\/v2\/types\/product"}],"wp:attachment":[{"href":"https:\/\/www.autonvaraosahaku.fi\/index.php?rest_route=%2Fwp%2Fv2%2Fmedia&parent=74001"}],"wp:term":[{"taxonomy":"pwb-brand","embeddable":true,"href":"https:\/\/www.autonvaraosahaku.fi\/index.php?rest_route=%2Fwp%2Fv2%2Fpwb-brand&post=74001"},{"taxonomy":"product_cat","embeddable":true,"href":"https:\/\/www.autonvaraosahaku.fi\/index.php?rest_route=%2Fwp%2Fv2%2Fproduct_cat&post=74001"},{"taxonomy":"product_tag","embeddable":true,"href":"https:\/\/www.autonvaraosahaku.fi\/index.php?rest_route=%2Fwp%2Fv2%2Fproduct_tag&post=74001"}],"curies":[{"name":"wp","href":"https:\/\/api.w.org\/{rel}","templated":true}]}}