{"id":74031,"date":"2021-02-21T19:31:05","date_gmt":"2021-02-21T19:31:05","guid":{"rendered":"https:\/\/www.autonvaraosahaku.fi\/?product=magneti-marelli-805001800302-polttoainesuutin"},"modified":"2021-02-21T19:31:09","modified_gmt":"2021-02-21T19:31:09","slug":"magneti-marelli-805001800302-polttoainesuutin","status":"publish","type":"product","link":"https:\/\/www.autonvaraosahaku.fi\/?product=magneti-marelli-805001800302-polttoainesuutin","title":{"rendered":"MAGNETI MARELLI 805001800302 Polttoainesuutin"},"content":{"rendered":"<p>K\u00e4ytt\u00f6: S\u00e4hk\u00f6inen; Rakennemalli: MercatoTURCHIA; LANCIA: YPSILON 843,MUSA 350,YPSILON 312, 846; FORD: KA RU8; ALFA ROMEO: MITO 955; FIAT: GRANDE PUNTO 199,500 312,PUNTO EVO 199,500 C 312,PUNTO 199,IDEA,PANDA 312,QUBO 225,LINEA 323; 71792994, 77363790, 1562024, 9S519F593DA<\/p>\n","protected":false},"excerpt":{"rendered":"<p>MAGNETI MARELLI Ruiskutusventtiili 805001800302  LANCIA,FORD,ALFA ROMEO,YPSILON 843,MUSA 350,YPSILON 312, 846,KA RU8,MITO 955,GRANDE PUNTO 199,500 312<\/p>\n","protected":false},"featured_media":0,"template":"","meta":{"site-sidebar-layout":"default","site-content-layout":"default","ast-global-header-display":"","ast-main-header-display":"","ast-hfb-above-header-display":"","ast-hfb-below-header-display":"","ast-hfb-mobile-header-display":"","site-post-title":"","ast-breadcrumbs-content":"","ast-featured-img":"","footer-sml-layout":"","theme-transparent-header-meta":"","adv-header-id-meta":"","stick-header-meta":"","header-above-stick-meta":"","header-main-stick-meta":"","header-below-stick-meta":""},"pwb-brand":[34],"product_cat":[346],"product_tag":[],"class_list":{"0":"post-74031","1":"product","2":"type-product","3":"status-publish","5":"pwb-brand-magneti-marelli","6":"product_cat-polttoainesuutin","7":"desktop-align-left","8":"tablet-align-left","9":"mobile-align-left","11":"first","12":"instock","13":"product-type-external"},"brands":[{"id":34,"name":"MAGNETI MARELLI","slug":"magneti-marelli"}],"_links":{"self":[{"href":"https:\/\/www.autonvaraosahaku.fi\/index.php?rest_route=\/wp\/v2\/product\/74031","targetHints":{"allow":["GET"]}}],"collection":[{"href":"https:\/\/www.autonvaraosahaku.fi\/index.php?rest_route=\/wp\/v2\/product"}],"about":[{"href":"https:\/\/www.autonvaraosahaku.fi\/index.php?rest_route=\/wp\/v2\/types\/product"}],"wp:attachment":[{"href":"https:\/\/www.autonvaraosahaku.fi\/index.php?rest_route=%2Fwp%2Fv2%2Fmedia&parent=74031"}],"wp:term":[{"taxonomy":"pwb-brand","embeddable":true,"href":"https:\/\/www.autonvaraosahaku.fi\/index.php?rest_route=%2Fwp%2Fv2%2Fpwb-brand&post=74031"},{"taxonomy":"product_cat","embeddable":true,"href":"https:\/\/www.autonvaraosahaku.fi\/index.php?rest_route=%2Fwp%2Fv2%2Fproduct_cat&post=74031"},{"taxonomy":"product_tag","embeddable":true,"href":"https:\/\/www.autonvaraosahaku.fi\/index.php?rest_route=%2Fwp%2Fv2%2Fproduct_tag&post=74031"}],"curies":[{"name":"wp","href":"https:\/\/api.w.org\/{rel}","templated":true}]}}