{"id":74033,"date":"2021-02-21T19:31:05","date_gmt":"2021-02-21T19:31:05","guid":{"rendered":"https:\/\/www.autonvaraosahaku.fi\/?product=trw-df2622-jarrulevyt"},"modified":"2021-02-21T19:31:09","modified_gmt":"2021-02-21T19:31:09","slug":"trw-df2622-jarrulevyt","status":"publish","type":"product","link":"https:\/\/www.autonvaraosahaku.fi\/?product=trw-df2622-jarrulevyt","title":{"rendered":"TRW DF2622 Jarrulevyt"},"content":{"rendered":"<p>Pinta: Lakattu; Jarrulevytyyppi: Tuuletettu; Ulkol\u00e4pimitta [mm]: 260; Jarrulevyn paksuus (mm): 24; V\u00e4himm\u00e4ispaksuus (mm): 22,2; keskitt\u00e4misl\u00e4pimitta [mm]: 64; Korkeus (mm): 47; Reikien m\u00e4\u00e4r\u00e4: 4; Kierremitta: 13,6; Reik\u00e4ympyr\u00e4-\u00d8 [mm]: 108; V\u00e4ri: Musta; Asennuspuoli: Vorderachse; FORD: MONDEO II Kombi BNP,COUGAR EC_,MONDEO II BAP,MONDEO II Stufenheck BFP,MONDEO I Kombi BNP,MONDEO I GBP,SCORPIO II GFR, GGR,SCORPIO I GAE, GGE,MONDEO I Stufenheck GBP,SCORPIO II Kombi GNR, GGR,SCORPIO I Stufenheck GGE; 1757848, 4056029, 4070865, 5026784, 6784094, 93BX1124AC, 93BX1125AC; Jarrulevy<\/p>\n","protected":false},"excerpt":{"rendered":"<p>TRW Jarrulevyt DF2622 Jarrulevy FORD,MONDEO II Kombi BNP,COUGAR EC_,MONDEO II BAP,MONDEO II Stufenheck BFP,MONDEO I Kombi BNP,MONDEO I GBP<\/p>\n","protected":false},"featured_media":0,"template":"","meta":{"site-sidebar-layout":"default","site-content-layout":"default","ast-global-header-display":"","ast-main-header-display":"","ast-hfb-above-header-display":"","ast-hfb-below-header-display":"","ast-hfb-mobile-header-display":"","site-post-title":"","ast-breadcrumbs-content":"","ast-featured-img":"","footer-sml-layout":"","theme-transparent-header-meta":"","adv-header-id-meta":"","stick-header-meta":"","header-above-stick-meta":"","header-main-stick-meta":"","header-below-stick-meta":""},"pwb-brand":[332],"product_cat":[66],"product_tag":[],"class_list":{"0":"post-74033","1":"product","2":"type-product","3":"status-publish","5":"pwb-brand-trw","6":"product_cat-jarrulevyt","7":"desktop-align-left","8":"tablet-align-left","9":"mobile-align-left","11":"first","12":"instock","13":"product-type-external"},"brands":[{"id":332,"name":"TRW","slug":"trw"}],"_links":{"self":[{"href":"https:\/\/www.autonvaraosahaku.fi\/index.php?rest_route=\/wp\/v2\/product\/74033","targetHints":{"allow":["GET"]}}],"collection":[{"href":"https:\/\/www.autonvaraosahaku.fi\/index.php?rest_route=\/wp\/v2\/product"}],"about":[{"href":"https:\/\/www.autonvaraosahaku.fi\/index.php?rest_route=\/wp\/v2\/types\/product"}],"wp:attachment":[{"href":"https:\/\/www.autonvaraosahaku.fi\/index.php?rest_route=%2Fwp%2Fv2%2Fmedia&parent=74033"}],"wp:term":[{"taxonomy":"pwb-brand","embeddable":true,"href":"https:\/\/www.autonvaraosahaku.fi\/index.php?rest_route=%2Fwp%2Fv2%2Fpwb-brand&post=74033"},{"taxonomy":"product_cat","embeddable":true,"href":"https:\/\/www.autonvaraosahaku.fi\/index.php?rest_route=%2Fwp%2Fv2%2Fproduct_cat&post=74033"},{"taxonomy":"product_tag","embeddable":true,"href":"https:\/\/www.autonvaraosahaku.fi\/index.php?rest_route=%2Fwp%2Fv2%2Fproduct_tag&post=74033"}],"curies":[{"name":"wp","href":"https:\/\/api.w.org\/{rel}","templated":true}]}}