{"id":74039,"date":"2021-02-21T19:31:05","date_gmt":"2021-02-21T19:31:05","guid":{"rendered":"https:\/\/www.autonvaraosahaku.fi\/?product=magneti-marelli-352304070000-iskunvaimennin"},"modified":"2021-02-21T19:31:11","modified_gmt":"2021-02-21T19:31:11","slug":"magneti-marelli-352304070000-iskunvaimennin","status":"publish","type":"product","link":"https:\/\/www.autonvaraosahaku.fi\/?product=magneti-marelli-352304070000-iskunvaimennin","title":{"rendered":"MAGNETI MARELLI 352304070000 Iskunvaimennin"},"content":{"rendered":"<p>Asennuspuoli: Taka-akseli; Pituus (mm): 558,5; Pituus 2 (mm): 341,5; Iskunvaimennin malli: Vaimennusmoduuli; Iskunvaimennin asennustapa: Silmukka ylh\u00e4\u00e4ll\u00e4, Tappi alhaalla; Iskunvaimennusj\u00e4rjestelm\u00e4: Kaksiputki; Iskunvaimennin tyyppi: Kaasupaine; L\u00e4pimitta 1 [mm]: 54; L\u00e4pimitta 2 [mm]: 32; LAND ROVER: DEFENDER Station Wagon LD,DEFENDER Pick-up LD_,DEFENDER Cabrio LD,90\/110 DHMC,DISCOVERY I LJ, LG,RANGE ROVER I AE, AN, HAA, HAB, HAM, HBM, RE, RN; 276937, 508034, 90508043, 91264602, 91264604, GDA1007, GSA424, NRC8454, NRC8456, NRC9271, NTC1125, NTC7949, NTC7950, RPD102390, RPM100070G, RPM100080G, RTC3454, RTC3455, RTC4630, STC208, 162790, 167795, 168724, 577652, 81164395, 81164408, 81164739; Iskarit,Iskunvaimennin<\/p>\n","protected":false},"excerpt":{"rendered":"<p>MAGNETI MARELLI Iskunvaimentimet 352304070000 Iskarit,Iskunvaimennin LAND ROVER,DEFENDER Station Wagon LD,DEFENDER Pick-up LD_,DEFENDER Cabrio LD<\/p>\n","protected":false},"featured_media":0,"template":"","meta":{"site-sidebar-layout":"default","site-content-layout":"default","ast-global-header-display":"","ast-main-header-display":"","ast-hfb-above-header-display":"","ast-hfb-below-header-display":"","ast-hfb-mobile-header-display":"","site-post-title":"","ast-breadcrumbs-content":"","ast-featured-img":"","footer-sml-layout":"","theme-transparent-header-meta":"","adv-header-id-meta":"","stick-header-meta":"","header-above-stick-meta":"","header-main-stick-meta":"","header-below-stick-meta":""},"pwb-brand":[34],"product_cat":[80],"product_tag":[],"class_list":{"0":"post-74039","1":"product","2":"type-product","3":"status-publish","5":"pwb-brand-magneti-marelli","6":"product_cat-iskunvaimennin","7":"desktop-align-left","8":"tablet-align-left","9":"mobile-align-left","11":"first","12":"instock","13":"product-type-external"},"brands":[{"id":34,"name":"MAGNETI MARELLI","slug":"magneti-marelli"}],"_links":{"self":[{"href":"https:\/\/www.autonvaraosahaku.fi\/index.php?rest_route=\/wp\/v2\/product\/74039","targetHints":{"allow":["GET"]}}],"collection":[{"href":"https:\/\/www.autonvaraosahaku.fi\/index.php?rest_route=\/wp\/v2\/product"}],"about":[{"href":"https:\/\/www.autonvaraosahaku.fi\/index.php?rest_route=\/wp\/v2\/types\/product"}],"wp:attachment":[{"href":"https:\/\/www.autonvaraosahaku.fi\/index.php?rest_route=%2Fwp%2Fv2%2Fmedia&parent=74039"}],"wp:term":[{"taxonomy":"pwb-brand","embeddable":true,"href":"https:\/\/www.autonvaraosahaku.fi\/index.php?rest_route=%2Fwp%2Fv2%2Fpwb-brand&post=74039"},{"taxonomy":"product_cat","embeddable":true,"href":"https:\/\/www.autonvaraosahaku.fi\/index.php?rest_route=%2Fwp%2Fv2%2Fproduct_cat&post=74039"},{"taxonomy":"product_tag","embeddable":true,"href":"https:\/\/www.autonvaraosahaku.fi\/index.php?rest_route=%2Fwp%2Fv2%2Fproduct_tag&post=74039"}],"curies":[{"name":"wp","href":"https:\/\/api.w.org\/{rel}","templated":true}]}}