{"id":74041,"date":"2021-02-21T19:31:12","date_gmt":"2021-02-21T19:31:12","guid":{"rendered":"https:\/\/www.autonvaraosahaku.fi\/?product=magneti-marelli-214310000610-polttoainesuutin"},"modified":"2021-02-21T19:31:13","modified_gmt":"2021-02-21T19:31:13","slug":"magneti-marelli-214310000610-polttoainesuutin","status":"publish","type":"product","link":"https:\/\/www.autonvaraosahaku.fi\/?product=magneti-marelli-214310000610-polttoainesuutin","title":{"rendered":"MAGNETI MARELLI 214310000610 Polttoainesuutin"},"content":{"rendered":"<p>Erittely: 769|MPI (Multipoint); K\u00e4ytt\u00f6: S\u00e4hk\u00f6inen; Moottorinumero: TU5J4; FIAT: PUNTO 188,STILO 192,BRAVO I 182,BRAVA 182; PEUGEOT: 106 II 1; CITRO\u00cbN: SAXO S0, S1; 9627771580, 60657179<\/p>\n","protected":false},"excerpt":{"rendered":"<p>MAGNETI MARELLI Ruiskutusventtiili 214310000610  FIAT,PEUGEOT,CITRO\u00cbN,PUNTO 188,STILO 192,BRAVO I 182,BRAVA 182,106 II 1,SAXO S0, S1<\/p>\n","protected":false},"featured_media":0,"template":"","meta":{"site-sidebar-layout":"default","site-content-layout":"default","ast-global-header-display":"","ast-main-header-display":"","ast-hfb-above-header-display":"","ast-hfb-below-header-display":"","ast-hfb-mobile-header-display":"","site-post-title":"","ast-breadcrumbs-content":"","ast-featured-img":"","footer-sml-layout":"","theme-transparent-header-meta":"","adv-header-id-meta":"","stick-header-meta":"","header-above-stick-meta":"","header-main-stick-meta":"","header-below-stick-meta":""},"pwb-brand":[34],"product_cat":[346],"product_tag":[],"class_list":{"0":"post-74041","1":"product","2":"type-product","3":"status-publish","5":"pwb-brand-magneti-marelli","6":"product_cat-polttoainesuutin","7":"desktop-align-left","8":"tablet-align-left","9":"mobile-align-left","11":"first","12":"instock","13":"product-type-external"},"brands":[{"id":34,"name":"MAGNETI MARELLI","slug":"magneti-marelli"}],"_links":{"self":[{"href":"https:\/\/www.autonvaraosahaku.fi\/index.php?rest_route=\/wp\/v2\/product\/74041","targetHints":{"allow":["GET"]}}],"collection":[{"href":"https:\/\/www.autonvaraosahaku.fi\/index.php?rest_route=\/wp\/v2\/product"}],"about":[{"href":"https:\/\/www.autonvaraosahaku.fi\/index.php?rest_route=\/wp\/v2\/types\/product"}],"wp:attachment":[{"href":"https:\/\/www.autonvaraosahaku.fi\/index.php?rest_route=%2Fwp%2Fv2%2Fmedia&parent=74041"}],"wp:term":[{"taxonomy":"pwb-brand","embeddable":true,"href":"https:\/\/www.autonvaraosahaku.fi\/index.php?rest_route=%2Fwp%2Fv2%2Fpwb-brand&post=74041"},{"taxonomy":"product_cat","embeddable":true,"href":"https:\/\/www.autonvaraosahaku.fi\/index.php?rest_route=%2Fwp%2Fv2%2Fproduct_cat&post=74041"},{"taxonomy":"product_tag","embeddable":true,"href":"https:\/\/www.autonvaraosahaku.fi\/index.php?rest_route=%2Fwp%2Fv2%2Fproduct_tag&post=74041"}],"curies":[{"name":"wp","href":"https:\/\/api.w.org\/{rel}","templated":true}]}}