{"id":74046,"date":"2021-02-21T19:31:12","date_gmt":"2021-02-21T19:31:12","guid":{"rendered":"https:\/\/www.autonvaraosahaku.fi\/?product=trw-jgt156t-iskunvaimennin"},"modified":"2021-02-21T19:31:14","modified_gmt":"2021-02-21T19:31:14","slug":"trw-jgt156t-iskunvaimennin","status":"publish","type":"product","link":"https:\/\/www.autonvaraosahaku.fi\/?product=trw-jgt156t-iskunvaimennin","title":{"rendered":"TRW JGT156T Iskunvaimennin"},"content":{"rendered":"<p>Lukum\u00e4\u00e4r\u00e4 akselille: 1; Iskunvaimennin tyyppi: Kaasupaine; Iskunvaimennin malli: Teleskooppi-iskunvaimentaja; Iskunvaimennusj\u00e4rjestelm\u00e4: Kaksiputki; Iskunvaimennin asennustapa: Silmukka ylh\u00e4\u00e4ll\u00e4, Silmukka alhaalla; Pituus 1 (mm): 490; Pituus 2 (mm): 304; L\u00e4pimitta [mm]: 41; Huomioi tekniset tiedot: ; lis\u00e4tieto: TWIN; Valmistusvuosi alkaen: 09\/1973; LADA: NIVA 2121,1200-1600,1200-1500 Kombi,NOVA 2105,TOSCANA 2107,NOVA Kombi 2104; 2101291540204; Iskarit,Iskunvaimennin<\/p>\n","protected":false},"excerpt":{"rendered":"<p>TRW Iskunvaimentimet JGT156T Iskarit,Iskunvaimennin LADA,NIVA 2121,1200-1600,1200-1500 Kombi,NOVA 2105,TOSCANA 2107,NOVA Kombi 2104<\/p>\n","protected":false},"featured_media":0,"template":"","meta":{"site-sidebar-layout":"default","site-content-layout":"default","ast-global-header-display":"","ast-main-header-display":"","ast-hfb-above-header-display":"","ast-hfb-below-header-display":"","ast-hfb-mobile-header-display":"","site-post-title":"","ast-breadcrumbs-content":"","ast-featured-img":"","footer-sml-layout":"","theme-transparent-header-meta":"","adv-header-id-meta":"","stick-header-meta":"","header-above-stick-meta":"","header-main-stick-meta":"","header-below-stick-meta":""},"pwb-brand":[332],"product_cat":[80],"product_tag":[],"class_list":{"0":"post-74046","1":"product","2":"type-product","3":"status-publish","5":"pwb-brand-trw","6":"product_cat-iskunvaimennin","7":"desktop-align-left","8":"tablet-align-left","9":"mobile-align-left","11":"first","12":"instock","13":"product-type-external"},"brands":[{"id":332,"name":"TRW","slug":"trw"}],"_links":{"self":[{"href":"https:\/\/www.autonvaraosahaku.fi\/index.php?rest_route=\/wp\/v2\/product\/74046","targetHints":{"allow":["GET"]}}],"collection":[{"href":"https:\/\/www.autonvaraosahaku.fi\/index.php?rest_route=\/wp\/v2\/product"}],"about":[{"href":"https:\/\/www.autonvaraosahaku.fi\/index.php?rest_route=\/wp\/v2\/types\/product"}],"wp:attachment":[{"href":"https:\/\/www.autonvaraosahaku.fi\/index.php?rest_route=%2Fwp%2Fv2%2Fmedia&parent=74046"}],"wp:term":[{"taxonomy":"pwb-brand","embeddable":true,"href":"https:\/\/www.autonvaraosahaku.fi\/index.php?rest_route=%2Fwp%2Fv2%2Fpwb-brand&post=74046"},{"taxonomy":"product_cat","embeddable":true,"href":"https:\/\/www.autonvaraosahaku.fi\/index.php?rest_route=%2Fwp%2Fv2%2Fproduct_cat&post=74046"},{"taxonomy":"product_tag","embeddable":true,"href":"https:\/\/www.autonvaraosahaku.fi\/index.php?rest_route=%2Fwp%2Fv2%2Fproduct_tag&post=74046"}],"curies":[{"name":"wp","href":"https:\/\/api.w.org\/{rel}","templated":true}]}}