{"id":74049,"date":"2021-02-21T19:31:12","date_gmt":"2021-02-21T19:31:12","guid":{"rendered":"https:\/\/www.autonvaraosahaku.fi\/?product=hella-6zf-008-621-481-peruutusvalon-kytkin"},"modified":"2021-02-21T19:31:15","modified_gmt":"2021-02-21T19:31:15","slug":"hella-6zf-008-621-481-peruutusvalon-kytkin","status":"publish","type":"product","link":"https:\/\/www.autonvaraosahaku.fi\/?product=hella-6zf-008-621-481-peruutusvalon-kytkin","title":{"rendered":"HELLA 6ZF 008 621-481 Peruutusvalon kytkin"},"content":{"rendered":"<p>Nimellisj\u00e4nnite (V): 12; Liittimi\u00e4: 2; V\u00e4ri: Harmaa; Kierremitta: M 14&#215;1,5; Yhdistelm\u00e4kytkintoiminto: Sulkija; Vaihteistomalli: MC\/STT; LANCIA: PHEDRA 179,ZETA 220; TOYOTA: COROLLA Liftback _E11_,COROLLA Compact _E11_,COROLLA _E11_,COROLLA Wagon __E11_; FIAT: SCUDO 270_,ULYSSE 179AX,SCUDO Kasten 270_,ULYSSE 220,SCUDO Kasten 220L,SCUDO Combinato 220P,SCUDO Pritsche\/Fahrgestell 270_,SCUDO Pritsche\/Fahrgestell 220_; CITRO\u00cbN: BERLINGO MF,XSARA PICASSO N68,C2 JM_,C3 I FC_,BERLINGO B9,C5 III Break TD_,C4 Picasso I UD_,C4 Grand Picasso I UA_,C8 EA_, EB_,C4 I LC_,DS3,BERLINGO Kasten M_,C5 II Break RE_,C3 Picasso,C5 I DC_,C5 I Break DE_,C5 III RD_,C3 II,XSARA N1,C4 Coupe LA_,C4 II B7,C5 II RC_,XSARA Break N2,JUMPY,BERLINGO Kasten B9,JUMPY Kasten,C4 Grand Picasso II,C4 Picasso II,XANTIA X2,DS4,XSARA Coupe N0,XANTIA X1,DS5,EVASION 22, U6,XANTIA Break X2,JUMPY U6U,JUMPY Kasten BS_, BT_, BY_, BZ_,DS3 Cabriolet,XANTIA Break X1,BERLINGO Pritsche\/Fahrgestell B9,JUMPY Pritsche\/Fahrgestell BU_, BV_, BW_, BX_,C-ELYSEE,C4 CACTUS,XSARA Kasten,SPACETOURER,C3 III SX,C3 AIRCROSS II,XSARA Kasten\/Schr\u00e4gheck,JUMPY Pritsche\/Fahrgestell; PEUGEOT: 206 Schr\u00e4gheck 2A\/C,206 CC 2D,207 WA_, WC_,307 SW 3H,307 CC 3B,407 SW 6E_,307 3A\/C,207 SW WK_,308 SW,206 SW 2E\/K,208,807 E,308 4A_, 4C_,5008,307 Break 3E,508 SW,306 Schr\u00e4gheck 7A, 7C, N3, N5,306 Cabriolet 7D, N3, N5,407 6D_,3008,406 Break 8E\/F,PARTNER Tepee,RCZ,308 CC,1007 KM_,PARTNER Combispace 5F,2008,PARTNER Kasten 5,406 Coupe 8C,306 Break 7E, N3, N5,406 8B,806 221,508,EXPERT Tepee VF3V_,EXPERT Kasten VF3A_, VF3U_, VF3X_,306 7B, N3, N5,PARTNER Kasten,EXPERT Kasten 222,308 II,206 Van,605 6B,EXPERT 224,405 II 4B,306 Van N_, 7_,405 II Break 4E,301,EXPERT Pritsche\/Fahrgestell 223,308 SW II,207 Van,EXPERT Pritsche\/Fahrgestell,PARTNER Pritsche\/Fahrgestell,3008 SUV,EXPERT Kasten,5008 II,TRAVELLER,306 Kasten\/Schr\u00e4gheck,208 Kasten; DS: DS 3,DS5,DS7 Crossback,DS 4 \/ DS 4 CROSSBACK,DS 3 Cabriolet; 225743, 225752, 225759, 96629066, 71728934, 9633875580, 9659869680, 71728934, 9633875580, 9659869680, 71728934, 9633875580, 9659869680, 225743, 225759, 3761073j01000, 3761073j03000, SU00100467, SU00100787; Peruutusvalokytkin,Kytkin, Peruutusvalo<\/p>\n","protected":false},"excerpt":{"rendered":"<p>HELLA Peruutusvalon Kytkin 6ZF 008 621-481 Peruutusvalokytkin,Kytkin, Peruutusvalo LANCIA,TOYOTA,FIAT,PHEDRA 179,ZETA 220,COROLLA Liftback _E11_<\/p>\n","protected":false},"featured_media":0,"template":"","meta":{"site-sidebar-layout":"default","site-content-layout":"default","ast-global-header-display":"","ast-main-header-display":"","ast-hfb-above-header-display":"","ast-hfb-below-header-display":"","ast-hfb-mobile-header-display":"","site-post-title":"","ast-breadcrumbs-content":"","ast-featured-img":"","footer-sml-layout":"","theme-transparent-header-meta":"","adv-header-id-meta":"","stick-header-meta":"","header-above-stick-meta":"","header-main-stick-meta":"","header-below-stick-meta":""},"pwb-brand":[24],"product_cat":[116],"product_tag":[],"class_list":{"0":"post-74049","1":"product","2":"type-product","3":"status-publish","5":"pwb-brand-hella","6":"product_cat-peruutusvalon-kytkin","7":"desktop-align-left","8":"tablet-align-left","9":"mobile-align-left","11":"first","12":"instock","13":"product-type-external"},"brands":[{"id":24,"name":"HELLA","slug":"hella"}],"_links":{"self":[{"href":"https:\/\/www.autonvaraosahaku.fi\/index.php?rest_route=\/wp\/v2\/product\/74049","targetHints":{"allow":["GET"]}}],"collection":[{"href":"https:\/\/www.autonvaraosahaku.fi\/index.php?rest_route=\/wp\/v2\/product"}],"about":[{"href":"https:\/\/www.autonvaraosahaku.fi\/index.php?rest_route=\/wp\/v2\/types\/product"}],"wp:attachment":[{"href":"https:\/\/www.autonvaraosahaku.fi\/index.php?rest_route=%2Fwp%2Fv2%2Fmedia&parent=74049"}],"wp:term":[{"taxonomy":"pwb-brand","embeddable":true,"href":"https:\/\/www.autonvaraosahaku.fi\/index.php?rest_route=%2Fwp%2Fv2%2Fpwb-brand&post=74049"},{"taxonomy":"product_cat","embeddable":true,"href":"https:\/\/www.autonvaraosahaku.fi\/index.php?rest_route=%2Fwp%2Fv2%2Fproduct_cat&post=74049"},{"taxonomy":"product_tag","embeddable":true,"href":"https:\/\/www.autonvaraosahaku.fi\/index.php?rest_route=%2Fwp%2Fv2%2Fproduct_tag&post=74049"}],"curies":[{"name":"wp","href":"https:\/\/api.w.org\/{rel}","templated":true}]}}