{"id":74056,"date":"2021-02-21T19:31:12","date_gmt":"2021-02-21T19:31:12","guid":{"rendered":"https:\/\/www.autonvaraosahaku.fi\/?product=swag-30-94-0931-kardaanin-kuminivel"},"modified":"2021-02-21T19:31:17","modified_gmt":"2021-02-21T19:31:17","slug":"swag-30-94-0931-kardaanin-kuminivel","status":"publish","type":"product","link":"https:\/\/www.autonvaraosahaku.fi\/?product=swag-30-94-0931-kardaanin-kuminivel","title":{"rendered":"SWAG 30 94 0931 Kardaanin kuminivel"},"content":{"rendered":"<p>Reikien m\u00e4\u00e4r\u00e4: 6; Asennuspuoli: Takana; Huomioi huolto-ohjeet: , ; Alustanumeroon: 8P-5A149 500; VW: GOLF V 1K1,GOLF VI 5K1,PASSAT Variant 3C5,PASSAT 3C2,TIGUAN 5N_,PASSAT Variant 365,GOLF VI Variant AJ5,PASSAT CC 357,SHARAN 7N1, 7N2,PASSAT 362,CC 358,PASSAT ALLTRACK 365; AUDI: A3 8P1,A3 Sportback 8PA,Q3 8U; SKODA: OCTAVIA Combi 1Z5,YETI 5L,SUPERB Kombi 3T5,SUPERB 3T4; SEAT: ALTEA XL 5P5, 5P8,ALHAMBRA 710, 711; 1K0521307, 1K0521307A, 1K0521307AS1, 1K0521307S1, 1K0521307A, 1K0521307AS1, 1K0521307A, 1K0521307AS1, 1K0521307, 1K0521307A, 1K0521307AS1, 1K0521307S1; R\u00e4ttinivel,Nivel, Pitkitt\u00e4isakseli<\/p>\n","protected":false},"excerpt":{"rendered":"<p>SWAG Kardaanin Kuminivel 30 94 0931 R\u00e4ttinivel,Nivel, Pitkitt\u00e4isakseli VW,AUDI,SKODA,GOLF V 1K1,GOLF VI 5K1,PASSAT Variant 3C5,PASSAT 3C2,TIGUAN 5N_<\/p>\n","protected":false},"featured_media":0,"template":"","meta":{"site-sidebar-layout":"default","site-content-layout":"default","ast-global-header-display":"","ast-main-header-display":"","ast-hfb-above-header-display":"","ast-hfb-below-header-display":"","ast-hfb-mobile-header-display":"","site-post-title":"","ast-breadcrumbs-content":"","ast-featured-img":"","footer-sml-layout":"","theme-transparent-header-meta":"","adv-header-id-meta":"","stick-header-meta":"","header-above-stick-meta":"","header-main-stick-meta":"","header-below-stick-meta":""},"pwb-brand":[103],"product_cat":[56],"product_tag":[],"class_list":{"0":"post-74056","1":"product","2":"type-product","3":"status-publish","5":"pwb-brand-swag","6":"product_cat-kardaanin-kuminivel","7":"desktop-align-left","8":"tablet-align-left","9":"mobile-align-left","11":"first","12":"instock","13":"product-type-external"},"brands":[{"id":103,"name":"SWAG","slug":"swag"}],"_links":{"self":[{"href":"https:\/\/www.autonvaraosahaku.fi\/index.php?rest_route=\/wp\/v2\/product\/74056","targetHints":{"allow":["GET"]}}],"collection":[{"href":"https:\/\/www.autonvaraosahaku.fi\/index.php?rest_route=\/wp\/v2\/product"}],"about":[{"href":"https:\/\/www.autonvaraosahaku.fi\/index.php?rest_route=\/wp\/v2\/types\/product"}],"wp:attachment":[{"href":"https:\/\/www.autonvaraosahaku.fi\/index.php?rest_route=%2Fwp%2Fv2%2Fmedia&parent=74056"}],"wp:term":[{"taxonomy":"pwb-brand","embeddable":true,"href":"https:\/\/www.autonvaraosahaku.fi\/index.php?rest_route=%2Fwp%2Fv2%2Fpwb-brand&post=74056"},{"taxonomy":"product_cat","embeddable":true,"href":"https:\/\/www.autonvaraosahaku.fi\/index.php?rest_route=%2Fwp%2Fv2%2Fproduct_cat&post=74056"},{"taxonomy":"product_tag","embeddable":true,"href":"https:\/\/www.autonvaraosahaku.fi\/index.php?rest_route=%2Fwp%2Fv2%2Fproduct_tag&post=74056"}],"curies":[{"name":"wp","href":"https:\/\/api.w.org\/{rel}","templated":true}]}}