{"id":74062,"date":"2021-02-21T19:31:20","date_gmt":"2021-02-21T19:31:20","guid":{"rendered":"https:\/\/www.autonvaraosahaku.fi\/?product=fa1-974-860-pakoputken-asennussarja"},"modified":"2021-02-21T19:31:21","modified_gmt":"2021-02-21T19:31:21","slug":"fa1-974-860-pakoputken-asennussarja","status":"publish","type":"product","link":"https:\/\/www.autonvaraosahaku.fi\/?product=fa1-974-860-pakoputken-asennussarja","title":{"rendered":"FA1 974-860 Pakoputken asennussarja"},"content":{"rendered":"<p>Putkiliitokset: Pallo-kytkin; L\u00e4pimitta [mm]: 60; Materiaali: Ruostumaton ter\u00e4s; Pakoputkisto: f\u00fcr Endschalld\u00e4mpfer; VW: CRAFTER 30-50 Kasten 2E_,AMAROK 2H_, S1B,CRAFTER 30-35 Bus 2E_,CRAFTER 30-50 Pritsche\/Fahrgestell 2F_; BMW: 7 E65, E66, E67; MERCEDES-BENZ: C-CLASS W203,E-CLASS W211,C-CLASS T-Model S204,C-CLASS T-Model S203,C-CLASS W202,E-CLASS T-Model S211,E-CLASS W210,VIANO W639,C-CLASS Coupe CL203,GLK-CLASS X204,E-CLASS Kombi S210,VITO Bus W639,CLK C209,C-CLASS Kombi S202,VITO \/ MIXTO Kasten W639,SPRINTER 3,5-t Kasten 906,SPRINTER 3,5-t Bus 906,SPRINTER 3-t Kasten 906,SPRINTER 3,5-t Pritsche\/Fahrgestell 906,SPRINTER 3-t Bus 906,SPRINTER 5-t Kasten 906,SPRINTER 5-t Pritsche\/Fahrgestell 906,SPRINTER 3-t Pritsche\/Fahrgestell 906,SPRINTER 4,6-t Pritsche\/Fahrgestell 906; 2E0253725, 2H0253725A, 18307789197, 0004901341, 2024900541, 2034900741, A0004901341, A2024900541, A2034900741, 2E0253725, 2H0253725A, 2E0253725, 2H0253725A, 2E0253725, 2H0253725A; Putkenliitin, Pakoputkisto<\/p>\n","protected":false},"excerpt":{"rendered":"<p>FA1 Pakoputken Kiristin 974-860 Putkenliitin, Pakoputkisto VW,BMW,MERCEDES-BENZ,CRAFTER 30-50 Kasten 2E_,AMAROK 2H_, S1B,CRAFTER 30-35 Bus 2E_<\/p>\n","protected":false},"featured_media":0,"template":"","meta":{"site-sidebar-layout":"default","site-content-layout":"default","ast-global-header-display":"","ast-main-header-display":"","ast-hfb-above-header-display":"","ast-hfb-below-header-display":"","ast-hfb-mobile-header-display":"","site-post-title":"","ast-breadcrumbs-content":"","ast-featured-img":"","footer-sml-layout":"","theme-transparent-header-meta":"","adv-header-id-meta":"","stick-header-meta":"","header-above-stick-meta":"","header-main-stick-meta":"","header-below-stick-meta":""},"pwb-brand":[39],"product_cat":[101],"product_tag":[],"class_list":{"0":"post-74062","1":"product","2":"type-product","3":"status-publish","5":"pwb-brand-fa1","6":"product_cat-pakoputken-asennussarja","7":"desktop-align-left","8":"tablet-align-left","9":"mobile-align-left","11":"first","12":"instock","13":"product-type-external"},"brands":[{"id":39,"name":"FA1","slug":"fa1"}],"_links":{"self":[{"href":"https:\/\/www.autonvaraosahaku.fi\/index.php?rest_route=\/wp\/v2\/product\/74062","targetHints":{"allow":["GET"]}}],"collection":[{"href":"https:\/\/www.autonvaraosahaku.fi\/index.php?rest_route=\/wp\/v2\/product"}],"about":[{"href":"https:\/\/www.autonvaraosahaku.fi\/index.php?rest_route=\/wp\/v2\/types\/product"}],"wp:attachment":[{"href":"https:\/\/www.autonvaraosahaku.fi\/index.php?rest_route=%2Fwp%2Fv2%2Fmedia&parent=74062"}],"wp:term":[{"taxonomy":"pwb-brand","embeddable":true,"href":"https:\/\/www.autonvaraosahaku.fi\/index.php?rest_route=%2Fwp%2Fv2%2Fpwb-brand&post=74062"},{"taxonomy":"product_cat","embeddable":true,"href":"https:\/\/www.autonvaraosahaku.fi\/index.php?rest_route=%2Fwp%2Fv2%2Fproduct_cat&post=74062"},{"taxonomy":"product_tag","embeddable":true,"href":"https:\/\/www.autonvaraosahaku.fi\/index.php?rest_route=%2Fwp%2Fv2%2Fproduct_tag&post=74062"}],"curies":[{"name":"wp","href":"https:\/\/api.w.org\/{rel}","templated":true}]}}