{"id":74076,"date":"2021-02-21T19:31:20","date_gmt":"2021-02-21T19:31:20","guid":{"rendered":"https:\/\/www.autonvaraosahaku.fi\/?product=vaico-v20-2096-huohotin"},"modified":"2021-02-21T19:31:25","modified_gmt":"2021-02-21T19:31:25","slug":"vaico-v20-2096-huohotin","status":"publish","type":"product","link":"https:\/\/www.autonvaraosahaku.fi\/?product=vaico-v20-2096-huohotin","title":{"rendered":"VAICO V20-2096 Huohotin"},"content":{"rendered":"<p>Venttiilimalli: Kalvonventtiili, Ilmanpoistoventtiili; Huomioi tekniset tiedot: ; T\u00e4yssarja: ; Huomioi huolto-ohjeet: ; Lis\u00e4tarvike\/lis\u00e4tieto: Letkulla, Asennusmateriaalilla; Suositeltu vaihtov\u00e4li [vuotta]: 3; Lis\u00e4ksi tarvittavat tuotteet ks. tarvikeluettelo: ; Huomioi ajoneuvovalmistajan vaatimukset: ; Kotelomateriaali: Polyamidi 6.6; Asennuspuoli: Sylinterikansi; K\u00e4ytt\u00f6: paineohjattu; Korvaava tuote\/korvaava tiedote 2: Ruuvilla; Suositeltu vaihtov\u00e4li [km]: 60000; Paino [kg]: 0,8798; Pakkausleveys [cm]: 14,5; Pakkauskorkeus [mm]: 22; Pakkaussyvyys [cm]: 31,6; Moottorinumero: M52; BMW: 5 E39,5 Touring E39,3 Compact E36,3 E36,3 Coupe E36,Z3 E36,3 Cabriolet E36,3 Touring E36,Z3 Coupe E36; 11151703484kit, 11151703775kit, 11151740393kit<\/p>\n","protected":false},"excerpt":{"rendered":"<p>VAICO Korjaussarja, Kampikammiotuuletus V20-2096  BMW,5 E39,5 Touring E39,3 Compact E36,3 E36,3 Coupe E36,Z3 E36,3 Cabriolet E36,3 Touring E36<\/p>\n","protected":false},"featured_media":0,"template":"","meta":{"site-sidebar-layout":"default","site-content-layout":"default","ast-global-header-display":"","ast-main-header-display":"","ast-hfb-above-header-display":"","ast-hfb-below-header-display":"","ast-hfb-mobile-header-display":"","site-post-title":"","ast-breadcrumbs-content":"","ast-featured-img":"","footer-sml-layout":"","theme-transparent-header-meta":"","adv-header-id-meta":"","stick-header-meta":"","header-above-stick-meta":"","header-main-stick-meta":"","header-below-stick-meta":""},"pwb-brand":[330],"product_cat":[125],"product_tag":[],"class_list":{"0":"post-74076","1":"product","2":"type-product","3":"status-publish","5":"pwb-brand-vaico","6":"product_cat-huohotin","7":"desktop-align-left","8":"tablet-align-left","9":"mobile-align-left","11":"first","12":"instock","13":"product-type-external"},"brands":[{"id":330,"name":"VAICO","slug":"vaico"}],"_links":{"self":[{"href":"https:\/\/www.autonvaraosahaku.fi\/index.php?rest_route=\/wp\/v2\/product\/74076","targetHints":{"allow":["GET"]}}],"collection":[{"href":"https:\/\/www.autonvaraosahaku.fi\/index.php?rest_route=\/wp\/v2\/product"}],"about":[{"href":"https:\/\/www.autonvaraosahaku.fi\/index.php?rest_route=\/wp\/v2\/types\/product"}],"wp:attachment":[{"href":"https:\/\/www.autonvaraosahaku.fi\/index.php?rest_route=%2Fwp%2Fv2%2Fmedia&parent=74076"}],"wp:term":[{"taxonomy":"pwb-brand","embeddable":true,"href":"https:\/\/www.autonvaraosahaku.fi\/index.php?rest_route=%2Fwp%2Fv2%2Fpwb-brand&post=74076"},{"taxonomy":"product_cat","embeddable":true,"href":"https:\/\/www.autonvaraosahaku.fi\/index.php?rest_route=%2Fwp%2Fv2%2Fproduct_cat&post=74076"},{"taxonomy":"product_tag","embeddable":true,"href":"https:\/\/www.autonvaraosahaku.fi\/index.php?rest_route=%2Fwp%2Fv2%2Fproduct_tag&post=74076"}],"curies":[{"name":"wp","href":"https:\/\/api.w.org\/{rel}","templated":true}]}}