{"id":74088,"date":"2021-02-21T19:31:27","date_gmt":"2021-02-21T19:31:27","guid":{"rendered":"https:\/\/www.autonvaraosahaku.fi\/?product=van-wezel-09006055-lammityslaitteen-kenno"},"modified":"2021-02-21T19:31:29","modified_gmt":"2021-02-21T19:31:29","slug":"van-wezel-09006055-lammityslaitteen-kenno","status":"publish","type":"product","link":"https:\/\/www.autonvaraosahaku.fi\/?product=van-wezel-09006055-lammityslaitteen-kenno","title":{"rendered":"VAN WEZEL 09006055 L\u00e4mmityslaitteen kenno"},"content":{"rendered":"<p>J\u00e4hdytysripamateriaali: Alumiini; Matriaali j\u00e4\u00e4hdyttimen s\u00e4ili\u00f6: Muovi; Sis\u00e4\u00e4ntulo-\u00d8 1 [mm]: 22,5; Ulostulo-\u00d8 1 [mm]: 22,5; Verkon pituus [mm]: 234; Verkon leveys [mm]: 156; Verkon syvyys [mm]: 42; Vasen \/ oikea liikenne: f\u00fcr Linkslenker; CITRO\u00cbN: BERLINGO MF,BERLINGO Kasten M_,XSARA N1,XSARA Break N2,XSARA Coupe N0,XANTIA X1,ZX N2,XANTIA Break X1,ZX Break N2; PEUGEOT: 306 Schr\u00e4gheck 7A, 7C, N3, N5,306 Cabriolet 7D, N3, N5,PARTNER Combispace 5F,PARTNER Kasten 5,306 Break 7E, N3, N5,306 7B, N3, N5,306 Van N_, 7_,PARTNER Pritsche\/Fahrgestell; 644878, 96103384; L\u00e4mmityskenno<\/p>\n","protected":false},"excerpt":{"rendered":"<p>VAN WEZEL L\u00e4mmityslaitteen Kenno 09006055 L\u00e4mmityskenno CITRO\u00cbN,PEUGEOT,BERLINGO MF,BERLINGO Kasten M_,XSARA N1,XSARA Break N2,XSARA Coupe N0<\/p>\n","protected":false},"featured_media":0,"template":"","meta":{"site-sidebar-layout":"default","site-content-layout":"default","ast-global-header-display":"","ast-main-header-display":"","ast-hfb-above-header-display":"","ast-hfb-below-header-display":"","ast-hfb-mobile-header-display":"","site-post-title":"","ast-breadcrumbs-content":"","ast-featured-img":"","footer-sml-layout":"","theme-transparent-header-meta":"","adv-header-id-meta":"","stick-header-meta":"","header-above-stick-meta":"","header-main-stick-meta":"","header-below-stick-meta":""},"pwb-brand":[54],"product_cat":[292],"product_tag":[],"class_list":{"0":"post-74088","1":"product","2":"type-product","3":"status-publish","5":"pwb-brand-van-wezel","6":"product_cat-lammityslaitteen-kenno","7":"desktop-align-left","8":"tablet-align-left","9":"mobile-align-left","11":"first","12":"instock","13":"product-type-external"},"brands":[{"id":54,"name":"VAN WEZEL","slug":"van-wezel"}],"_links":{"self":[{"href":"https:\/\/www.autonvaraosahaku.fi\/index.php?rest_route=\/wp\/v2\/product\/74088","targetHints":{"allow":["GET"]}}],"collection":[{"href":"https:\/\/www.autonvaraosahaku.fi\/index.php?rest_route=\/wp\/v2\/product"}],"about":[{"href":"https:\/\/www.autonvaraosahaku.fi\/index.php?rest_route=\/wp\/v2\/types\/product"}],"wp:attachment":[{"href":"https:\/\/www.autonvaraosahaku.fi\/index.php?rest_route=%2Fwp%2Fv2%2Fmedia&parent=74088"}],"wp:term":[{"taxonomy":"pwb-brand","embeddable":true,"href":"https:\/\/www.autonvaraosahaku.fi\/index.php?rest_route=%2Fwp%2Fv2%2Fpwb-brand&post=74088"},{"taxonomy":"product_cat","embeddable":true,"href":"https:\/\/www.autonvaraosahaku.fi\/index.php?rest_route=%2Fwp%2Fv2%2Fproduct_cat&post=74088"},{"taxonomy":"product_tag","embeddable":true,"href":"https:\/\/www.autonvaraosahaku.fi\/index.php?rest_route=%2Fwp%2Fv2%2Fproduct_tag&post=74088"}],"curies":[{"name":"wp","href":"https:\/\/api.w.org\/{rel}","templated":true}]}}