{"id":74098,"date":"2021-02-21T19:31:27","date_gmt":"2021-02-21T19:31:27","guid":{"rendered":"https:\/\/www.autonvaraosahaku.fi\/?product=skf-vkjp-2021-hammastangon-suojakumi"},"modified":"2021-02-21T19:31:32","modified_gmt":"2021-02-21T19:31:32","slug":"skf-vkjp-2021-hammastangon-suojakumi","status":"publish","type":"product","link":"https:\/\/www.autonvaraosahaku.fi\/?product=skf-vkjp-2021-hammastangon-suojakumi","title":{"rendered":"SKF VKJP 2021 Hammastangon suojakumi"},"content":{"rendered":"<p>Korkeus (mm): 254; Sis\u00e4l\u00e4pimitta 1 [mm]: 20; Sis\u00e4l\u00e4pimitta 2 [mm]: 63; Asennuspuoli: Vorderachse links; VW: POLO 9N_,PASSAT Variant 3B6,PASSAT Variant 3B5,FOX 5Z1, 5Z3,PASSAT Variant 3A5, 35I,PASSAT 3B2,PASSAT 3B3,PASSAT 3A2, 35I; AUDI: A4 8D2, B5,A4 Avant 8ED, B7,A4 Avant 8E5, B6,A6 Avant 4B5, C5,A4 Avant 8D5, B5,A4 8E2, B6,A6 4B2, C5,A4 Cabriolet 8H7, B6, 8HE, B7,A4 8EC, B7,CABRIOLET 8G7, B4,A8 4D2, 4D8,A6 Avant 4A, C4,A6 4A, C4,ALLROAD 4BH, C5; SKODA: SUPERB 3U4; SEAT: EXEO ST 3R5,EXEO 3R2; 4D0419831K, 7820040701, 8D0419831J, 8D0419831K, 8E0419831, 8E0419831A, 8E0419831B, 8E0419831, 4D0419831K, 7820040701, 8D0419831J, 8D0419831K, 8E0419831, 8E0419831A, 4D0419831K, 7820040701, 8D0419831J, 8D0419831K, 8E0419831, 8E0419831A<\/p>\n","protected":false},"excerpt":{"rendered":"<p>SKF Paljekumisarja, Ohjaus VKJP 2021  VW,AUDI,SKODA,POLO 9N_,PASSAT Variant 3B6,PASSAT Variant 3B5,FOX 5Z1, 5Z3,PASSAT Variant 3A5, 35I,PASSAT 3B2<\/p>\n","protected":false},"featured_media":0,"template":"","meta":{"site-sidebar-layout":"default","site-content-layout":"default","ast-global-header-display":"","ast-main-header-display":"","ast-hfb-above-header-display":"","ast-hfb-below-header-display":"","ast-hfb-mobile-header-display":"","site-post-title":"","ast-breadcrumbs-content":"","ast-featured-img":"","footer-sml-layout":"","theme-transparent-header-meta":"","adv-header-id-meta":"","stick-header-meta":"","header-above-stick-meta":"","header-main-stick-meta":"","header-below-stick-meta":""},"pwb-brand":[237],"product_cat":[81],"product_tag":[],"class_list":{"0":"post-74098","1":"product","2":"type-product","3":"status-publish","5":"pwb-brand-skf","6":"product_cat-hammastangon-suojakumi","7":"desktop-align-left","8":"tablet-align-left","9":"mobile-align-left","11":"first","12":"instock","13":"product-type-external"},"brands":[{"id":237,"name":"SKF","slug":"skf"}],"_links":{"self":[{"href":"https:\/\/www.autonvaraosahaku.fi\/index.php?rest_route=\/wp\/v2\/product\/74098","targetHints":{"allow":["GET"]}}],"collection":[{"href":"https:\/\/www.autonvaraosahaku.fi\/index.php?rest_route=\/wp\/v2\/product"}],"about":[{"href":"https:\/\/www.autonvaraosahaku.fi\/index.php?rest_route=\/wp\/v2\/types\/product"}],"wp:attachment":[{"href":"https:\/\/www.autonvaraosahaku.fi\/index.php?rest_route=%2Fwp%2Fv2%2Fmedia&parent=74098"}],"wp:term":[{"taxonomy":"pwb-brand","embeddable":true,"href":"https:\/\/www.autonvaraosahaku.fi\/index.php?rest_route=%2Fwp%2Fv2%2Fpwb-brand&post=74098"},{"taxonomy":"product_cat","embeddable":true,"href":"https:\/\/www.autonvaraosahaku.fi\/index.php?rest_route=%2Fwp%2Fv2%2Fproduct_cat&post=74098"},{"taxonomy":"product_tag","embeddable":true,"href":"https:\/\/www.autonvaraosahaku.fi\/index.php?rest_route=%2Fwp%2Fv2%2Fproduct_tag&post=74098"}],"curies":[{"name":"wp","href":"https:\/\/api.w.org\/{rel}","templated":true}]}}