{"id":74100,"date":"2021-02-21T19:31:35","date_gmt":"2021-02-21T19:31:35","guid":{"rendered":"https:\/\/www.autonvaraosahaku.fi\/?product=optimal-f8-6280-jousijalan-tukilaakeri"},"modified":"2021-02-21T19:31:36","modified_gmt":"2021-02-21T19:31:36","slug":"optimal-f8-6280-jousijalan-tukilaakeri","status":"publish","type":"product","link":"https:\/\/www.autonvaraosahaku.fi\/?product=optimal-f8-6280-jousijalan-tukilaakeri","title":{"rendered":"OPTIMAL F8-6280 Jousijalan tukilaakeri"},"content":{"rendered":"<p>Asennuspuoli: Oikea, Vasen, Etuakseli; Korkeus (mm): 53; Sis\u00e4l\u00e4pimitta [mm]: 26; Ulkol\u00e4pimitta [mm]: 82; Korvaava tuote\/korvaava tiedote 2: Kuulalaakerilla; VW: GOLF IV 1J1,POLO 6R, 6C,GOLF IV Variant 1J5,UP,BORA 1J2,NEW BEETLE 9C1, 1C1,BORA Kombi 1J6,NEW BEETLE Cabriolet 1Y7,POLO Stufenheck; AUDI: A3 8L1,TT 8N3,A1 8X1, 8XF,TT Roadster 8N9,A1 Sportback 8XA, 8XK; SKODA: OCTAVIA Combi 1U5,ROOMSTER 5J,OCTAVIA 1U2,ROOMSTER Praktik 5J; SEAT: IBIZA V 6J5, 6P5,LEON 1M1,IBIZA V ST 6J8, 6P8,Mii KF1_,TOLEDO II 1M2,IBIZA V SPORTCOUPE 6J1, 6P1,TOLEDO IV KG3; 1J0412249, 1J0412331, 1J0412331B, 1J0412331C, 6R0412249, 1J0412249, 1J0412331, 1J0412331B, 1J0412331C, 6R0412249, 1J0412249, 1J0412331, 1J0412331B, 1J0412331C, 6R0412249, 1J0412249, 1J0412331, 1J0412331B, 1J0412331C, 6R0412249<\/p>\n","protected":false},"excerpt":{"rendered":"<p>OPTIMAL Korjaussarja, Jousijalan Tukilaakeri F8-6280  VW,AUDI,SKODA,GOLF IV 1J1,POLO 6R, 6C,GOLF IV Variant 1J5,UP,BORA 1J2,NEW BEETLE 9C1, 1C1<\/p>\n","protected":false},"featured_media":0,"template":"","meta":{"site-sidebar-layout":"default","site-content-layout":"default","ast-global-header-display":"","ast-main-header-display":"","ast-hfb-above-header-display":"","ast-hfb-below-header-display":"","ast-hfb-mobile-header-display":"","site-post-title":"","ast-breadcrumbs-content":"","ast-featured-img":"","footer-sml-layout":"","theme-transparent-header-meta":"","adv-header-id-meta":"","stick-header-meta":"","header-above-stick-meta":"","header-main-stick-meta":"","header-below-stick-meta":""},"pwb-brand":[307],"product_cat":[45],"product_tag":[],"class_list":{"0":"post-74100","1":"product","2":"type-product","3":"status-publish","5":"pwb-brand-optimal","6":"product_cat-jousijalan-tukilaakeri","7":"desktop-align-left","8":"tablet-align-left","9":"mobile-align-left","11":"first","12":"instock","13":"product-type-external"},"brands":[{"id":307,"name":"OPTIMAL","slug":"optimal"}],"_links":{"self":[{"href":"https:\/\/www.autonvaraosahaku.fi\/index.php?rest_route=\/wp\/v2\/product\/74100","targetHints":{"allow":["GET"]}}],"collection":[{"href":"https:\/\/www.autonvaraosahaku.fi\/index.php?rest_route=\/wp\/v2\/product"}],"about":[{"href":"https:\/\/www.autonvaraosahaku.fi\/index.php?rest_route=\/wp\/v2\/types\/product"}],"wp:attachment":[{"href":"https:\/\/www.autonvaraosahaku.fi\/index.php?rest_route=%2Fwp%2Fv2%2Fmedia&parent=74100"}],"wp:term":[{"taxonomy":"pwb-brand","embeddable":true,"href":"https:\/\/www.autonvaraosahaku.fi\/index.php?rest_route=%2Fwp%2Fv2%2Fpwb-brand&post=74100"},{"taxonomy":"product_cat","embeddable":true,"href":"https:\/\/www.autonvaraosahaku.fi\/index.php?rest_route=%2Fwp%2Fv2%2Fproduct_cat&post=74100"},{"taxonomy":"product_tag","embeddable":true,"href":"https:\/\/www.autonvaraosahaku.fi\/index.php?rest_route=%2Fwp%2Fv2%2Fproduct_tag&post=74100"}],"curies":[{"name":"wp","href":"https:\/\/api.w.org\/{rel}","templated":true}]}}