{"id":74104,"date":"2021-02-21T19:31:35","date_gmt":"2021-02-21T19:31:35","guid":{"rendered":"https:\/\/www.autonvaraosahaku.fi\/?product=hella-8gh-008-991-031-lamput-hehkulamppu"},"modified":"2021-02-21T19:31:38","modified_gmt":"2021-02-21T19:31:38","slug":"hella-8gh-008-991-031-lamput-hehkulamppu","status":"publish","type":"product","link":"https:\/\/www.autonvaraosahaku.fi\/?product=hella-8gh-008-991-031-lamput-hehkulamppu","title":{"rendered":"HELLA 8GH 008 991-031 Lamput (hehkulamppu)"},"content":{"rendered":"<p>Lamppumalli: H27W\/2; J\u00e4nnite (V): 12; Nimellisteho (W): 27; M\u00e4\u00e4r\u00e4: 1; Tarkistuskilpi: E1; Kantamalli: PGJ13; Pakkaustyyppi: Laatikko; CHEVROLET: AVEO Schr\u00e4gheck T300,AVEO Stufenheck T300; KIA: PICANTO BA,CEE&#8217;D SW ED,CEE&#8217;D Schr\u00e4gheck ED,SORENTO II XM,CARENS III UN,PICANTO TA,SOUL AM,CERATO LD,CERATO Stufenheck LD; SSANGYONG: KORANDO,ACTYON SPORTS I QJ; HYUNDAI: ix35 LM, EL, ELH,i10 PA,TUCSON JM,SANTA F\u00c9 II CM,H-1 Travel TQ,VELOSTER FS,H-1 Cargo TQ,ACCENT IV RB,SONATA VI YF,ELANTRA Stufenheck HD,ACCENT IV Stufenheck RB<\/p>\n","protected":false},"excerpt":{"rendered":"<p>HELLA Polttimo, Kaukovalo STANDARD 8GH 008 991-031  CHEVROLET,KIA,SSANGYONG,AVEO Schr\u00e4gheck T300,AVEO Stufenheck T300,PICANTO BA,CEE&#8217;D SW ED<\/p>\n","protected":false},"featured_media":0,"template":"","meta":{"site-sidebar-layout":"default","site-content-layout":"default","ast-global-header-display":"","ast-main-header-display":"","ast-hfb-above-header-display":"","ast-hfb-below-header-display":"","ast-hfb-mobile-header-display":"","site-post-title":"","ast-breadcrumbs-content":"","ast-featured-img":"","footer-sml-layout":"","theme-transparent-header-meta":"","adv-header-id-meta":"","stick-header-meta":"","header-above-stick-meta":"","header-main-stick-meta":"","header-below-stick-meta":""},"pwb-brand":[24],"product_cat":[151],"product_tag":[],"class_list":{"0":"post-74104","1":"product","2":"type-product","3":"status-publish","5":"pwb-brand-hella","6":"product_cat-lamput-hehkulamppu","7":"desktop-align-left","8":"tablet-align-left","9":"mobile-align-left","11":"first","12":"instock","13":"product-type-external"},"brands":[{"id":24,"name":"HELLA","slug":"hella"}],"_links":{"self":[{"href":"https:\/\/www.autonvaraosahaku.fi\/index.php?rest_route=\/wp\/v2\/product\/74104","targetHints":{"allow":["GET"]}}],"collection":[{"href":"https:\/\/www.autonvaraosahaku.fi\/index.php?rest_route=\/wp\/v2\/product"}],"about":[{"href":"https:\/\/www.autonvaraosahaku.fi\/index.php?rest_route=\/wp\/v2\/types\/product"}],"wp:attachment":[{"href":"https:\/\/www.autonvaraosahaku.fi\/index.php?rest_route=%2Fwp%2Fv2%2Fmedia&parent=74104"}],"wp:term":[{"taxonomy":"pwb-brand","embeddable":true,"href":"https:\/\/www.autonvaraosahaku.fi\/index.php?rest_route=%2Fwp%2Fv2%2Fpwb-brand&post=74104"},{"taxonomy":"product_cat","embeddable":true,"href":"https:\/\/www.autonvaraosahaku.fi\/index.php?rest_route=%2Fwp%2Fv2%2Fproduct_cat&post=74104"},{"taxonomy":"product_tag","embeddable":true,"href":"https:\/\/www.autonvaraosahaku.fi\/index.php?rest_route=%2Fwp%2Fv2%2Fproduct_tag&post=74104"}],"curies":[{"name":"wp","href":"https:\/\/api.w.org\/{rel}","templated":true}]}}