{"id":74106,"date":"2021-02-21T19:31:35","date_gmt":"2021-02-21T19:31:35","guid":{"rendered":"https:\/\/www.autonvaraosahaku.fi\/?product=valeo-834086-kytkinpaketti"},"modified":"2021-02-21T19:31:38","modified_gmt":"2021-02-21T19:31:38","slug":"valeo-834086-kytkinpaketti","status":"publish","type":"product","link":"https:\/\/www.autonvaraosahaku.fi\/?product=valeo-834086-kytkinpaketti","title":{"rendered":"VALEO 834086 Kytkinpaketti"},"content":{"rendered":"<p>Uusi osa: ; Lis\u00e4tarvike\/lis\u00e4tieto: Painelevyll\u00e4, Irroitusmekanismilla; Ulkol\u00e4pimitta [mm]: 240; Ty\u00f6nt\u00f6voima [N]: 7200; Korvaava tuote\/korvaava tiedote 2: Kytkinlevyll\u00e4, Ilman anturia; Ulkol\u00e4pimitta 1 [mm]: 240; Hammasluku: 23; Napaprofiili: 24,2 x 21,8; Kiinnitysreikien m\u00e4\u00e4r\u00e4 irroitinmekanismissa: 3; Reik\u00e4-\u00d8 [mm]: 31; Materiaali: Alumiini; Paino [kg]: 6,19, 6,19; lis\u00e4tieto: KIT3P (CSC); Moottorinumero: CFFB; VW: GOLF V 1K1,TOURAN 1T1, 1T2,GOLF VI 5K1,PASSAT Variant 3C5,GOLF PLUS 5M1, 521,PASSAT 3C2,TIGUAN 5N_,PASSAT Variant 365,GOLF VII 5G1, BE1,CADDY III Kombi 2KB, 2KJ, 2CB, 2CJ,GOLF VI Variant AJ5,GOLF V Variant 1K5,CADDY III Kasten 2KA, 2KH, 2CA, 2CH,EOS 1F7, 1F8,SCIROCCO 137, 138,PASSAT CC 357,SHARAN 7N1, 7N2,JETTA III 1K2,PASSAT 362,JETTA IV 162, 163,PASSAT ALLTRACK 365; AUDI: A3 8P1,A3 Sportback 8PA,TT 8J3,A3 Cabriolet 8P7; SKODA: OCTAVIA Combi 1Z5,OCTAVIA Combi 5E5,YETI 5L,SUPERB Kombi 3T5,OCTAVIA 1Z3,SUPERB 3T4; SEAT: LEON 1P1,ALTEA 5P1,ALTEA XL 5P5, 5P8,ALHAMBRA 710, 711,TOLEDO III 5P2; 022141015AA, 022141015S, 022141016, 03L141016N, 03L141016S, 04L141015, 04L141015E, 22141015AA, 22141015S, 22141016, 3L141016N, 3L141016S, 4L141015, 4L141015E, 022141015S, 03L141016N, 03L141016S, 04L141015, 04L141015E, 22141015S, 3L141016N, 3L141016S, 4L141015, 4L141015E, 022141015S, 03L141016N, 03L141016S, 04L141015, 04L141015E, 22141015S, 3L141016N, 3L141016S, 4L141015, 4L141015E, 022141015AA, 022141015S, 022141016, 03L141016N, 03L141016S, 04L141015, 04L141015E, 22141015AA, 22141015S, 22141016, 3L141016N, 3L141016S, 4L141015, 4L141015E; Kytkinsarja<\/p>\n","protected":false},"excerpt":{"rendered":"<p>VALEO Kytkinpaketti 834086 Kytkinsarja VW,AUDI,SKODA,GOLF V 1K1,TOURAN 1T1, 1T2,GOLF VI 5K1,PASSAT Variant 3C5,GOLF PLUS 5M1, 521,PASSAT 3C2<\/p>\n","protected":false},"featured_media":0,"template":"","meta":{"site-sidebar-layout":"default","site-content-layout":"default","ast-global-header-display":"","ast-main-header-display":"","ast-hfb-above-header-display":"","ast-hfb-below-header-display":"","ast-hfb-mobile-header-display":"","site-post-title":"","ast-breadcrumbs-content":"","ast-featured-img":"","footer-sml-layout":"","theme-transparent-header-meta":"","adv-header-id-meta":"","stick-header-meta":"","header-above-stick-meta":"","header-main-stick-meta":"","header-below-stick-meta":""},"pwb-brand":[28],"product_cat":[21],"product_tag":[],"class_list":{"0":"post-74106","1":"product","2":"type-product","3":"status-publish","5":"pwb-brand-valeo","6":"product_cat-kytkinpaketti","7":"desktop-align-left","8":"tablet-align-left","9":"mobile-align-left","11":"first","12":"instock","13":"product-type-external"},"brands":[{"id":28,"name":"VALEO","slug":"valeo"}],"_links":{"self":[{"href":"https:\/\/www.autonvaraosahaku.fi\/index.php?rest_route=\/wp\/v2\/product\/74106","targetHints":{"allow":["GET"]}}],"collection":[{"href":"https:\/\/www.autonvaraosahaku.fi\/index.php?rest_route=\/wp\/v2\/product"}],"about":[{"href":"https:\/\/www.autonvaraosahaku.fi\/index.php?rest_route=\/wp\/v2\/types\/product"}],"wp:attachment":[{"href":"https:\/\/www.autonvaraosahaku.fi\/index.php?rest_route=%2Fwp%2Fv2%2Fmedia&parent=74106"}],"wp:term":[{"taxonomy":"pwb-brand","embeddable":true,"href":"https:\/\/www.autonvaraosahaku.fi\/index.php?rest_route=%2Fwp%2Fv2%2Fpwb-brand&post=74106"},{"taxonomy":"product_cat","embeddable":true,"href":"https:\/\/www.autonvaraosahaku.fi\/index.php?rest_route=%2Fwp%2Fv2%2Fproduct_cat&post=74106"},{"taxonomy":"product_tag","embeddable":true,"href":"https:\/\/www.autonvaraosahaku.fi\/index.php?rest_route=%2Fwp%2Fv2%2Fproduct_tag&post=74106"}],"curies":[{"name":"wp","href":"https:\/\/api.w.org\/{rel}","templated":true}]}}