{"id":74111,"date":"2021-02-21T19:31:35","date_gmt":"2021-02-21T19:31:35","guid":{"rendered":"https:\/\/www.autonvaraosahaku.fi\/?product=rts-91-00301-raidetangon-paa"},"modified":"2021-02-21T19:31:40","modified_gmt":"2021-02-21T19:31:40","slug":"rts-91-00301-raidetangon-paa","status":"publish","type":"product","link":"https:\/\/www.autonvaraosahaku.fi\/?product=rts-91-00301-raidetangon-paa","title":{"rendered":"RTS 91-00301 Raidetangon p\u00e4\u00e4"},"content":{"rendered":"<p>Asennuspuoli: etuakseli molemminpuoleinen; Sis\u00e4kierre 1 [mm]: M12x1,5; Ulkokierre 2 [mm]: M10x1,5; Pituus (mm): 67; Paino [kg]: 0,27; Alustanumeroon: V3023597; OPEL: CORSA C F08, F68,CORSA B 73_, 78_, 79_,TIGRA TwinTop,COMBO Kasten\/Kombi,COMBO Tour,TIGRA 95_,CORSA A CC 93_, 94_, 98_, 99_,CORSA C Kasten F08, W5L,COMBO 71_,CORSA A TR 91_, 92_, 96_, 97_,CORSA B Kasten 73_,CORSA B Kombi F35,CORSA A Kasten; VAUXHALL: CORSA Mk II C W5L, F08,CORSA Mk I B,CORSAVAN Mk II C,TIGRA Convertible,COMBO Mk I B,TIGRA Mk I F07,COMBO TOUR Mk II C F25,COMBO Mk II C Kasten\/Kombi F25,NOVA,NOVA CC; 26087868, 00212079, 1603009, 1603645, 308035, 324042, 324050, 00212079, 26011925, 26087868, 7840452, 93192417, 93192419<\/p>\n","protected":false},"excerpt":{"rendered":"<p>RTS Raidetangon P\u00e4\u00e4 91-00301  OPEL,VAUXHALL,CORSA C F08, F68,CORSA B 73_, 78_, 79_,TIGRA TwinTop,COMBO Kasten\/Kombi,COMBO Tour,TIGRA 95_<\/p>\n","protected":false},"featured_media":0,"template":"","meta":{"site-sidebar-layout":"default","site-content-layout":"default","ast-global-header-display":"","ast-main-header-display":"","ast-hfb-above-header-display":"","ast-hfb-below-header-display":"","ast-hfb-mobile-header-display":"","site-post-title":"","ast-breadcrumbs-content":"","ast-featured-img":"","footer-sml-layout":"","theme-transparent-header-meta":"","adv-header-id-meta":"","stick-header-meta":"","header-above-stick-meta":"","header-main-stick-meta":"","header-below-stick-meta":""},"pwb-brand":[340],"product_cat":[96],"product_tag":[],"class_list":{"0":"post-74111","1":"product","2":"type-product","3":"status-publish","5":"pwb-brand-rts","6":"product_cat-raidetangon-paa","7":"desktop-align-left","8":"tablet-align-left","9":"mobile-align-left","11":"first","12":"instock","13":"product-type-external"},"brands":[{"id":340,"name":"RTS","slug":"rts"}],"_links":{"self":[{"href":"https:\/\/www.autonvaraosahaku.fi\/index.php?rest_route=\/wp\/v2\/product\/74111","targetHints":{"allow":["GET"]}}],"collection":[{"href":"https:\/\/www.autonvaraosahaku.fi\/index.php?rest_route=\/wp\/v2\/product"}],"about":[{"href":"https:\/\/www.autonvaraosahaku.fi\/index.php?rest_route=\/wp\/v2\/types\/product"}],"wp:attachment":[{"href":"https:\/\/www.autonvaraosahaku.fi\/index.php?rest_route=%2Fwp%2Fv2%2Fmedia&parent=74111"}],"wp:term":[{"taxonomy":"pwb-brand","embeddable":true,"href":"https:\/\/www.autonvaraosahaku.fi\/index.php?rest_route=%2Fwp%2Fv2%2Fpwb-brand&post=74111"},{"taxonomy":"product_cat","embeddable":true,"href":"https:\/\/www.autonvaraosahaku.fi\/index.php?rest_route=%2Fwp%2Fv2%2Fproduct_cat&post=74111"},{"taxonomy":"product_tag","embeddable":true,"href":"https:\/\/www.autonvaraosahaku.fi\/index.php?rest_route=%2Fwp%2Fv2%2Fproduct_tag&post=74111"}],"curies":[{"name":"wp","href":"https:\/\/api.w.org\/{rel}","templated":true}]}}