{"id":74132,"date":"2021-02-21T19:31:43","date_gmt":"2021-02-21T19:31:43","guid":{"rendered":"https:\/\/www.autonvaraosahaku.fi\/?product=ipsa-vl102200-imuventtiili"},"modified":"2021-02-21T19:31:47","modified_gmt":"2021-02-21T19:31:47","slug":"ipsa-vl102200-imuventtiili","status":"publish","type":"product","link":"https:\/\/www.autonvaraosahaku.fi\/?product=ipsa-vl102200-imuventtiili","title":{"rendered":"IPSA VL102200 Imuventtiili"},"content":{"rendered":"<p>Pituus (mm): 122,5; Venttiilinvarren l\u00e4pimitta [mm]: 7; Venttiililautasen l\u00e4pimitta [mm]: 34,5; venttiiliistukan kulma [astetta]: 45; Materiaali: Kromi-siliciumter\u00e4s; Korvaava tuote\/korvaava tiedote 2: venttiilinvarsi kromattu; TECDOC-moottorinumero: 3956; VOLVO: 940 II Kombi 945,940 Kombi 945,740 Kombi 745,740 744,940 944,940 II 944; 13177936<\/p>\n","protected":false},"excerpt":{"rendered":"<p>IPSA Imuventtiili VL102200  VOLVO,940 II Kombi 945,940 Kombi 945,740 Kombi 745,740 744,940 944,940 II 944<\/p>\n","protected":false},"featured_media":0,"template":"","meta":{"site-sidebar-layout":"default","site-content-layout":"default","ast-global-header-display":"","ast-main-header-display":"","ast-hfb-above-header-display":"","ast-hfb-below-header-display":"","ast-hfb-mobile-header-display":"","site-post-title":"","ast-breadcrumbs-content":"","ast-featured-img":"","footer-sml-layout":"","theme-transparent-header-meta":"","adv-header-id-meta":"","stick-header-meta":"","header-above-stick-meta":"","header-main-stick-meta":"","header-below-stick-meta":""},"pwb-brand":[360],"product_cat":[274],"product_tag":[],"class_list":{"0":"post-74132","1":"product","2":"type-product","3":"status-publish","5":"pwb-brand-ipsa","6":"product_cat-imuventtiili","7":"desktop-align-left","8":"tablet-align-left","9":"mobile-align-left","11":"first","12":"instock","13":"product-type-external"},"brands":[{"id":360,"name":"IPSA","slug":"ipsa"}],"_links":{"self":[{"href":"https:\/\/www.autonvaraosahaku.fi\/index.php?rest_route=\/wp\/v2\/product\/74132","targetHints":{"allow":["GET"]}}],"collection":[{"href":"https:\/\/www.autonvaraosahaku.fi\/index.php?rest_route=\/wp\/v2\/product"}],"about":[{"href":"https:\/\/www.autonvaraosahaku.fi\/index.php?rest_route=\/wp\/v2\/types\/product"}],"wp:attachment":[{"href":"https:\/\/www.autonvaraosahaku.fi\/index.php?rest_route=%2Fwp%2Fv2%2Fmedia&parent=74132"}],"wp:term":[{"taxonomy":"pwb-brand","embeddable":true,"href":"https:\/\/www.autonvaraosahaku.fi\/index.php?rest_route=%2Fwp%2Fv2%2Fpwb-brand&post=74132"},{"taxonomy":"product_cat","embeddable":true,"href":"https:\/\/www.autonvaraosahaku.fi\/index.php?rest_route=%2Fwp%2Fv2%2Fproduct_cat&post=74132"},{"taxonomy":"product_tag","embeddable":true,"href":"https:\/\/www.autonvaraosahaku.fi\/index.php?rest_route=%2Fwp%2Fv2%2Fproduct_tag&post=74132"}],"curies":[{"name":"wp","href":"https:\/\/api.w.org\/{rel}","templated":true}]}}