{"id":74139,"date":"2021-02-21T19:31:43","date_gmt":"2021-02-21T19:31:43","guid":{"rendered":"https:\/\/www.autonvaraosahaku.fi\/?product=febi-bilstein-36829-koiranluu"},"modified":"2021-02-21T19:31:49","modified_gmt":"2021-02-21T19:31:49","slug":"febi-bilstein-36829-koiranluu","status":"publish","type":"product","link":"https:\/\/www.autonvaraosahaku.fi\/?product=febi-bilstein-36829-koiranluu","title":{"rendered":"FEBI BILSTEIN 36829 Koiranluu"},"content":{"rendered":"<p>Pituus (mm): 100; Sis\u00e4l\u00e4pimitta [mm]: 12,0; Ulkokierre [mm]: M10 x 1,25; Materiaali: Ter\u00e4s; Tanko \/ tuki: Yhdystanko; Asennuspuoli: etuakseli molemminpuoleinen, etuakseli molemminpuoleinen; Paino [kg]: 0,25, 0,25; lis\u00e4tieto: febi Plus; Moottorinumero: AR67102; LANCIA: DELTA II 836,DEDRA 835,DEDRA SW 835; FIAT: COUPE FA\/175,BRAVO I 182,BRAVA 182,TIPO 160,TEMPRA 159,TEMPRA S.W. 159; ALFA ROMEO: SPIDER 916S_,GTV 916C_,145 930,155 167,146 930; 60570627, 60570627S2, 60807583, 60807583S2, 60809242, 60809242S2, 60570627, 60570627S2, 60807583, 60807583S2, 60809242, 60809242S2, 60570627, 60570627S2, 60807583, 60807583S2, 60809242, 60809242S2; Kallistuksenvakaajan Yhdystanko,Tanko, Kallistuksenvaimennin<\/p>\n","protected":false},"excerpt":{"rendered":"<p>FEBI BILSTEIN Koiranluu 36829 Kallistuksenvakaajan Yhdystanko,Tanko, Kallistuksenvaimennin LANCIA,FIAT,ALFA ROMEO,DELTA II 836,DEDRA 835,DEDRA SW 835<\/p>\n","protected":false},"featured_media":0,"template":"","meta":{"site-sidebar-layout":"default","site-content-layout":"default","ast-global-header-display":"","ast-main-header-display":"","ast-hfb-above-header-display":"","ast-hfb-below-header-display":"","ast-hfb-mobile-header-display":"","site-post-title":"","ast-breadcrumbs-content":"","ast-featured-img":"","footer-sml-layout":"","theme-transparent-header-meta":"","adv-header-id-meta":"","stick-header-meta":"","header-above-stick-meta":"","header-main-stick-meta":"","header-below-stick-meta":""},"pwb-brand":[50],"product_cat":[38],"product_tag":[],"class_list":{"0":"post-74139","1":"product","2":"type-product","3":"status-publish","5":"pwb-brand-febi-bilstein","6":"product_cat-koiranluu","7":"desktop-align-left","8":"tablet-align-left","9":"mobile-align-left","11":"first","12":"instock","13":"product-type-external"},"brands":[{"id":50,"name":"FEBI BILSTEIN","slug":"febi-bilstein"}],"_links":{"self":[{"href":"https:\/\/www.autonvaraosahaku.fi\/index.php?rest_route=\/wp\/v2\/product\/74139","targetHints":{"allow":["GET"]}}],"collection":[{"href":"https:\/\/www.autonvaraosahaku.fi\/index.php?rest_route=\/wp\/v2\/product"}],"about":[{"href":"https:\/\/www.autonvaraosahaku.fi\/index.php?rest_route=\/wp\/v2\/types\/product"}],"wp:attachment":[{"href":"https:\/\/www.autonvaraosahaku.fi\/index.php?rest_route=%2Fwp%2Fv2%2Fmedia&parent=74139"}],"wp:term":[{"taxonomy":"pwb-brand","embeddable":true,"href":"https:\/\/www.autonvaraosahaku.fi\/index.php?rest_route=%2Fwp%2Fv2%2Fpwb-brand&post=74139"},{"taxonomy":"product_cat","embeddable":true,"href":"https:\/\/www.autonvaraosahaku.fi\/index.php?rest_route=%2Fwp%2Fv2%2Fproduct_cat&post=74139"},{"taxonomy":"product_tag","embeddable":true,"href":"https:\/\/www.autonvaraosahaku.fi\/index.php?rest_route=%2Fwp%2Fv2%2Fproduct_tag&post=74139"}],"curies":[{"name":"wp","href":"https:\/\/api.w.org\/{rel}","templated":true}]}}