{"id":74156,"date":"2021-02-21T19:31:50","date_gmt":"2021-02-21T19:31:50","guid":{"rendered":"https:\/\/www.autonvaraosahaku.fi\/?product=tyc-11-11365-01-2-takavalot"},"modified":"2021-02-21T19:31:55","modified_gmt":"2021-02-21T19:31:55","slug":"tyc-11-11365-01-2-takavalot","status":"publish","type":"product","link":"https:\/\/www.autonvaraosahaku.fi\/?product=tyc-11-11365-01-2-takavalot","title":{"rendered":"TYC 11-11365-01-2 Takavalot"},"content":{"rendered":"<p>Asennuspuoli: Oikea; Rekister\u00f6ity tyyppi: E-hyv\u00e4ksytty; Lis\u00e4tarvike\/lis\u00e4tieto: Ilman lampun kantaa; Valmistusvuoteen: 03\/2012; AUDI: A4 Avant 8K5, B8,A4 Allroad 8KH, B8; 8K9945096; Takavalo<\/p>\n","protected":false},"excerpt":{"rendered":"<p>TYC Takavalot 11-11365-01-2 Takavalo AUDI,A4 Avant 8K5, B8,A4 Allroad 8KH, B8<\/p>\n","protected":false},"featured_media":0,"template":"","meta":{"site-sidebar-layout":"default","site-content-layout":"default","ast-global-header-display":"","ast-main-header-display":"","ast-hfb-above-header-display":"","ast-hfb-below-header-display":"","ast-hfb-mobile-header-display":"","site-post-title":"","ast-breadcrumbs-content":"","ast-featured-img":"","footer-sml-layout":"","theme-transparent-header-meta":"","adv-header-id-meta":"","stick-header-meta":"","header-above-stick-meta":"","header-main-stick-meta":"","header-below-stick-meta":""},"pwb-brand":[124],"product_cat":[159],"product_tag":[],"class_list":{"0":"post-74156","1":"product","2":"type-product","3":"status-publish","5":"pwb-brand-tyc","6":"product_cat-takavalot","7":"desktop-align-left","8":"tablet-align-left","9":"mobile-align-left","11":"first","12":"instock","13":"product-type-external"},"brands":[{"id":124,"name":"TYC","slug":"tyc"}],"_links":{"self":[{"href":"https:\/\/www.autonvaraosahaku.fi\/index.php?rest_route=\/wp\/v2\/product\/74156","targetHints":{"allow":["GET"]}}],"collection":[{"href":"https:\/\/www.autonvaraosahaku.fi\/index.php?rest_route=\/wp\/v2\/product"}],"about":[{"href":"https:\/\/www.autonvaraosahaku.fi\/index.php?rest_route=\/wp\/v2\/types\/product"}],"wp:attachment":[{"href":"https:\/\/www.autonvaraosahaku.fi\/index.php?rest_route=%2Fwp%2Fv2%2Fmedia&parent=74156"}],"wp:term":[{"taxonomy":"pwb-brand","embeddable":true,"href":"https:\/\/www.autonvaraosahaku.fi\/index.php?rest_route=%2Fwp%2Fv2%2Fpwb-brand&post=74156"},{"taxonomy":"product_cat","embeddable":true,"href":"https:\/\/www.autonvaraosahaku.fi\/index.php?rest_route=%2Fwp%2Fv2%2Fproduct_cat&post=74156"},{"taxonomy":"product_tag","embeddable":true,"href":"https:\/\/www.autonvaraosahaku.fi\/index.php?rest_route=%2Fwp%2Fv2%2Fproduct_tag&post=74156"}],"curies":[{"name":"wp","href":"https:\/\/api.w.org\/{rel}","templated":true}]}}