{"id":74158,"date":"2021-02-21T19:31:50","date_gmt":"2021-02-21T19:31:50","guid":{"rendered":"https:\/\/www.autonvaraosahaku.fi\/?product=reinz-81-17328-20-kampiakselin-tiiviste"},"modified":"2021-02-21T19:31:56","modified_gmt":"2021-02-21T19:31:56","slug":"reinz-81-17328-20-kampiakselin-tiiviste","status":"publish","type":"product","link":"https:\/\/www.autonvaraosahaku.fi\/?product=reinz-81-17328-20-kampiakselin-tiiviste","title":{"rendered":"REINZ 81-17328-20 Kampiakselin tiiviste"},"content":{"rendered":"<p>Materiaali: FPM (fluori-kumi); Sis\u00e4l\u00e4pimitta [mm]: 45; Ulkol\u00e4pimitta [mm]: 74,5, 79,5; Leveys (mm): 12; Akselitiivisteen malli: A SL; Rihlamalli: Oikea kierre; Asennuspuoli: stirnseitig; MERCEDES-BENZ: E-CLASS W210,Stufenheck W123,G-CLASS W460,COUPE C123,KOMBI Kombi S123,T1 Bus 601,100 Bus 631,T1 Pritsche\/Fahrgestell 602,T2\/L Kasten\/Kombi,T1 Kasten 602,100 Kasten 631,T1 Pritsche\/Fahrgestell 601,T2\/LN1 Kasten\/Kombi,T1 Kasten 601,100 Pritsche\/Fahrgestell 631,T2\/L Pritsche\/Fahrgestell,T1\/TN Pritsche\/Fahrgestell,T2\/LN1 Pritsche\/Fahrgestell,T1\/TN Kasten\/Kombi,T2\/L Kommunalfahrzeug,T2\/LN1 Kipper,T2\/L Kipper,O 309; PUCH: G-MODELL W 460; 0119972247; Akselitiiviste, Kampiakseli<\/p>\n","protected":false},"excerpt":{"rendered":"<p>REINZ Kampiakselin Tiiviste 81-17328-20 Akselitiiviste, Kampiakseli MERCEDES-BENZ,PUCH,E-CLASS W210,Stufenheck W123,G-CLASS W460,COUPE C123<\/p>\n","protected":false},"featured_media":0,"template":"","meta":{"site-sidebar-layout":"default","site-content-layout":"default","ast-global-header-display":"","ast-main-header-display":"","ast-hfb-above-header-display":"","ast-hfb-below-header-display":"","ast-hfb-mobile-header-display":"","site-post-title":"","ast-breadcrumbs-content":"","ast-featured-img":"","footer-sml-layout":"","theme-transparent-header-meta":"","adv-header-id-meta":"","stick-header-meta":"","header-above-stick-meta":"","header-main-stick-meta":"","header-below-stick-meta":""},"pwb-brand":[138],"product_cat":[88],"product_tag":[],"class_list":{"0":"post-74158","1":"product","2":"type-product","3":"status-publish","5":"pwb-brand-reinz","6":"product_cat-kampiakselin-tiiviste","7":"desktop-align-left","8":"tablet-align-left","9":"mobile-align-left","11":"first","12":"instock","13":"product-type-external"},"brands":[{"id":138,"name":"REINZ","slug":"reinz"}],"_links":{"self":[{"href":"https:\/\/www.autonvaraosahaku.fi\/index.php?rest_route=\/wp\/v2\/product\/74158","targetHints":{"allow":["GET"]}}],"collection":[{"href":"https:\/\/www.autonvaraosahaku.fi\/index.php?rest_route=\/wp\/v2\/product"}],"about":[{"href":"https:\/\/www.autonvaraosahaku.fi\/index.php?rest_route=\/wp\/v2\/types\/product"}],"wp:attachment":[{"href":"https:\/\/www.autonvaraosahaku.fi\/index.php?rest_route=%2Fwp%2Fv2%2Fmedia&parent=74158"}],"wp:term":[{"taxonomy":"pwb-brand","embeddable":true,"href":"https:\/\/www.autonvaraosahaku.fi\/index.php?rest_route=%2Fwp%2Fv2%2Fpwb-brand&post=74158"},{"taxonomy":"product_cat","embeddable":true,"href":"https:\/\/www.autonvaraosahaku.fi\/index.php?rest_route=%2Fwp%2Fv2%2Fproduct_cat&post=74158"},{"taxonomy":"product_tag","embeddable":true,"href":"https:\/\/www.autonvaraosahaku.fi\/index.php?rest_route=%2Fwp%2Fv2%2Fproduct_tag&post=74158"}],"curies":[{"name":"wp","href":"https:\/\/api.w.org\/{rel}","templated":true}]}}