{"id":74179,"date":"2021-02-21T19:31:57","date_gmt":"2021-02-21T19:31:57","guid":{"rendered":"https:\/\/www.autonvaraosahaku.fi\/?product=ufi-31-515-00-polttoainesuodatin"},"modified":"2021-02-21T19:32:03","modified_gmt":"2021-02-21T19:32:03","slug":"ufi-31-515-00-polttoainesuodatin","status":"publish","type":"product","link":"https:\/\/www.autonvaraosahaku.fi\/?product=ufi-31-515-00-polttoainesuodatin","title":{"rendered":"UFI 31.515.00 Polttoainesuodatin"},"content":{"rendered":"<p>Ulkol\u00e4pimitta [mm]: 55,0; Ulkol\u00e4pimitta 1 [mm]: 55,0; Sis\u00e4\u00e4ntulol\u00e4pimitta [mm]: 7,9; Ulostulon l\u00e4pimitta [mm]: 7,9; Korkeus (mm): 163,0; Valmistusvuosi alkaen: 01\/1996; VW: POLO 9N_,FOX 5Z1, 5Z3; SEAT: IBIZA II 6K1; CHEVROLET: MATIZ M200, M250; DAEWOO: MATIZ KLYA,LANOS KLAT,NUBIRA Wagon KLAJ,LANOS Stufenheck KLAT,LEGANZA KLAV,NUBIRA Stufenheck KLAJ,NUBIRA KLAJ; LADA: KALINA Kombi 1117,KALINA Schr\u00e4gheck 1119,PRIORA Kombi 2171,KALINA Stufenheck 1118,GRANTA 2190,PRIORA Schr\u00e4gheck 2172; SAAB: 9-3 YS3F,9-5 Kombi YS3E,9-3 Kombi YS3F,9-5 YS3E,9-3 Cabriolet YS3F,9-3X; ROVER: 800 XS,800 Hatchback XS,800 Coupe; MERCEDES-BENZ: E-CLASS W124; OPEL: CORSA C F08, F68,MERIVA,ZAFIRA A F75_,ASTRA G CC F48_, F08_,ASTRA G Caravan F35_,CORSA B 73_, 78_, 79_,VECTRA C Caravan,SIGNUM,VECTRA C,VECTRA B 36_,OMEGA B Caravan 21_, 22_, 23_,OMEGA B 25_, 26_, 27_,VECTRA C GTS,TIGRA TwinTop,VECTRA B Caravan 31_,ASTRA G Cabriolet F67,ASTRA G Coupe F07_,COMBO Kasten\/Kombi,ASTRA G Stufenheck F69_,VECTRA B CC 38_,COMBO Tour,TIGRA 95_,CORSA C Kasten F08, W5L,COMBO 71_,CORSA B Kasten 73_,ASTRA G Kasten F70,CORSA B Kombi F35; JAGUAR: X-TYPE CF1,X-TYPE Estate; 156789, 25121074, 93370527, 46403933, 46441236, 46474249, 46523087, 46769601, 60675978, 60811822, 60811904, 60812738, 60813871, 71736100, 7787063, C2S20906, C2S2768, C2S45278, 2123011170100, 21231117010, 2123111701002, 1567C4, 818508, 818510, 818514, 818568, 156788, WJN101250, WJN101250EVA, VFF618, VFF634<\/p>\n","protected":false},"excerpt":{"rendered":"<p>UFI Polttoainesuodatin 31.515.00  VW,SEAT,CHEVROLET,POLO 9N_,FOX 5Z1, 5Z3,IBIZA II 6K1,MATIZ M200, M250,MATIZ KLYA,LANOS KLAT,NUBIRA Wagon KLAJ<\/p>\n","protected":false},"featured_media":0,"template":"","meta":{"site-sidebar-layout":"default","site-content-layout":"default","ast-global-header-display":"","ast-main-header-display":"","ast-hfb-above-header-display":"","ast-hfb-below-header-display":"","ast-hfb-mobile-header-display":"","site-post-title":"","ast-breadcrumbs-content":"","ast-featured-img":"","footer-sml-layout":"","theme-transparent-header-meta":"","adv-header-id-meta":"","stick-header-meta":"","header-above-stick-meta":"","header-main-stick-meta":"","header-below-stick-meta":""},"pwb-brand":[109],"product_cat":[29],"product_tag":[],"class_list":{"0":"post-74179","1":"product","2":"type-product","3":"status-publish","5":"pwb-brand-ufi","6":"product_cat-polttoainesuodatin","7":"desktop-align-left","8":"tablet-align-left","9":"mobile-align-left","11":"first","12":"instock","13":"product-type-external"},"brands":[{"id":109,"name":"UFI","slug":"ufi"}],"_links":{"self":[{"href":"https:\/\/www.autonvaraosahaku.fi\/index.php?rest_route=\/wp\/v2\/product\/74179","targetHints":{"allow":["GET"]}}],"collection":[{"href":"https:\/\/www.autonvaraosahaku.fi\/index.php?rest_route=\/wp\/v2\/product"}],"about":[{"href":"https:\/\/www.autonvaraosahaku.fi\/index.php?rest_route=\/wp\/v2\/types\/product"}],"wp:attachment":[{"href":"https:\/\/www.autonvaraosahaku.fi\/index.php?rest_route=%2Fwp%2Fv2%2Fmedia&parent=74179"}],"wp:term":[{"taxonomy":"pwb-brand","embeddable":true,"href":"https:\/\/www.autonvaraosahaku.fi\/index.php?rest_route=%2Fwp%2Fv2%2Fpwb-brand&post=74179"},{"taxonomy":"product_cat","embeddable":true,"href":"https:\/\/www.autonvaraosahaku.fi\/index.php?rest_route=%2Fwp%2Fv2%2Fproduct_cat&post=74179"},{"taxonomy":"product_tag","embeddable":true,"href":"https:\/\/www.autonvaraosahaku.fi\/index.php?rest_route=%2Fwp%2Fv2%2Fproduct_tag&post=74179"}],"curies":[{"name":"wp","href":"https:\/\/api.w.org\/{rel}","templated":true}]}}