{"id":74181,"date":"2021-02-21T19:32:04","date_gmt":"2021-02-21T19:32:04","guid":{"rendered":"https:\/\/www.autonvaraosahaku.fi\/?product=prasco-hd0382011-etusaleikko"},"modified":"2021-02-21T19:32:05","modified_gmt":"2021-02-21T19:32:05","slug":"prasco-hd0382011-etusaleikko","status":"publish","type":"product","link":"https:\/\/www.autonvaraosahaku.fi\/?product=prasco-hd0382011-etusaleikko","title":{"rendered":"PRASCO HD0382011 Etus\u00e4leikk\u00f6"},"content":{"rendered":"<p>Oviluku: 3; Laatu: Premium Certified; Varustelumahdollisuudet: Typ R; V\u00e4ri: Musta, Hopea; Paino [kg]: 0,33; Tuotelinja: Premium; Valmistusvuoteen: 10\/2003; HONDA: CIVIC VII Hatchback EU, EP, EV; 71120S5TG01ZA; Etumaski,J\u00e4\u00e4hdyttimen S\u00e4leikk\u00f6<\/p>\n","protected":false},"excerpt":{"rendered":"<p>PRASCO Etus\u00e4leikk\u00f6 HD0382011 Etumaski,J\u00e4\u00e4hdyttimen S\u00e4leikk\u00f6 HONDA,CIVIC VII Hatchback EU, EP, EV<\/p>\n","protected":false},"featured_media":0,"template":"","meta":{"site-sidebar-layout":"default","site-content-layout":"default","ast-global-header-display":"","ast-main-header-display":"","ast-hfb-above-header-display":"","ast-hfb-below-header-display":"","ast-hfb-mobile-header-display":"","site-post-title":"","ast-breadcrumbs-content":"","ast-featured-img":"","footer-sml-layout":"","theme-transparent-header-meta":"","adv-header-id-meta":"","stick-header-meta":"","header-above-stick-meta":"","header-main-stick-meta":"","header-below-stick-meta":""},"pwb-brand":[406],"product_cat":[302],"product_tag":[],"class_list":{"0":"post-74181","1":"product","2":"type-product","3":"status-publish","5":"pwb-brand-prasco","6":"product_cat-etusaleikko","7":"desktop-align-left","8":"tablet-align-left","9":"mobile-align-left","11":"first","12":"instock","13":"product-type-external"},"brands":[{"id":406,"name":"PRASCO","slug":"prasco"}],"_links":{"self":[{"href":"https:\/\/www.autonvaraosahaku.fi\/index.php?rest_route=\/wp\/v2\/product\/74181","targetHints":{"allow":["GET"]}}],"collection":[{"href":"https:\/\/www.autonvaraosahaku.fi\/index.php?rest_route=\/wp\/v2\/product"}],"about":[{"href":"https:\/\/www.autonvaraosahaku.fi\/index.php?rest_route=\/wp\/v2\/types\/product"}],"wp:attachment":[{"href":"https:\/\/www.autonvaraosahaku.fi\/index.php?rest_route=%2Fwp%2Fv2%2Fmedia&parent=74181"}],"wp:term":[{"taxonomy":"pwb-brand","embeddable":true,"href":"https:\/\/www.autonvaraosahaku.fi\/index.php?rest_route=%2Fwp%2Fv2%2Fpwb-brand&post=74181"},{"taxonomy":"product_cat","embeddable":true,"href":"https:\/\/www.autonvaraosahaku.fi\/index.php?rest_route=%2Fwp%2Fv2%2Fproduct_cat&post=74181"},{"taxonomy":"product_tag","embeddable":true,"href":"https:\/\/www.autonvaraosahaku.fi\/index.php?rest_route=%2Fwp%2Fv2%2Fproduct_tag&post=74181"}],"curies":[{"name":"wp","href":"https:\/\/api.w.org\/{rel}","templated":true}]}}