{"id":74203,"date":"2021-02-21T19:32:11","date_gmt":"2021-02-21T19:32:11","guid":{"rendered":"https:\/\/www.autonvaraosahaku.fi\/?product=fa1-890-903-pakosarjan-tiivisteet"},"modified":"2021-02-21T19:32:13","modified_gmt":"2021-02-21T19:32:13","slug":"fa1-890-903-pakosarjan-tiivisteet","status":"publish","type":"product","link":"https:\/\/www.autonvaraosahaku.fi\/?product=fa1-890-903-pakosarjan-tiivisteet","title":{"rendered":"FA1 890-903 Pakosarjan tiivisteet"},"content":{"rendered":"<p>Asennuspuoli: Keskell\u00e4; Pakoputkisto: f\u00fcr Endschalld\u00e4mpfer; FIAT: FULLBACK Pick-up 502_, 503_; MITSUBISHI: ASX GA_W_,OUTLANDER III GG_W, GF_W, ZJ,OUTLANDER I CU_W,PAJERO IV V8_W, V9_W,L 200 KB_T, KA_T,PAJERO II V3_W, V2_W, V4_W,ASX Van GA_W_,GALANT V Stufenheck E5_A, E7_A, E8_A,GALANT V E5_A, E7_A, E8_A,ECLIPSE IV DK_A,L200 KJ_,ECLIPSE IV Cabriolet; 2876636000, 2876636010, 2876637020, MB313240, MB687013, MN110644, MR224267, 1607497580, 30873326; Tiiviste, Pakoputki<\/p>\n","protected":false},"excerpt":{"rendered":"<p>FA1 Pakoputken Tiiviste 890-903 Tiiviste, Pakoputki FIAT,MITSUBISHI,FULLBACK Pick-up 502_, 503_,ASX GA_W_,OUTLANDER III GG_W, GF_W, ZJ<\/p>\n","protected":false},"featured_media":0,"template":"","meta":{"site-sidebar-layout":"default","site-content-layout":"default","ast-global-header-display":"","ast-main-header-display":"","ast-hfb-above-header-display":"","ast-hfb-below-header-display":"","ast-hfb-mobile-header-display":"","site-post-title":"","ast-breadcrumbs-content":"","ast-featured-img":"","footer-sml-layout":"","theme-transparent-header-meta":"","adv-header-id-meta":"","stick-header-meta":"","header-above-stick-meta":"","header-main-stick-meta":"","header-below-stick-meta":""},"pwb-brand":[39],"product_cat":[123],"product_tag":[],"class_list":{"0":"post-74203","1":"product","2":"type-product","3":"status-publish","5":"pwb-brand-fa1","6":"product_cat-pakosarjan-tiivisteet","7":"desktop-align-left","8":"tablet-align-left","9":"mobile-align-left","11":"first","12":"instock","13":"product-type-external"},"brands":[{"id":39,"name":"FA1","slug":"fa1"}],"_links":{"self":[{"href":"https:\/\/www.autonvaraosahaku.fi\/index.php?rest_route=\/wp\/v2\/product\/74203","targetHints":{"allow":["GET"]}}],"collection":[{"href":"https:\/\/www.autonvaraosahaku.fi\/index.php?rest_route=\/wp\/v2\/product"}],"about":[{"href":"https:\/\/www.autonvaraosahaku.fi\/index.php?rest_route=\/wp\/v2\/types\/product"}],"wp:attachment":[{"href":"https:\/\/www.autonvaraosahaku.fi\/index.php?rest_route=%2Fwp%2Fv2%2Fmedia&parent=74203"}],"wp:term":[{"taxonomy":"pwb-brand","embeddable":true,"href":"https:\/\/www.autonvaraosahaku.fi\/index.php?rest_route=%2Fwp%2Fv2%2Fpwb-brand&post=74203"},{"taxonomy":"product_cat","embeddable":true,"href":"https:\/\/www.autonvaraosahaku.fi\/index.php?rest_route=%2Fwp%2Fv2%2Fproduct_cat&post=74203"},{"taxonomy":"product_tag","embeddable":true,"href":"https:\/\/www.autonvaraosahaku.fi\/index.php?rest_route=%2Fwp%2Fv2%2Fproduct_tag&post=74203"}],"curies":[{"name":"wp","href":"https:\/\/api.w.org\/{rel}","templated":true}]}}