{"id":74251,"date":"2021-02-21T19:32:26","date_gmt":"2021-02-21T19:32:26","guid":{"rendered":"https:\/\/www.autonvaraosahaku.fi\/?product=ajusa-15078200-nokka-akselin-tiiviste"},"modified":"2021-02-21T19:32:30","modified_gmt":"2021-02-21T19:32:30","slug":"ajusa-15078200-nokka-akselin-tiiviste","status":"publish","type":"product","link":"https:\/\/www.autonvaraosahaku.fi\/?product=ajusa-15078200-nokka-akselin-tiiviste","title":{"rendered":"AJUSA 15078200 Nokka akselin tiiviste"},"content":{"rendered":"<p>Asennuspuoli: Venttiilikoppa; Sis\u00e4l\u00e4pimitta [mm]: 36; Ulkol\u00e4pimitta [mm]: 50; Korkeus (mm): 8; TECDOC-moottorinumero: 18131; CHEVROLET: CAPTIVA C100, C140,NUBIRA Kombi,CRUZE J300,EPICA KL1_,LACETTI J200,NUBIRA Stufenheck,LACETTI Kombi J200; KIA: CEE&#8217;D SW ED,CEE&#8217;D Schr\u00e4gheck ED,SPORTAGE JE_, KM_,CARENS II FJ,CARENS III UN,PRO CEE&#8217;D ED,CERATO LD,MAGENTIS MG,CERATO Stufenheck LD; HYUNDAI: i30 FD,GETZ TB,TUCSON JM,i30 CW FD,SANTA F\u00c9 I SM,SANTA F\u00c9 II CM,MATRIX FC,TRAJET FO,SONATA V NF,ACCENT II LC,ELANTRA XD,ELANTRA Stufenheck XD,ACCENT II Stufenheck LC,GRANDEUR TG; OPEL: ANTARA; VAUXHALL: ANTARA J26, H26; 2214427000, 4805326, 96440161; Akselitiiviste, Nokka-Akseli<\/p>\n","protected":false},"excerpt":{"rendered":"<p>AJUSA Nokka Akselin Tiiviste 15078200 Akselitiiviste, Nokka-Akseli CHEVROLET,KIA,HYUNDAI,CAPTIVA C100, C140,NUBIRA Kombi,CRUZE J300,EPICA KL1_<\/p>\n","protected":false},"featured_media":0,"template":"","meta":{"site-sidebar-layout":"default","site-content-layout":"default","ast-global-header-display":"","ast-main-header-display":"","ast-hfb-above-header-display":"","ast-hfb-below-header-display":"","ast-hfb-mobile-header-display":"","site-post-title":"","ast-breadcrumbs-content":"","ast-featured-img":"","footer-sml-layout":"","theme-transparent-header-meta":"","adv-header-id-meta":"","stick-header-meta":"","header-above-stick-meta":"","header-main-stick-meta":"","header-below-stick-meta":""},"pwb-brand":[211],"product_cat":[122],"product_tag":[],"class_list":{"0":"post-74251","1":"product","2":"type-product","3":"status-publish","5":"pwb-brand-ajusa","6":"product_cat-nokka-akselin-tiiviste","7":"desktop-align-left","8":"tablet-align-left","9":"mobile-align-left","11":"first","12":"instock","13":"product-type-external"},"brands":[{"id":211,"name":"AJUSA","slug":"ajusa"}],"_links":{"self":[{"href":"https:\/\/www.autonvaraosahaku.fi\/index.php?rest_route=\/wp\/v2\/product\/74251","targetHints":{"allow":["GET"]}}],"collection":[{"href":"https:\/\/www.autonvaraosahaku.fi\/index.php?rest_route=\/wp\/v2\/product"}],"about":[{"href":"https:\/\/www.autonvaraosahaku.fi\/index.php?rest_route=\/wp\/v2\/types\/product"}],"wp:attachment":[{"href":"https:\/\/www.autonvaraosahaku.fi\/index.php?rest_route=%2Fwp%2Fv2%2Fmedia&parent=74251"}],"wp:term":[{"taxonomy":"pwb-brand","embeddable":true,"href":"https:\/\/www.autonvaraosahaku.fi\/index.php?rest_route=%2Fwp%2Fv2%2Fpwb-brand&post=74251"},{"taxonomy":"product_cat","embeddable":true,"href":"https:\/\/www.autonvaraosahaku.fi\/index.php?rest_route=%2Fwp%2Fv2%2Fproduct_cat&post=74251"},{"taxonomy":"product_tag","embeddable":true,"href":"https:\/\/www.autonvaraosahaku.fi\/index.php?rest_route=%2Fwp%2Fv2%2Fproduct_tag&post=74251"}],"curies":[{"name":"wp","href":"https:\/\/api.w.org\/{rel}","templated":true}]}}