{"id":74256,"date":"2021-02-21T19:32:26","date_gmt":"2021-02-21T19:32:26","guid":{"rendered":"https:\/\/www.autonvaraosahaku.fi\/?product=vaico-v40-1802-nokka-akselin-tiiviste"},"modified":"2021-02-21T19:32:31","modified_gmt":"2021-02-21T19:32:31","slug":"vaico-v40-1802-nokka-akselin-tiiviste","status":"publish","type":"product","link":"https:\/\/www.autonvaraosahaku.fi\/?product=vaico-v40-1802-nokka-akselin-tiiviste","title":{"rendered":"VAICO V40-1802 Nokka akselin tiiviste"},"content":{"rendered":"<p>Sis\u00e4l\u00e4pimitta [mm]: 35; Ulkol\u00e4pimitta [mm]: 48; Korkeus (mm): 7; Paino [kg]: 0,015; Pakkausleveys [cm]: 4,8; Pakkauskorkeus [mm]: 0,7; Pakkaussyvyys [cm]: 4,8; lis\u00e4tieto: CST97; Moottorinumero: 12S; CHEVROLET: CAPTIVA C100, C140,KALOS,LACETTI J200,REZZO,KALOS Stufenheck; DAEWOO: KALOS KLAS,REZZO KLAU,LANOS KLAT,LACETTI Schr\u00e4gheck KLAN,NUBIRA Stufenheck KLAN,NUBIRA Wagon KLAJ,LANOS Stufenheck KLAT,LEGANZA KLAV,NEXIA KLETN,NUBIRA Stufenheck KLAJ,ESPERO KLEJ,NUBIRA KLAJ,NEXIA Stufenheck KLETN; SAAB: 9-3 YS3F,9-5 Kombi YS3E,9-3 Kombi YS3F,9-5 YS3E,9000 Schr\u00e4gheck,900 II Cabriolet,900 II,9000,900 II Coupe; OPEL: CORSA C F08, F68,ZAFIRA B A05,ASTRA H Caravan L35,MERIVA,ZAFIRA A F75_,ASTRA G CC F48_, F08_,OMEGA A 16_, 17_, 19_,ASTRA H L48,ASTRA G Caravan F35_,CORSA B 73_, 78_, 79_,VECTRA C Caravan,ASTRA H GTC L08,SIGNUM,VECTRA C,VECTRA B 36_,ASTRA F CC 53_, 54_, 58_, 59_,OMEGA B Caravan 21_, 22_, 23_,OMEGA B 25_, 26_, 27_,VECTRA C GTS,ANTARA,TIGRA TwinTop,VECTRA B Caravan 31_,ASTRA H TwinTop L67,ASTRA G Cabriolet F67,ASTRA F Caravan 51_, 52_,FRONTERA B 6B_,ASTRA G Coupe F07_,COMBO Kasten\/Kombi,ASTRA G Stufenheck F69_,CALIBRA A 85_,VECTRA B CC 38_,COMBO Tour,VECTRA A 86_, 87_,ASTRA F Cabriolet 53_B,ASTRA F 56_, 57_,KADETT E CC 33_, 34_, 43_, 44_,SINTRA,FRONTERA A Sport 5_SUD2,TIGRA 95_,CORSA A CC 93_, 94_, 98_, 99_,FRONTERA A 5_MWL4,MANTA B 58_, 59_,VECTRA A CC 88_, 89_,COMBO 71_,KADETT E Cabriolet 43B_,ASCONA B 81_, 86_, 87_, 88_,ASCONA C 81_, 86_, 87_, 88_,REKORD E 17_-19_, 11_, 14_, 16_,OMEGA A Caravan 66_, 67_,ASTRA F CLASSIC CC,CORSA A TR 91_, 92_, 96_, 97_,KADETT ; CADILLAC: BLS,BLS Wagon; LOTUS: EUROPA S; VAUXHALL: CALIBRA,ZAFIRA Mk II B M75,ASTRA Mk V H CC,CHEVETTE,VECTRA Mk II C CC,ZAFIRA Mk I A F75,CHEVETTE CC,CORSA Mk II C W5L, F08,ASTRA Mk V H Estate,VECTRA Mk II C Estate,ASTRA Mk V H Convertible,ASTRA Mk IV G CC,VECTRA Mk II C,ANTARA J26, H26,ASTRA Mk III F CC,FRONTERA Mk II B,CORSA Mk I B,MERIVA Mk I A,SIGNUM,ASTRA Mk IV G Sedan,OMEGA B,ASTRA Mk II CC,TIGRA Convertible,VECTRA B CC,FRONTERA Mk I A,CAVALIER Mk III 87,VX220,VECTRA B Estate,VECTRA B,FRONTERA Mk I A Sport,ASTRA Mk III F Estate,ASTRAVAN Mk IV G,CARLTON Mk II Estate,ASTRA Mk IV G Coupe F67,CAVALIER Mk III CC,COMBO Mk I B,TIGRA Mk I F07,OMEGA B Estate,COMBO Mk II C Kasten\/Kombi F25,ASTRA Mk IV G Convertible,ASTRAVAN Mk III F,ASTRA Mk IV G Estate,CAVALIER Mk II CC,NOVA,NOVA CC,CARLTON Mk III; 0636838, 0636841, 5636970, 90285291, 90298390; Akselitiiviste, Nokka-Akseli<\/p>\n","protected":false},"excerpt":{"rendered":"<p>VAICO Nokka Akselin Tiiviste V40-1802 Akselitiiviste, Nokka-Akseli CHEVROLET,DAEWOO,SAAB,CAPTIVA C100, C140,KALOS,LACETTI J200,REZZO,KALOS Stufenheck<\/p>\n","protected":false},"featured_media":0,"template":"","meta":{"site-sidebar-layout":"default","site-content-layout":"default","ast-global-header-display":"","ast-main-header-display":"","ast-hfb-above-header-display":"","ast-hfb-below-header-display":"","ast-hfb-mobile-header-display":"","site-post-title":"","ast-breadcrumbs-content":"","ast-featured-img":"","footer-sml-layout":"","theme-transparent-header-meta":"","adv-header-id-meta":"","stick-header-meta":"","header-above-stick-meta":"","header-main-stick-meta":"","header-below-stick-meta":""},"pwb-brand":[330],"product_cat":[122],"product_tag":[],"class_list":{"0":"post-74256","1":"product","2":"type-product","3":"status-publish","5":"pwb-brand-vaico","6":"product_cat-nokka-akselin-tiiviste","7":"desktop-align-left","8":"tablet-align-left","9":"mobile-align-left","11":"first","12":"instock","13":"product-type-external"},"brands":[{"id":330,"name":"VAICO","slug":"vaico"}],"_links":{"self":[{"href":"https:\/\/www.autonvaraosahaku.fi\/index.php?rest_route=\/wp\/v2\/product\/74256","targetHints":{"allow":["GET"]}}],"collection":[{"href":"https:\/\/www.autonvaraosahaku.fi\/index.php?rest_route=\/wp\/v2\/product"}],"about":[{"href":"https:\/\/www.autonvaraosahaku.fi\/index.php?rest_route=\/wp\/v2\/types\/product"}],"wp:attachment":[{"href":"https:\/\/www.autonvaraosahaku.fi\/index.php?rest_route=%2Fwp%2Fv2%2Fmedia&parent=74256"}],"wp:term":[{"taxonomy":"pwb-brand","embeddable":true,"href":"https:\/\/www.autonvaraosahaku.fi\/index.php?rest_route=%2Fwp%2Fv2%2Fpwb-brand&post=74256"},{"taxonomy":"product_cat","embeddable":true,"href":"https:\/\/www.autonvaraosahaku.fi\/index.php?rest_route=%2Fwp%2Fv2%2Fproduct_cat&post=74256"},{"taxonomy":"product_tag","embeddable":true,"href":"https:\/\/www.autonvaraosahaku.fi\/index.php?rest_route=%2Fwp%2Fv2%2Fproduct_tag&post=74256"}],"curies":[{"name":"wp","href":"https:\/\/api.w.org\/{rel}","templated":true}]}}