{"id":74271,"date":"2021-02-21T19:32:33","date_gmt":"2021-02-21T19:32:33","guid":{"rendered":"https:\/\/www.autonvaraosahaku.fi\/?product=era-330031-oljynpaineanturi"},"modified":"2021-02-21T19:32:37","modified_gmt":"2021-02-21T19:32:37","slug":"era-330031-oljynpaineanturi","status":"publish","type":"product","link":"https:\/\/www.autonvaraosahaku.fi\/?product=era-330031-oljynpaineanturi","title":{"rendered":"ERA 330031 \u00d6ljynpaineanturi"},"content":{"rendered":"<p>Liitinkierre: M10 x 1; Liittimi\u00e4: 1; Kytkent\u00e4piste alkaen [bar]: 0; Vaihtopiste enint. [bar]: 8; ALFA ROMEO: SPIDER 115,75 162B,164 164,155 167,ALFETTA 116,GIULIETTA 116,6 119,90 162,SZ; 60507256, 60507261, 60516857, 60596248, 60725114, 82205408, 82224358; \u00d6ljynpainekytkin<\/p>\n","protected":false},"excerpt":{"rendered":"<p>ERA \u00d6ljynpaineanturi 330031 \u00d6ljynpainekytkin ALFA ROMEO,SPIDER 115,75 162B,164 164,155 167,ALFETTA 116,GIULIETTA 116,6 119,90 162,SZ<\/p>\n","protected":false},"featured_media":0,"template":"","meta":{"site-sidebar-layout":"default","site-content-layout":"default","ast-global-header-display":"","ast-main-header-display":"","ast-hfb-above-header-display":"","ast-hfb-below-header-display":"","ast-hfb-mobile-header-display":"","site-post-title":"","ast-breadcrumbs-content":"","ast-featured-img":"","footer-sml-layout":"","theme-transparent-header-meta":"","adv-header-id-meta":"","stick-header-meta":"","header-above-stick-meta":"","header-main-stick-meta":"","header-below-stick-meta":""},"pwb-brand":[64],"product_cat":[235],"product_tag":[],"class_list":{"0":"post-74271","1":"product","2":"type-product","3":"status-publish","5":"pwb-brand-era","6":"product_cat-oljynpaineanturi","7":"desktop-align-left","8":"tablet-align-left","9":"mobile-align-left","11":"first","12":"instock","13":"product-type-external"},"brands":[{"id":64,"name":"ERA","slug":"era"}],"_links":{"self":[{"href":"https:\/\/www.autonvaraosahaku.fi\/index.php?rest_route=\/wp\/v2\/product\/74271","targetHints":{"allow":["GET"]}}],"collection":[{"href":"https:\/\/www.autonvaraosahaku.fi\/index.php?rest_route=\/wp\/v2\/product"}],"about":[{"href":"https:\/\/www.autonvaraosahaku.fi\/index.php?rest_route=\/wp\/v2\/types\/product"}],"wp:attachment":[{"href":"https:\/\/www.autonvaraosahaku.fi\/index.php?rest_route=%2Fwp%2Fv2%2Fmedia&parent=74271"}],"wp:term":[{"taxonomy":"pwb-brand","embeddable":true,"href":"https:\/\/www.autonvaraosahaku.fi\/index.php?rest_route=%2Fwp%2Fv2%2Fpwb-brand&post=74271"},{"taxonomy":"product_cat","embeddable":true,"href":"https:\/\/www.autonvaraosahaku.fi\/index.php?rest_route=%2Fwp%2Fv2%2Fproduct_cat&post=74271"},{"taxonomy":"product_tag","embeddable":true,"href":"https:\/\/www.autonvaraosahaku.fi\/index.php?rest_route=%2Fwp%2Fv2%2Fproduct_tag&post=74271"}],"curies":[{"name":"wp","href":"https:\/\/api.w.org\/{rel}","templated":true}]}}