{"id":7428,"date":"2021-02-21T14:00:09","date_gmt":"2021-02-21T14:00:09","guid":{"rendered":"https:\/\/www.autonvaraosahaku.fi\/?product=amio-02365-takavalot"},"modified":"2021-02-21T14:00:10","modified_gmt":"2021-02-21T14:00:10","slug":"amio-02365-takavalot","status":"publish","type":"product","link":"https:\/\/www.autonvaraosahaku.fi\/?product=amio-02365-takavalot","title":{"rendered":"AMiO 02365 Takavalot"},"content":{"rendered":"<p>Asennuspuoli: Taakse, oikea; Tuotelinja: RCL-02-R; Valotoiminto: pys\u00e4k\u00f6intivalolla, heijastimella, peruutusvalolla, sumuvalolla, Sivuvalolla (LED), jarruvalolla; Suojausmalli (IP-koodi): IP67; Tarkistuskilpi: ECE R10 ; J\u00e4nnite [V] alkaen: 10; J\u00e4nnite korkeint. [V]: 30; Pituus (mm): 236; Leveys (mm): 104; M\u00e4\u00e4r\u00e4: 1; M\u00e4\u00e4r\u00e4yksikk\u00f6: Kappale; Madallus (mm): 40; Lyhdyn muoto: LED; Kiinnitysmalli: pystysuoraan asennukseen; Tunnusluku: Dynamic; Takavalo<\/p>\n","protected":false},"excerpt":{"rendered":"<p>AMiO Takavalot 02365 Takavalo<\/p>\n","protected":false},"featured_media":0,"template":"","meta":{"site-sidebar-layout":"default","site-content-layout":"default","ast-global-header-display":"","ast-main-header-display":"","ast-hfb-above-header-display":"","ast-hfb-below-header-display":"","ast-hfb-mobile-header-display":"","site-post-title":"","ast-breadcrumbs-content":"","ast-featured-img":"","footer-sml-layout":"","theme-transparent-header-meta":"","adv-header-id-meta":"","stick-header-meta":"","header-above-stick-meta":"","header-main-stick-meta":"","header-below-stick-meta":""},"pwb-brand":[161],"product_cat":[159],"product_tag":[],"class_list":{"0":"post-7428","1":"product","2":"type-product","3":"status-publish","5":"pwb-brand-amio","6":"product_cat-takavalot","7":"desktop-align-left","8":"tablet-align-left","9":"mobile-align-left","11":"first","12":"instock","13":"product-type-external"},"brands":[{"id":161,"name":"AMiO","slug":"amio"}],"_links":{"self":[{"href":"https:\/\/www.autonvaraosahaku.fi\/index.php?rest_route=\/wp\/v2\/product\/7428","targetHints":{"allow":["GET"]}}],"collection":[{"href":"https:\/\/www.autonvaraosahaku.fi\/index.php?rest_route=\/wp\/v2\/product"}],"about":[{"href":"https:\/\/www.autonvaraosahaku.fi\/index.php?rest_route=\/wp\/v2\/types\/product"}],"wp:attachment":[{"href":"https:\/\/www.autonvaraosahaku.fi\/index.php?rest_route=%2Fwp%2Fv2%2Fmedia&parent=7428"}],"wp:term":[{"taxonomy":"pwb-brand","embeddable":true,"href":"https:\/\/www.autonvaraosahaku.fi\/index.php?rest_route=%2Fwp%2Fv2%2Fpwb-brand&post=7428"},{"taxonomy":"product_cat","embeddable":true,"href":"https:\/\/www.autonvaraosahaku.fi\/index.php?rest_route=%2Fwp%2Fv2%2Fproduct_cat&post=7428"},{"taxonomy":"product_tag","embeddable":true,"href":"https:\/\/www.autonvaraosahaku.fi\/index.php?rest_route=%2Fwp%2Fv2%2Fproduct_tag&post=7428"}],"curies":[{"name":"wp","href":"https:\/\/api.w.org\/{rel}","templated":true}]}}