{"id":74306,"date":"2021-02-21T19:32:48","date_gmt":"2021-02-21T19:32:48","guid":{"rendered":"https:\/\/www.autonvaraosahaku.fi\/?product=textar-92091903-jarrulevyt"},"modified":"2021-02-21T19:32:50","modified_gmt":"2021-02-21T19:32:50","slug":"textar-92091903-jarrulevyt","status":"publish","type":"product","link":"https:\/\/www.autonvaraosahaku.fi\/?product=textar-92091903-jarrulevyt","title":{"rendered":"TEXTAR 92091903 Jarrulevyt"},"content":{"rendered":"<p>Ulkol\u00e4pimitta [mm]: 280; Jarrulevyn paksuus (mm): 25; Jarrulevytyyppi: Tuuletettu, sis\u00e4; V\u00e4himm\u00e4ispaksuus (mm): 22; Korkeus (mm): 42; Reik\u00e4kuvio\/-m\u00e4\u00e4r\u00e4: 05\/08; Reik\u00e4ympyr\u00e4-\u00d8 [mm]: 110; keskitt\u00e4misl\u00e4pimitta [mm]: 70; Paino [kg]: 6,7; Korvaava tuote\/korvaava tiedote 2: Ilman py\u00f6r\u00e4nnapaa, Ilman py\u00f6r\u00e4nkiinnityspultteja; Pinta: pinnoitettu; Pakkauspituus [cm]: 31,5; Pakkausleveys [cm]: 30; Pakkauskorkeus [mm]: 10; Teknisten tietojen numero: 98200 0919 0 1 PRO; Tuotelinja: PRO; Asennuspuoli: Vorderachse; OPEL: CORSA C F08, F68,ZAFIRA B A05,ASTRA H Caravan L35,MERIVA,ZAFIRA A F75_,ASTRA G CC F48_, F08_,ASTRA H L48,ASTRA G Caravan F35_,ASTRA H GTC L08,MERIVA B,ASTRA H TwinTop L67,ASTRA G Cabriolet F67,ASTRA G Coupe F07_,COMBO Kasten\/Kombi,ASTRA G Stufenheck F69_,ZAFIRA B Van,COMBO Tour,ASTRA H Stufenheck L69,ASTRA H Kasten L70,ASTRA G Kasten F70,ASTRA CLASSIC Caravan,ASTRA CLASSIC L48,ASTRA CLASSIC Stufenheck; VAUXHALL: ZAFIRA Mk II B M75,ASTRA Mk V H CC,ZAFIRA Mk I A F75,ASTRA Mk V H Estate,ASTRA Mk V H Convertible,ASTRA Mk IV G CC,ASTRA Mk IV G Sedan,MERIVA Mk I A,MERIVA Mk II B,ASTRAVAN Mk IV G,ASTRAVAN Mk V H,ASTRA Mk IV G Coupe F67,COMBO TOUR Mk II C F25,COMBO Mk II C Kasten\/Kombi F25,ASTRA Mk IV G Convertible,ASTRA Mk IV G Estate; 569060, 569066, 93197592, 95526655, 90539466, 9117678; Jarrulevy<\/p>\n","protected":false},"excerpt":{"rendered":"<p>TEXTAR Jarrulevyt 92091903 Jarrulevy OPEL,VAUXHALL,CORSA C F08, F68,ZAFIRA B A05,ASTRA H Caravan L35,MERIVA,ZAFIRA A F75_,ASTRA G CC F48_, F08_<\/p>\n","protected":false},"featured_media":0,"template":"","meta":{"site-sidebar-layout":"default","site-content-layout":"default","ast-global-header-display":"","ast-main-header-display":"","ast-hfb-above-header-display":"","ast-hfb-below-header-display":"","ast-hfb-mobile-header-display":"","site-post-title":"","ast-breadcrumbs-content":"","ast-featured-img":"","footer-sml-layout":"","theme-transparent-header-meta":"","adv-header-id-meta":"","stick-header-meta":"","header-above-stick-meta":"","header-main-stick-meta":"","header-below-stick-meta":""},"pwb-brand":[288],"product_cat":[66],"product_tag":[],"class_list":{"0":"post-74306","1":"product","2":"type-product","3":"status-publish","5":"pwb-brand-textar","6":"product_cat-jarrulevyt","7":"desktop-align-left","8":"tablet-align-left","9":"mobile-align-left","11":"first","12":"instock","13":"product-type-external"},"brands":[{"id":288,"name":"TEXTAR","slug":"textar"}],"_links":{"self":[{"href":"https:\/\/www.autonvaraosahaku.fi\/index.php?rest_route=\/wp\/v2\/product\/74306","targetHints":{"allow":["GET"]}}],"collection":[{"href":"https:\/\/www.autonvaraosahaku.fi\/index.php?rest_route=\/wp\/v2\/product"}],"about":[{"href":"https:\/\/www.autonvaraosahaku.fi\/index.php?rest_route=\/wp\/v2\/types\/product"}],"wp:attachment":[{"href":"https:\/\/www.autonvaraosahaku.fi\/index.php?rest_route=%2Fwp%2Fv2%2Fmedia&parent=74306"}],"wp:term":[{"taxonomy":"pwb-brand","embeddable":true,"href":"https:\/\/www.autonvaraosahaku.fi\/index.php?rest_route=%2Fwp%2Fv2%2Fpwb-brand&post=74306"},{"taxonomy":"product_cat","embeddable":true,"href":"https:\/\/www.autonvaraosahaku.fi\/index.php?rest_route=%2Fwp%2Fv2%2Fproduct_cat&post=74306"},{"taxonomy":"product_tag","embeddable":true,"href":"https:\/\/www.autonvaraosahaku.fi\/index.php?rest_route=%2Fwp%2Fv2%2Fproduct_tag&post=74306"}],"curies":[{"name":"wp","href":"https:\/\/api.w.org\/{rel}","templated":true}]}}