{"id":74310,"date":"2021-02-21T19:32:48","date_gmt":"2021-02-21T19:32:48","guid":{"rendered":"https:\/\/www.autonvaraosahaku.fi\/?product=optimal-a-2080g-iskunvaimennin"},"modified":"2021-02-21T19:32:52","modified_gmt":"2021-02-21T19:32:52","slug":"optimal-a-2080g-iskunvaimennin","status":"publish","type":"product","link":"https:\/\/www.autonvaraosahaku.fi\/?product=optimal-a-2080g-iskunvaimennin","title":{"rendered":"OPTIMAL A-2080G Iskunvaimennin"},"content":{"rendered":"<p>Asennuspuoli: Taka-akseli, Oikea, Vasen; Iskunvaimennin tyyppi: Kaasupaine; Iskunvaimennin malli: Vaimennin, jousituella; Iskunvaimennin asennustapa: Silmukka ylh\u00e4\u00e4ll\u00e4, Silmukka alhaalla; Iskunvaimennusj\u00e4rjestelm\u00e4: Kaksiputki; RENAULT: SC\u00c9NIC I JA0\/1_,MEGANE Scenic JA0\/1_; 7700413096, 7700429977, 7701479086, 8200051418, 8200069356, 8200662252; Iskarit,Iskunvaimennin<\/p>\n","protected":false},"excerpt":{"rendered":"<p>OPTIMAL Iskunvaimentimet A-2080G Iskarit,Iskunvaimennin RENAULT,SC\u00c9NIC I JA0\/1_,MEGANE Scenic JA0\/1_<\/p>\n","protected":false},"featured_media":0,"template":"","meta":{"site-sidebar-layout":"default","site-content-layout":"default","ast-global-header-display":"","ast-main-header-display":"","ast-hfb-above-header-display":"","ast-hfb-below-header-display":"","ast-hfb-mobile-header-display":"","site-post-title":"","ast-breadcrumbs-content":"","ast-featured-img":"","footer-sml-layout":"","theme-transparent-header-meta":"","adv-header-id-meta":"","stick-header-meta":"","header-above-stick-meta":"","header-main-stick-meta":"","header-below-stick-meta":""},"pwb-brand":[307],"product_cat":[80],"product_tag":[],"class_list":{"0":"post-74310","1":"product","2":"type-product","3":"status-publish","5":"pwb-brand-optimal","6":"product_cat-iskunvaimennin","7":"desktop-align-left","8":"tablet-align-left","9":"mobile-align-left","11":"first","12":"instock","13":"product-type-external"},"brands":[{"id":307,"name":"OPTIMAL","slug":"optimal"}],"_links":{"self":[{"href":"https:\/\/www.autonvaraosahaku.fi\/index.php?rest_route=\/wp\/v2\/product\/74310","targetHints":{"allow":["GET"]}}],"collection":[{"href":"https:\/\/www.autonvaraosahaku.fi\/index.php?rest_route=\/wp\/v2\/product"}],"about":[{"href":"https:\/\/www.autonvaraosahaku.fi\/index.php?rest_route=\/wp\/v2\/types\/product"}],"wp:attachment":[{"href":"https:\/\/www.autonvaraosahaku.fi\/index.php?rest_route=%2Fwp%2Fv2%2Fmedia&parent=74310"}],"wp:term":[{"taxonomy":"pwb-brand","embeddable":true,"href":"https:\/\/www.autonvaraosahaku.fi\/index.php?rest_route=%2Fwp%2Fv2%2Fpwb-brand&post=74310"},{"taxonomy":"product_cat","embeddable":true,"href":"https:\/\/www.autonvaraosahaku.fi\/index.php?rest_route=%2Fwp%2Fv2%2Fproduct_cat&post=74310"},{"taxonomy":"product_tag","embeddable":true,"href":"https:\/\/www.autonvaraosahaku.fi\/index.php?rest_route=%2Fwp%2Fv2%2Fproduct_tag&post=74310"}],"curies":[{"name":"wp","href":"https:\/\/api.w.org\/{rel}","templated":true}]}}